{"id":1224,"date":"2025-03-29T03:20:21","date_gmt":"2025-03-29T03:20:21","guid":{"rendered":"https:\/\/fraxenofficial.com\/?page_id=1224"},"modified":"2025-04-01T10:34:18","modified_gmt":"2025-04-01T10:34:18","slug":"oem-odm","status":"publish","type":"page","link":"https:\/\/fraxenofficial.com\/es\/oem-odm\/","title":{"rendered":"OEM Y ODM"},"content":{"rendered":"<div data-elementor-type=\"wp-page\" data-elementor-id=\"1224\" class=\"elementor elementor-1224\" data-elementor-post-type=\"page\">\n\t\t\t\t<div class=\"wd-negative-gap elementor-element elementor-element-36b35153 e-flex e-con-boxed e-con e-parent\" data-id=\"36b35153\" data-element_type=\"container\" data-e-type=\"container\">\n\t\t\t\t\t<div class=\"e-con-inner\">\n\t\t<div class=\"elementor-element elementor-element-33e94ad e-con-full e-flex e-con e-child\" data-id=\"33e94ad\" data-element_type=\"container\" data-e-type=\"container\">\n\t\t\t\t<div class=\"elementor-element elementor-element-5b54c4d5 color-scheme-inherit text-left elementor-widget elementor-widget-text-editor\" data-id=\"5b54c4d5\" data-element_type=\"widget\" data-e-type=\"widget\" data-widget_type=\"text-editor.default\">\n\t\t\t\t<div class=\"elementor-widget-container\">\n\t\t\t\t\t\t\t\t\t\n<p><strong>En FRAXEN LAB, ofrecemos servicios OEM y ODM selectos para clientes que buscan soluciones personalizadas de alta calidad en el sector del cuidado del autom\u00f3vil. Aunque esta no es nuestra actividad principal, apoyamos asociaciones estrat\u00e9gicas con distribuidores y marcas que requieren formulaciones a medida o etiquetado privado.<\/strong><\/p>\n\n<p><strong>Para los clientes OEM, ofrecemos un proceso racionalizado, desde la selecci\u00f3n del envase y la adaptaci\u00f3n de la etiqueta hasta el llenado y la producci\u00f3n a granel. Nuestros sistemas internos de control de calidad garantizan que cada lote cumpla las normas mundiales de seguridad y uniformidad.<\/strong><\/p>\n\n<p><strong>Para proyectos ODM, ofrecemos modificaciones b\u00e1sicas de la formulaci\u00f3n y personalizaci\u00f3n de fragancias basadas en plantillas de productos existentes. Esto permite a los clientes diferenciar su marca sin empezar de cero, lo que reduce el plazo de entrega y el coste de desarrollo.<\/strong><\/p>\n\n<p><strong>Debido a nuestra capacidad limitada y a nuestro compromiso con la calidad, los pedidos OEM\/ODM se eval\u00faan caso por caso. Damos prioridad a las asociaciones a largo plazo y a la exclusividad regional, garantizando una cooperaci\u00f3n estable y el apoyo del mercado a cada cliente.<\/strong><\/p>\n\t\t\t\t\t\t\t\t<\/div>\n\t\t\t\t<\/div>\n\t\t\t\t<\/div>\n\t\t<div class=\"elementor-element elementor-element-ed3eaef e-con-full e-flex e-con e-child\" data-id=\"ed3eaef\" data-element_type=\"container\" data-e-type=\"container\">\n\t\t\t\t<div class=\"elementor-element elementor-element-d12607e elementor-widget elementor-widget-wd_image_or_svg\" data-id=\"d12607e\" data-element_type=\"widget\" data-e-type=\"widget\" data-widget_type=\"wd_image_or_svg.default\">\n\t\t\t\t<div class=\"elementor-widget-container\">\n\t\t\t\t\t\n\t\t<div class=\"wd-image text-left\">\n\t\t\t\t\t\t\t\t<img fetchpriority=\"high\" decoding=\"async\" width=\"852\" height=\"568\" src=\"https:\/\/fraxenofficial.com\/wp-content\/uploads\/2025\/04\/about-us-2.webp\" class=\"attachment-full size-full\" alt=\"\" srcset=\"https:\/\/fraxenofficial.com\/wp-content\/uploads\/2025\/04\/about-us-2.webp 852w, https:\/\/fraxenofficial.com\/wp-content\/uploads\/2025\/04\/about-us-2-300x200.webp 300w, https:\/\/fraxenofficial.com\/wp-content\/uploads\/2025\/04\/about-us-2-768x512.webp 768w, https:\/\/fraxenofficial.com\/wp-content\/uploads\/2025\/04\/about-us-2-150x100.webp 150w\" sizes=\"(max-width: 852px) 100vw, 852px\" \/>\t\t\t\t\t<\/div>\n\n\t\t\t\t\t\t<\/div>\n\t\t\t\t<\/div>\n\t\t\t\t<\/div>\n\t\t\t\t\t<\/div>\n\t\t\t\t<\/div>\n\t\t\t\t<\/div>","protected":false},"excerpt":{"rendered":"<p>At FRAXEN LAB, we offer select OEM and ODM services for clients seeking high-quality, customized solutions in the automotive care<\/p>","protected":false},"author":1,"featured_media":0,"parent":0,"menu_order":0,"comment_status":"closed","ping_status":"closed","template":"","meta":{"footnotes":""},"class_list":["post-1224","page","type-page","status-publish","hentry"],"_links":{"self":[{"href":"https:\/\/fraxenofficial.com\/es\/wp-json\/wp\/v2\/pages\/1224","targetHints":{"allow":["GET"]}}],"collection":[{"href":"https:\/\/fraxenofficial.com\/es\/wp-json\/wp\/v2\/pages"}],"about":[{"href":"https:\/\/fraxenofficial.com\/es\/wp-json\/wp\/v2\/types\/page"}],"author":[{"embeddable":true,"href":"https:\/\/fraxenofficial.com\/es\/wp-json\/wp\/v2\/users\/1"}],"replies":[{"embeddable":true,"href":"https:\/\/fraxenofficial.com\/es\/wp-json\/wp\/v2\/comments?post=1224"}],"version-history":[{"count":0,"href":"https:\/\/fraxenofficial.com\/es\/wp-json\/wp\/v2\/pages\/1224\/revisions"}],"wp:attachment":[{"href":"https:\/\/fraxenofficial.com\/es\/wp-json\/wp\/v2\/media?parent=1224"}],"curies":[{"name":"wp","href":"https:\/\/api.w.org\/{rel}","templated":true}]}}