{"id":1315,"date":"2025-04-01T10:21:14","date_gmt":"2025-04-01T10:21:14","guid":{"rendered":"https:\/\/fraxenofficial.com\/?page_id=1315"},"modified":"2025-04-01T10:22:54","modified_gmt":"2025-04-01T10:22:54","slug":"brand-story","status":"publish","type":"page","link":"https:\/\/fraxenofficial.com\/es\/brand-story\/","title":{"rendered":"Historia de una marca"},"content":{"rendered":"<div data-elementor-type=\"wp-page\" data-elementor-id=\"1315\" class=\"elementor elementor-1315\" data-elementor-post-type=\"page\">\n\t\t\t\t<div class=\"wd-negative-gap elementor-element elementor-element-43c82f5b e-flex e-con-boxed e-con e-parent\" data-id=\"43c82f5b\" data-element_type=\"container\" data-e-type=\"container\">\n\t\t\t\t\t<div class=\"e-con-inner\">\n\t\t<div class=\"elementor-element elementor-element-901c03a e-con-full e-flex e-con e-child\" data-id=\"901c03a\" data-element_type=\"container\" data-e-type=\"container\">\n\t\t\t\t<div class=\"elementor-element elementor-element-44c5d810 color-scheme-inherit text-left elementor-widget elementor-widget-text-editor\" data-id=\"44c5d810\" data-element_type=\"widget\" data-e-type=\"widget\" data-widget_type=\"text-editor.default\">\n\t\t\t\t<div class=\"elementor-widget-container\">\n\t\t\t\t\t\t\t\t\t<p><strong><b>FRAXEN LAB - Del fl\u00faor a la confianza<\/b><\/strong><\/p><p>Con m\u00e1s de 20 a\u00f1os de experiencia en ingenier\u00eda fluoroqu\u00edmica y producci\u00f3n de refrigerantes de alta pureza, FRAXEN LAB hunde sus ra\u00edces en una de las \u00e1reas m\u00e1s precisas y t\u00e9cnicamente exigentes de la qu\u00edmica moderna.<\/p><p>Nuestra experiencia en el control molecular basado en el fl\u00faor, la estabilidad de las reacciones y la formulaci\u00f3n respetuosa con el medio ambiente nos proporciona una clara ventaja, no s\u00f3lo en la producci\u00f3n, sino tambi\u00e9n en el profundo conocimiento qu\u00edmico.<\/p><p>En la actualidad, ampliamos esta experiencia a\u00a0<strong><b>consumibles de limpieza, mantenimiento y reparaci\u00f3n de autom\u00f3viles<\/b><\/strong>. Nuestro enfoque es diferente: no nos limitamos a mezclar ingredientes -\u00a0<strong><b>dise\u00f1amos la funcionalidad desde el nivel molecular<\/b><\/strong>.<\/p><p>No nos guiamos por las tendencias. Estamos impulsados por la tecnolog\u00eda.<br \/><strong><b>FRAXEN LAB hace visible la qu\u00edmica y tangible la confianza.<\/b><\/strong><\/p>\t\t\t\t\t\t\t\t<\/div>\n\t\t\t\t<\/div>\n\t\t\t\t<\/div>\n\t\t<div class=\"elementor-element elementor-element-3a920c8 e-con-full e-flex e-con e-child\" data-id=\"3a920c8\" data-element_type=\"container\" data-e-type=\"container\">\n\t\t\t\t<div class=\"elementor-element elementor-element-aaaab07 elementor-widget elementor-widget-wd_image_or_svg\" data-id=\"aaaab07\" data-element_type=\"widget\" data-e-type=\"widget\" data-widget_type=\"wd_image_or_svg.default\">\n\t\t\t\t<div class=\"elementor-widget-container\">\n\t\t\t\t\t\n\t\t<div class=\"wd-image text-left\">\n\t\t\t\t\t\t\t\t<img fetchpriority=\"high\" decoding=\"async\" width=\"1000\" height=\"667\" src=\"https:\/\/fraxenofficial.com\/wp-content\/uploads\/2025\/03\/20250329111645.webp\" class=\"attachment-full size-full\" alt=\"\" srcset=\"https:\/\/fraxenofficial.com\/wp-content\/uploads\/2025\/03\/20250329111645.webp 1000w, https:\/\/fraxenofficial.com\/wp-content\/uploads\/2025\/03\/20250329111645-300x200.webp 300w, https:\/\/fraxenofficial.com\/wp-content\/uploads\/2025\/03\/20250329111645-768x512.webp 768w, https:\/\/fraxenofficial.com\/wp-content\/uploads\/2025\/03\/20250329111645-150x100.webp 150w\" sizes=\"(max-width: 1000px) 100vw, 1000px\" \/>\t\t\t\t\t<\/div>\n\n\t\t\t\t\t\t<\/div>\n\t\t\t\t<\/div>\n\t\t\t\t<\/div>\n\t\t\t\t\t<\/div>\n\t\t\t\t<\/div>\n\t\t\t\t<\/div>","protected":false},"excerpt":{"rendered":"<p>FRAXEN LAB \u2014 From Fluorine to Trust With over 20 years of experience in fluorochemical engineering and high-purity refrigerant production,<\/p>","protected":false},"author":1,"featured_media":0,"parent":0,"menu_order":0,"comment_status":"closed","ping_status":"closed","template":"","meta":{"footnotes":""},"class_list":["post-1315","page","type-page","status-publish","hentry"],"_links":{"self":[{"href":"https:\/\/fraxenofficial.com\/es\/wp-json\/wp\/v2\/pages\/1315","targetHints":{"allow":["GET"]}}],"collection":[{"href":"https:\/\/fraxenofficial.com\/es\/wp-json\/wp\/v2\/pages"}],"about":[{"href":"https:\/\/fraxenofficial.com\/es\/wp-json\/wp\/v2\/types\/page"}],"author":[{"embeddable":true,"href":"https:\/\/fraxenofficial.com\/es\/wp-json\/wp\/v2\/users\/1"}],"replies":[{"embeddable":true,"href":"https:\/\/fraxenofficial.com\/es\/wp-json\/wp\/v2\/comments?post=1315"}],"version-history":[{"count":0,"href":"https:\/\/fraxenofficial.com\/es\/wp-json\/wp\/v2\/pages\/1315\/revisions"}],"wp:attachment":[{"href":"https:\/\/fraxenofficial.com\/es\/wp-json\/wp\/v2\/media?parent=1315"}],"curies":[{"name":"wp","href":"https:\/\/api.w.org\/{rel}","templated":true}]}}