{"id":171,"date":"2024-10-25T11:14:50","date_gmt":"2024-10-25T11:14:50","guid":{"rendered":"https:\/\/dummy.xtemos.com\/woodmart2\/makeup-elementor\/?page_id=171"},"modified":"2025-04-07T07:35:13","modified_gmt":"2025-04-07T07:35:13","slug":"about-us","status":"publish","type":"page","link":"https:\/\/fraxenofficial.com\/es\/about-us\/","title":{"rendered":"Qui\u00e9nes somos"},"content":{"rendered":"<div data-elementor-type=\"wp-page\" data-elementor-id=\"171\" class=\"elementor elementor-171\" data-elementor-post-type=\"page\">\n\t\t\t\t<div class=\"wd-negative-gap elementor-element elementor-element-70876f5 e-flex e-con-boxed e-con e-parent\" data-id=\"70876f5\" data-element_type=\"container\" data-e-type=\"container\">\n\t\t\t\t\t<div class=\"e-con-inner\">\n\t\t<div class=\"elementor-element elementor-element-75ce8bf e-con-full e-flex e-con e-child\" data-id=\"75ce8bf\" data-element_type=\"container\" data-e-type=\"container\">\n\t\t\t\t<div class=\"elementor-element elementor-element-9e69f15 wd-width-100 elementor-widget elementor-widget-wd_title\" data-id=\"9e69f15\" data-element_type=\"widget\" data-e-type=\"widget\" data-widget_type=\"wd_title.default\">\n\t\t\t\t<div class=\"elementor-widget-container\">\n\t\t\t\t\t\t\t<div class=\"title-wrapper wd-set-mb reset-last-child wd-title-color-default wd-title-style-default wd-title-size-default text-left\">\n\n\t\t\t\n\t\t\t<div class=\"liner-continer\">\n\t\t\t\t<h3 class=\"woodmart-title-container title wd-fontsize-l\">Qui\u00e9nes somos<\/h3> \n\t\t\t\t\t\t\t<\/div>\n\n\t\t\t\t\t\t\t<div class=\"title-after_title reset-last-child wd-fontsize-xs\">\n\t\t\t\t\t<p>FRAXEN LAB es m\u00e1s que una marca de cuidado del autom\u00f3vil: somos un equipo de ingenieros qu\u00edmicos comprometidos con la redefinici\u00f3n del mantenimiento del autom\u00f3vil. Con sede en China, dise\u00f1amos y fabricamos una amplia gama de productos para el cuidado del autom\u00f3vil, desde limpiadores de precisi\u00f3n para interiores hasta desengrasantes en aerosol de alto rendimiento. Nuestra misi\u00f3n es sencilla: hacer que el cuidado del autom\u00f3vil de primera clase sea accesible, fiable y eficaz para todos.<\/p>\t\t\t\t<\/div>\n\t\t\t\t\t<\/div>\n\t\t\t\t\t\t<\/div>\n\t\t\t\t<\/div>\n\t\t\t\t<\/div>\n\t\t<div class=\"elementor-element elementor-element-a5bf540 e-con-full e-flex e-con e-child\" data-id=\"a5bf540\" data-element_type=\"container\" data-e-type=\"container\">\n\t\t\t\t<div class=\"elementor-element elementor-element-18194a6 elementor-widget elementor-widget-wd_image_or_svg\" data-id=\"18194a6\" data-element_type=\"widget\" data-e-type=\"widget\" data-widget_type=\"wd_image_or_svg.default\">\n\t\t\t\t<div class=\"elementor-widget-container\">\n\t\t\t\t\t\n\t\t<div class=\"wd-image text-left\">\n\t\t\t\t\t\t\t\t<img fetchpriority=\"high\" decoding=\"async\" width=\"842\" height=\"562\" src=\"https:\/\/fraxenofficial.com\/wp-content\/uploads\/2025\/04\/about-us-1.webp\" class=\"attachment-full size-full\" alt=\"\" srcset=\"https:\/\/fraxenofficial.com\/wp-content\/uploads\/2025\/04\/about-us-1.webp 842w, https:\/\/fraxenofficial.com\/wp-content\/uploads\/2025\/04\/about-us-1-300x200.webp 300w, https:\/\/fraxenofficial.com\/wp-content\/uploads\/2025\/04\/about-us-1-768x513.webp 768w, https:\/\/fraxenofficial.com\/wp-content\/uploads\/2025\/04\/about-us-1-150x100.webp 150w\" sizes=\"(max-width: 842px) 100vw, 842px\" \/>\t\t\t\t\t<\/div>\n\n\t\t\t\t\t\t<\/div>\n\t\t\t\t<\/div>\n\t\t\t\t<\/div>\n\t\t\t\t\t<\/div>\n\t\t\t\t<\/div>\n\t\t<div class=\"wd-negative-gap elementor-element elementor-element-a99ea9f e-flex e-con-boxed e-con e-parent\" data-id=\"a99ea9f\" data-element_type=\"container\" data-e-type=\"container\">\n\t\t\t\t\t<div class=\"e-con-inner\">\n\t\t<div class=\"elementor-element elementor-element-bb025b2 e-con-full e-flex e-con e-child\" data-id=\"bb025b2\" data-element_type=\"container\" data-e-type=\"container\">\n\t\t\t\t<div class=\"elementor-element elementor-element-b29819e elementor-widget elementor-widget-wd_image_or_svg\" data-id=\"b29819e\" data-element_type=\"widget\" data-e-type=\"widget\" data-widget_type=\"wd_image_or_svg.default\">\n\t\t\t\t<div class=\"elementor-widget-container\">\n\t\t\t\t\t\n\t\t<div class=\"wd-image text-left\">\n\t\t\t\t\t\t\t\t<img decoding=\"async\" width=\"852\" height=\"568\" src=\"https:\/\/fraxenofficial.com\/wp-content\/uploads\/2025\/04\/about-us-2.webp\" class=\"attachment-full size-full\" alt=\"\" srcset=\"https:\/\/fraxenofficial.com\/wp-content\/uploads\/2025\/04\/about-us-2.webp 852w, https:\/\/fraxenofficial.com\/wp-content\/uploads\/2025\/04\/about-us-2-300x200.webp 300w, https:\/\/fraxenofficial.com\/wp-content\/uploads\/2025\/04\/about-us-2-768x512.webp 768w, https:\/\/fraxenofficial.com\/wp-content\/uploads\/2025\/04\/about-us-2-150x100.webp 150w\" sizes=\"(max-width: 852px) 100vw, 852px\" \/>\t\t\t\t\t<\/div>\n\n\t\t\t\t\t\t<\/div>\n\t\t\t\t<\/div>\n\t\t\t\t<\/div>\n\t\t<div class=\"elementor-element elementor-element-d7b5b89 e-con-full e-flex e-con e-child\" data-id=\"d7b5b89\" data-element_type=\"container\" data-e-type=\"container\">\n\t\t\t\t<div class=\"elementor-element elementor-element-f9ed2d0 wd-width-100 elementor-widget elementor-widget-wd_title\" data-id=\"f9ed2d0\" data-element_type=\"widget\" data-e-type=\"widget\" data-widget_type=\"wd_title.default\">\n\t\t\t\t<div class=\"elementor-widget-container\">\n\t\t\t\t\t\t\t<div class=\"title-wrapper wd-set-mb reset-last-child wd-title-color-default wd-title-style-default wd-title-size-default text-left\">\n\n\t\t\t\n\t\t\t<div class=\"liner-continer\">\n\t\t\t\t<h3 class=\"woodmart-title-container title wd-fontsize-l\">Nuestros or\u00edgenes<\/h3> \n\t\t\t\t\t\t\t<\/div>\n\n\t\t\t\t\t\t\t<div class=\"title-after_title reset-last-child wd-fontsize-xs\">\n\t\t\t\t\t<p>Nuestra trayectoria comenz\u00f3 en la industria fluoroqu\u00edmica y de refrigerantes, donde sentamos nuestras bases en materias primas, estabilidad qu\u00edmica y dise\u00f1o de formulaciones. Reconociendo la falta de productos realmente eficaces y a buen precio en el mercado mundial del cuidado del autom\u00f3vil, lanzamos FRAXEN LAB para llenar ese vac\u00edo, combinando la experiencia industrial con la practicidad del mundo real.<\/p>\t\t\t\t<\/div>\n\t\t\t\t\t<\/div>\n\t\t\t\t\t\t<\/div>\n\t\t\t\t<\/div>\n\t\t\t\t<\/div>\n\t\t\t\t\t<\/div>\n\t\t\t\t<\/div>\n\t\t<div class=\"wd-negative-gap elementor-element elementor-element-e884043 e-flex e-con-boxed e-con e-parent\" data-id=\"e884043\" data-element_type=\"container\" data-e-type=\"container\">\n\t\t\t\t\t<div class=\"e-con-inner\">\n\t\t<div class=\"elementor-element elementor-element-6149ba6 e-con-full e-flex e-con e-child\" data-id=\"6149ba6\" data-element_type=\"container\" data-e-type=\"container\">\n\t\t\t\t<div class=\"elementor-element elementor-element-d7fb3eb wd-width-100 elementor-widget elementor-widget-wd_title\" data-id=\"d7fb3eb\" data-element_type=\"widget\" data-e-type=\"widget\" data-widget_type=\"wd_title.default\">\n\t\t\t\t<div class=\"elementor-widget-container\">\n\t\t\t\t\t\t\t<div class=\"title-wrapper wd-set-mb reset-last-child wd-title-color-default wd-title-style-default wd-title-size-default text-left\">\n\n\t\t\t\n\t\t\t<div class=\"liner-continer\">\n\t\t\t\t<h3 class=\"woodmart-title-container title wd-fontsize-l\">Nuestra tecnolog\u00eda<\/h3> \n\t\t\t\t\t\t\t<\/div>\n\n\t\t\t\t\t\t\t<div class=\"title-after_title reset-last-child wd-fontsize-xs\">\n\t\t\t\t\t<p>La tecnolog\u00eda es la base de todas nuestras innovaciones. Operamos con l\u00edneas de producci\u00f3n automatizadas, guiadas por una mentalidad que da prioridad a la formulaci\u00f3n. Cada producto es el resultado de un profundo trabajo de I+D, probado en condiciones reales de conducci\u00f3n. Nuestro equipo no se limita a crear soluciones: dise\u00f1amos rendimiento, consistencia y confianza para el usuario.<\/p>\t\t\t\t<\/div>\n\t\t\t\t\t<\/div>\n\t\t\t\t\t\t<\/div>\n\t\t\t\t<\/div>\n\t\t\t\t<\/div>\n\t\t<div class=\"elementor-element elementor-element-bb1acec e-con-full e-flex e-con e-child\" data-id=\"bb1acec\" data-element_type=\"container\" data-e-type=\"container\">\n\t\t\t\t<div class=\"elementor-element elementor-element-56ff15c elementor-widget elementor-widget-wd_image_or_svg\" data-id=\"56ff15c\" data-element_type=\"widget\" data-e-type=\"widget\" data-widget_type=\"wd_image_or_svg.default\">\n\t\t\t\t<div class=\"elementor-widget-container\">\n\t\t\t\t\t\n\t\t<div class=\"wd-image text-left\">\n\t\t\t\t\t\t\t\t<img decoding=\"async\" width=\"823\" height=\"549\" src=\"https:\/\/fraxenofficial.com\/wp-content\/uploads\/2025\/04\/about-us-3.webp\" class=\"attachment-full size-full\" alt=\"\" srcset=\"https:\/\/fraxenofficial.com\/wp-content\/uploads\/2025\/04\/about-us-3.webp 823w, https:\/\/fraxenofficial.com\/wp-content\/uploads\/2025\/04\/about-us-3-300x200.webp 300w, https:\/\/fraxenofficial.com\/wp-content\/uploads\/2025\/04\/about-us-3-768x512.webp 768w, https:\/\/fraxenofficial.com\/wp-content\/uploads\/2025\/04\/about-us-3-150x100.webp 150w\" sizes=\"(max-width: 823px) 100vw, 823px\" \/>\t\t\t\t\t<\/div>\n\n\t\t\t\t\t\t<\/div>\n\t\t\t\t<\/div>\n\t\t\t\t<\/div>\n\t\t\t\t\t<\/div>\n\t\t\t\t<\/div>\n\t\t<div class=\"wd-negative-gap elementor-element elementor-element-bf4dd72 e-flex e-con-boxed e-con e-parent\" data-id=\"bf4dd72\" data-element_type=\"container\" data-e-type=\"container\">\n\t\t\t\t\t<div class=\"e-con-inner\">\n\t\t<div class=\"elementor-element elementor-element-100703a e-con-full e-flex e-con e-child\" data-id=\"100703a\" data-element_type=\"container\" data-e-type=\"container\">\n\t\t\t\t<div class=\"elementor-element elementor-element-d10b4af elementor-widget elementor-widget-wd_image_or_svg\" data-id=\"d10b4af\" data-element_type=\"widget\" data-e-type=\"widget\" data-widget_type=\"wd_image_or_svg.default\">\n\t\t\t\t<div class=\"elementor-widget-container\">\n\t\t\t\t\t\n\t\t<div class=\"wd-image text-left\">\n\t\t\t\t\t\t\t\t<img loading=\"lazy\" decoding=\"async\" width=\"842\" height=\"562\" src=\"https:\/\/fraxenofficial.com\/wp-content\/uploads\/2025\/04\/about-us-4.webp\" class=\"attachment-full size-full\" alt=\"\" srcset=\"https:\/\/fraxenofficial.com\/wp-content\/uploads\/2025\/04\/about-us-4.webp 842w, https:\/\/fraxenofficial.com\/wp-content\/uploads\/2025\/04\/about-us-4-300x200.webp 300w, https:\/\/fraxenofficial.com\/wp-content\/uploads\/2025\/04\/about-us-4-768x513.webp 768w, https:\/\/fraxenofficial.com\/wp-content\/uploads\/2025\/04\/about-us-4-150x100.webp 150w\" sizes=\"(max-width: 842px) 100vw, 842px\" \/>\t\t\t\t\t<\/div>\n\n\t\t\t\t\t\t<\/div>\n\t\t\t\t<\/div>\n\t\t\t\t<\/div>\n\t\t<div class=\"elementor-element elementor-element-697fad5 e-con-full e-flex e-con e-child\" data-id=\"697fad5\" data-element_type=\"container\" data-e-type=\"container\">\n\t\t\t\t<div class=\"elementor-element elementor-element-9023205 wd-width-100 elementor-widget elementor-widget-wd_title\" data-id=\"9023205\" data-element_type=\"widget\" data-e-type=\"widget\" data-widget_type=\"wd_title.default\">\n\t\t\t\t<div class=\"elementor-widget-container\">\n\t\t\t\t\t\t\t<div class=\"title-wrapper wd-set-mb reset-last-child wd-title-color-default wd-title-style-default wd-title-size-default text-left\">\n\n\t\t\t\n\t\t\t<div class=\"liner-continer\">\n\t\t\t\t<h3 class=\"woodmart-title-container title wd-fontsize-l\">Nuestra promesa de calidad<\/h3> \n\t\t\t\t\t\t\t<\/div>\n\n\t\t\t\t\t\t\t<div class=\"title-after_title reset-last-child wd-fontsize-xs\">\n\t\t\t\t\t<p>En FRAXEN LAB, la calidad no es una casilla de verificaci\u00f3n: es nuestra promesa de marca. Desde el abastecimiento hasta el env\u00edo, cada etapa se rige por estrictos protocolos de control de calidad. Creemos que cada frasco, cada spray y cada f\u00f3rmula representan nuestro compromiso con la excelencia, y eso se nota en cada resultado.<\/p>\t\t\t\t<\/div>\n\t\t\t\t\t<\/div>\n\t\t\t\t\t\t<\/div>\n\t\t\t\t<\/div>\n\t\t\t\t<\/div>\n\t\t\t\t\t<\/div>\n\t\t\t\t<\/div>\n\t\t\t\t<\/div>","protected":false},"excerpt":{"rendered":"<p>About Us FRAXEN LAB is more than just a car care brand \u2014 we are a chemical engineering-driven team committed<\/p>","protected":false},"author":1,"featured_media":0,"parent":0,"menu_order":0,"comment_status":"closed","ping_status":"closed","template":"","meta":{"footnotes":""},"class_list":["post-171","page","type-page","status-publish","hentry"],"_links":{"self":[{"href":"https:\/\/fraxenofficial.com\/es\/wp-json\/wp\/v2\/pages\/171","targetHints":{"allow":["GET"]}}],"collection":[{"href":"https:\/\/fraxenofficial.com\/es\/wp-json\/wp\/v2\/pages"}],"about":[{"href":"https:\/\/fraxenofficial.com\/es\/wp-json\/wp\/v2\/types\/page"}],"author":[{"embeddable":true,"href":"https:\/\/fraxenofficial.com\/es\/wp-json\/wp\/v2\/users\/1"}],"replies":[{"embeddable":true,"href":"https:\/\/fraxenofficial.com\/es\/wp-json\/wp\/v2\/comments?post=171"}],"version-history":[{"count":3,"href":"https:\/\/fraxenofficial.com\/es\/wp-json\/wp\/v2\/pages\/171\/revisions"}],"predecessor-version":[{"id":1431,"href":"https:\/\/fraxenofficial.com\/es\/wp-json\/wp\/v2\/pages\/171\/revisions\/1431"}],"wp:attachment":[{"href":"https:\/\/fraxenofficial.com\/es\/wp-json\/wp\/v2\/media?parent=171"}],"curies":[{"name":"wp","href":"https:\/\/api.w.org\/{rel}","templated":true}]}}