{"id":983,"date":"2025-03-25T02:50:34","date_gmt":"2025-03-25T02:50:34","guid":{"rendered":"https:\/\/fraxenofficial.com\/?page_id=983"},"modified":"2025-05-27T07:40:12","modified_gmt":"2025-05-27T07:40:12","slug":"factory-overview","status":"publish","type":"page","link":"https:\/\/fraxenofficial.com\/es\/factory-overview\/","title":{"rendered":"Vista general de la f\u00e1brica"},"content":{"rendered":"<div data-elementor-type=\"wp-page\" data-elementor-id=\"983\" class=\"elementor elementor-983\" data-elementor-post-type=\"page\">\n\t\t\t\t<div class=\"wd-negative-gap elementor-element elementor-element-424b1267 e-flex e-con-boxed e-con e-parent\" data-id=\"424b1267\" data-element_type=\"container\" data-e-type=\"container\">\n\t\t\t\t\t<div class=\"e-con-inner\">\n\t\t\t\t<div class=\"elementor-element elementor-element-1140b814 color-scheme-inherit text-left elementor-widget elementor-widget-text-editor\" data-id=\"1140b814\" data-element_type=\"widget\" data-e-type=\"widget\" data-widget_type=\"text-editor.default\">\n\t\t\t\t<div class=\"elementor-widget-container\">\n\t\t\t\t\t\t\t\t\t<h1><strong><b>\ud83c\udde8\ud83c\uddf3 Instalaciones nacionales - China<\/b><\/strong><\/h1><h2>Base de llenado y procesado de aerosoles para refrigerantes y productos de automoci\u00f3n<\/h2><p>En China, FRAXEN LAB aprovecha una red de socios de producci\u00f3n de confianza y colaboraciones a largo plazo con fabricantes de equipos originales para garantizar una producci\u00f3n constante y de alta capacidad en las categor\u00edas clave:<\/p><ul><li>Llenado de refrigerantes: Cubrimos los refrigerantes R134a, R1234yf, R600a y otras mezclas convencionales, con una purificaci\u00f3n rigurosa y capacidad de llenado a gran escala.<\/li><li>Aerosoles para automoci\u00f3n:Incluidos limpiadores, lubricantes y espumas de mantenimiento, producidos mediante avanzadas l\u00edneas de llenado de aerosoles y l\u00edquidos.<\/li><li>Servicios integrados: Soporte para envasado personalizado, etiquetado, formulaci\u00f3n y producci\u00f3n multiformato para clientes OEM\/ODM globales.<\/li><\/ul><p>Esta red nacional constituye la espina dorsal de nuestra cadena de suministro flexible y eficaz, que permite responder con rapidez a las demandas del mercado, manteniendo al mismo tiempo un estricto control de calidad.<\/p><h1><strong><b>\ud83c\uddf0\ud83c\udded Mecanismo de Ultramar - Camboya<\/b><\/strong><\/h1><h2>Svay Rieng - Industria fluoroqu\u00edmica y centro mundial de llenado<\/h2><p>Nuestras instalaciones en Camboya desempe\u00f1an un papel clave en las operaciones ascendentes y de exportaci\u00f3n:<\/p><ul><li>Desarrollo de materias primas fluoroqu\u00edmicas: Incluidos los proyectos en curso en HF y l\u00edneas de suministro relacionadas.<\/li><li>Llenado in situ para exportaci\u00f3n: Equipado con l\u00edneas multiformato para refrigerantes y productos de automoci\u00f3n.<\/li><li>Ubicaci\u00f3n log\u00edstica estrat\u00e9gica: Adyacente a Vietnam y a s\u00f3lo dos horas del puerto de Ho Chi Minh, ofrece ventajas en costes y tarifas para clientes de la ASEAN y de todo el mundo.<\/li><\/ul><p>Al combinar el control de los materiales en las fases iniciales y el acceso log\u00edstico global, estas instalaciones mejoran la resistencia de la cadena de suministro y la capacidad de respuesta de los mercados internacionales.<\/p><p>\u00a0<\/p>\t\t\t\t\t\t\t\t<\/div>\n\t\t\t\t<\/div>\n\t\t<div class=\"elementor-element elementor-element-cdc2d9b e-con-full e-flex e-con e-child\" data-id=\"cdc2d9b\" data-element_type=\"container\" data-e-type=\"container\">\n\t\t\t\t<div class=\"elementor-element elementor-element-405667f wd-width-100 elementor-widget elementor-widget-wd_images_gallery\" data-id=\"405667f\" data-element_type=\"widget\" data-e-type=\"widget\" data-widget_type=\"wd_images_gallery.default\">\n\t\t\t\t<div class=\"elementor-widget-container\">\n\t\t\t\t\t\t\t<div class=\"wd-images-gallery photoswipe-images wd-carousel-container\" style=\"--wd-align-items:center; --wd-justify-content:center;\">\n\t\t\t\t\t\t\t<div class=\"wd-carousel-inner\">\n\t\t\t\t\t\t<div class=\"wd-carousel wd-grid\" data-scroll_per_page=\"yes\" style=\"--wd-col-lg:4;--wd-col-md:4;--wd-col-sm:1;--wd-gap-lg:10px;\">\n\t\t\t\t\t\t\t\t\t<div class=\"wd-carousel-wrap\">\n\t\t\t\t\t\t\t\t\t\t\t\t\t\t\t\t\t\t<div class=\"wd-gallery-item wd-carousel-item\">\n\t\t\t\t\t\t\t\t\t\t\t\t\t<a  href=\"https:\/\/fraxenofficial.com\/wp-content\/uploads\/2025\/03\/1.webp\" data-width=\"800\" data-height=\"800\" data-index=\"1\" data-elementor-open-lightbox=\"no\">\n\t\t\t\t\t\t\n\t\t\t\t\t\t<img fetchpriority=\"high\" decoding=\"async\" width=\"768\" height=\"768\" src=\"https:\/\/fraxenofficial.com\/wp-content\/uploads\/2025\/03\/1-768x768.webp\" class=\"attachment-medium_large size-medium_large\" alt=\"1\" srcset=\"https:\/\/fraxenofficial.com\/wp-content\/uploads\/2025\/03\/1-768x768.webp 768w, https:\/\/fraxenofficial.com\/wp-content\/uploads\/2025\/03\/1-300x300.webp 300w, https:\/\/fraxenofficial.com\/wp-content\/uploads\/2025\/03\/1-150x150.webp 150w, https:\/\/fraxenofficial.com\/wp-content\/uploads\/2025\/03\/1-600x600.webp 600w, https:\/\/fraxenofficial.com\/wp-content\/uploads\/2025\/03\/1.webp 800w\" sizes=\"(max-width: 768px) 100vw, 768px\" \/>\n\t\t\t\t\t\t\t\t\t\t\t\t\t<\/a>\n\t\t\t\t\t\t\t\t\t\t\t<\/div>\n\t\t\t\t\t\t\t\t\t\t\t\t\t\t\t<div class=\"wd-gallery-item wd-carousel-item\">\n\t\t\t\t\t\t\t\t\t\t\t\t\t<a  href=\"https:\/\/fraxenofficial.com\/wp-content\/uploads\/2025\/03\/18.webp\" data-width=\"800\" data-height=\"800\" data-index=\"2\" data-elementor-open-lightbox=\"no\">\n\t\t\t\t\t\t\n\t\t\t\t\t\t<img decoding=\"async\" width=\"768\" height=\"768\" src=\"https:\/\/fraxenofficial.com\/wp-content\/uploads\/2025\/03\/18-768x768.webp\" class=\"attachment-medium_large size-medium_large\" alt=\"18\" srcset=\"https:\/\/fraxenofficial.com\/wp-content\/uploads\/2025\/03\/18-768x768.webp 768w, https:\/\/fraxenofficial.com\/wp-content\/uploads\/2025\/03\/18-300x300.webp 300w, https:\/\/fraxenofficial.com\/wp-content\/uploads\/2025\/03\/18-150x150.webp 150w, https:\/\/fraxenofficial.com\/wp-content\/uploads\/2025\/03\/18-600x600.webp 600w, https:\/\/fraxenofficial.com\/wp-content\/uploads\/2025\/03\/18.webp 800w\" sizes=\"(max-width: 768px) 100vw, 768px\" \/>\n\t\t\t\t\t\t\t\t\t\t\t\t\t<\/a>\n\t\t\t\t\t\t\t\t\t\t\t<\/div>\n\t\t\t\t\t\t\t\t\t\t\t\t\t\t\t<div class=\"wd-gallery-item wd-carousel-item\">\n\t\t\t\t\t\t\t\t\t\t\t\t\t<a  href=\"https:\/\/fraxenofficial.com\/wp-content\/uploads\/2025\/03\/17.webp\" data-width=\"800\" data-height=\"800\" data-index=\"3\" data-elementor-open-lightbox=\"no\">\n\t\t\t\t\t\t\n\t\t\t\t\t\t<img decoding=\"async\" width=\"768\" height=\"768\" src=\"https:\/\/fraxenofficial.com\/wp-content\/uploads\/2025\/03\/17-768x768.webp\" class=\"attachment-medium_large size-medium_large\" alt=\"17\" srcset=\"https:\/\/fraxenofficial.com\/wp-content\/uploads\/2025\/03\/17-768x768.webp 768w, https:\/\/fraxenofficial.com\/wp-content\/uploads\/2025\/03\/17-300x300.webp 300w, https:\/\/fraxenofficial.com\/wp-content\/uploads\/2025\/03\/17-150x150.webp 150w, https:\/\/fraxenofficial.com\/wp-content\/uploads\/2025\/03\/17-600x600.webp 600w, https:\/\/fraxenofficial.com\/wp-content\/uploads\/2025\/03\/17.webp 800w\" sizes=\"(max-width: 768px) 100vw, 768px\" \/>\n\t\t\t\t\t\t\t\t\t\t\t\t\t<\/a>\n\t\t\t\t\t\t\t\t\t\t\t<\/div>\n\t\t\t\t\t\t\t\t\t\t\t\t\t\t\t<div class=\"wd-gallery-item wd-carousel-item\">\n\t\t\t\t\t\t\t\t\t\t\t\t\t<a  href=\"https:\/\/fraxenofficial.com\/wp-content\/uploads\/2025\/03\/16.webp\" data-width=\"800\" data-height=\"800\" data-index=\"4\" data-elementor-open-lightbox=\"no\">\n\t\t\t\t\t\t\n\t\t\t\t\t\t<img loading=\"lazy\" decoding=\"async\" width=\"768\" height=\"768\" src=\"https:\/\/fraxenofficial.com\/wp-content\/uploads\/2025\/03\/16-768x768.webp\" class=\"attachment-medium_large size-medium_large\" alt=\"16\" srcset=\"https:\/\/fraxenofficial.com\/wp-content\/uploads\/2025\/03\/16-768x768.webp 768w, https:\/\/fraxenofficial.com\/wp-content\/uploads\/2025\/03\/16-300x300.webp 300w, https:\/\/fraxenofficial.com\/wp-content\/uploads\/2025\/03\/16-150x150.webp 150w, https:\/\/fraxenofficial.com\/wp-content\/uploads\/2025\/03\/16-600x600.webp 600w, https:\/\/fraxenofficial.com\/wp-content\/uploads\/2025\/03\/16.webp 800w\" sizes=\"(max-width: 768px) 100vw, 768px\" \/>\n\t\t\t\t\t\t\t\t\t\t\t\t\t<\/a>\n\t\t\t\t\t\t\t\t\t\t\t<\/div>\n\t\t\t\t\t\t\t\t\t\t\t\t\t\t\t<div class=\"wd-gallery-item wd-carousel-item\">\n\t\t\t\t\t\t\t\t\t\t\t\t\t<a  href=\"https:\/\/fraxenofficial.com\/wp-content\/uploads\/2025\/03\/15.webp\" data-width=\"800\" data-height=\"800\" data-index=\"5\" data-elementor-open-lightbox=\"no\">\n\t\t\t\t\t\t\n\t\t\t\t\t\t<img loading=\"lazy\" decoding=\"async\" width=\"768\" height=\"768\" src=\"https:\/\/fraxenofficial.com\/wp-content\/uploads\/2025\/03\/15-768x768.webp\" class=\"attachment-medium_large size-medium_large\" alt=\"15\" srcset=\"https:\/\/fraxenofficial.com\/wp-content\/uploads\/2025\/03\/15-768x768.webp 768w, https:\/\/fraxenofficial.com\/wp-content\/uploads\/2025\/03\/15-300x300.webp 300w, https:\/\/fraxenofficial.com\/wp-content\/uploads\/2025\/03\/15-150x150.webp 150w, https:\/\/fraxenofficial.com\/wp-content\/uploads\/2025\/03\/15-600x600.webp 600w, https:\/\/fraxenofficial.com\/wp-content\/uploads\/2025\/03\/15.webp 800w\" sizes=\"(max-width: 768px) 100vw, 768px\" \/>\n\t\t\t\t\t\t\t\t\t\t\t\t\t<\/a>\n\t\t\t\t\t\t\t\t\t\t\t<\/div>\n\t\t\t\t\t\t\t\t\t\t\t\t\t\t\t<div class=\"wd-gallery-item wd-carousel-item\">\n\t\t\t\t\t\t\t\t\t\t\t\t\t<a  href=\"https:\/\/fraxenofficial.com\/wp-content\/uploads\/2025\/03\/14.webp\" data-width=\"800\" data-height=\"800\" data-index=\"6\" data-elementor-open-lightbox=\"no\">\n\t\t\t\t\t\t\n\t\t\t\t\t\t<img loading=\"lazy\" decoding=\"async\" width=\"768\" height=\"768\" src=\"https:\/\/fraxenofficial.com\/wp-content\/uploads\/2025\/03\/14-768x768.webp\" class=\"attachment-medium_large size-medium_large\" alt=\"14\" srcset=\"https:\/\/fraxenofficial.com\/wp-content\/uploads\/2025\/03\/14-768x768.webp 768w, https:\/\/fraxenofficial.com\/wp-content\/uploads\/2025\/03\/14-300x300.webp 300w, https:\/\/fraxenofficial.com\/wp-content\/uploads\/2025\/03\/14-150x150.webp 150w, https:\/\/fraxenofficial.com\/wp-content\/uploads\/2025\/03\/14-600x600.webp 600w, https:\/\/fraxenofficial.com\/wp-content\/uploads\/2025\/03\/14.webp 800w\" sizes=\"(max-width: 768px) 100vw, 768px\" \/>\n\t\t\t\t\t\t\t\t\t\t\t\t\t<\/a>\n\t\t\t\t\t\t\t\t\t\t\t<\/div>\n\t\t\t\t\t\t\t\t\t\t\t\t\t\t\t<div class=\"wd-gallery-item wd-carousel-item\">\n\t\t\t\t\t\t\t\t\t\t\t\t\t<a  href=\"https:\/\/fraxenofficial.com\/wp-content\/uploads\/2025\/03\/13.webp\" data-width=\"800\" data-height=\"800\" data-index=\"7\" data-elementor-open-lightbox=\"no\">\n\t\t\t\t\t\t\n\t\t\t\t\t\t<img loading=\"lazy\" decoding=\"async\" width=\"768\" height=\"768\" src=\"https:\/\/fraxenofficial.com\/wp-content\/uploads\/2025\/03\/13-768x768.webp\" class=\"attachment-medium_large size-medium_large\" alt=\"13\" srcset=\"https:\/\/fraxenofficial.com\/wp-content\/uploads\/2025\/03\/13-768x768.webp 768w, https:\/\/fraxenofficial.com\/wp-content\/uploads\/2025\/03\/13-300x300.webp 300w, https:\/\/fraxenofficial.com\/wp-content\/uploads\/2025\/03\/13-150x150.webp 150w, https:\/\/fraxenofficial.com\/wp-content\/uploads\/2025\/03\/13-600x600.webp 600w, https:\/\/fraxenofficial.com\/wp-content\/uploads\/2025\/03\/13.webp 800w\" sizes=\"(max-width: 768px) 100vw, 768px\" \/>\n\t\t\t\t\t\t\t\t\t\t\t\t\t<\/a>\n\t\t\t\t\t\t\t\t\t\t\t<\/div>\n\t\t\t\t\t\t\t\t\t\t\t\t\t\t\t<div class=\"wd-gallery-item wd-carousel-item\">\n\t\t\t\t\t\t\t\t\t\t\t\t\t<a  href=\"https:\/\/fraxenofficial.com\/wp-content\/uploads\/2025\/03\/12.webp\" data-width=\"800\" data-height=\"800\" data-index=\"8\" data-elementor-open-lightbox=\"no\">\n\t\t\t\t\t\t\n\t\t\t\t\t\t<img loading=\"lazy\" decoding=\"async\" width=\"768\" height=\"768\" src=\"https:\/\/fraxenofficial.com\/wp-content\/uploads\/2025\/03\/12-768x768.webp\" class=\"attachment-medium_large size-medium_large\" alt=\"12\" srcset=\"https:\/\/fraxenofficial.com\/wp-content\/uploads\/2025\/03\/12-768x768.webp 768w, https:\/\/fraxenofficial.com\/wp-content\/uploads\/2025\/03\/12-300x300.webp 300w, https:\/\/fraxenofficial.com\/wp-content\/uploads\/2025\/03\/12-150x150.webp 150w, https:\/\/fraxenofficial.com\/wp-content\/uploads\/2025\/03\/12-600x600.webp 600w, https:\/\/fraxenofficial.com\/wp-content\/uploads\/2025\/03\/12.webp 800w\" sizes=\"(max-width: 768px) 100vw, 768px\" \/>\n\t\t\t\t\t\t\t\t\t\t\t\t\t<\/a>\n\t\t\t\t\t\t\t\t\t\t\t<\/div>\n\t\t\t\t\t\t\t\t\t\t\t\t\t\t\t<div class=\"wd-gallery-item wd-carousel-item\">\n\t\t\t\t\t\t\t\t\t\t\t\t\t<a  href=\"https:\/\/fraxenofficial.com\/wp-content\/uploads\/2025\/03\/10.webp\" data-width=\"800\" data-height=\"800\" data-index=\"9\" data-elementor-open-lightbox=\"no\">\n\t\t\t\t\t\t\n\t\t\t\t\t\t<img loading=\"lazy\" decoding=\"async\" width=\"768\" height=\"768\" src=\"https:\/\/fraxenofficial.com\/wp-content\/uploads\/2025\/03\/10-768x768.webp\" class=\"attachment-medium_large size-medium_large\" alt=\"10\" srcset=\"https:\/\/fraxenofficial.com\/wp-content\/uploads\/2025\/03\/10-768x768.webp 768w, https:\/\/fraxenofficial.com\/wp-content\/uploads\/2025\/03\/10-300x300.webp 300w, https:\/\/fraxenofficial.com\/wp-content\/uploads\/2025\/03\/10-150x150.webp 150w, https:\/\/fraxenofficial.com\/wp-content\/uploads\/2025\/03\/10-600x600.webp 600w, https:\/\/fraxenofficial.com\/wp-content\/uploads\/2025\/03\/10.webp 800w\" sizes=\"(max-width: 768px) 100vw, 768px\" \/>\n\t\t\t\t\t\t\t\t\t\t\t\t\t<\/a>\n\t\t\t\t\t\t\t\t\t\t\t<\/div>\n\t\t\t\t\t\t\t\t\t\t\t\t\t\t\t<div class=\"wd-gallery-item wd-carousel-item\">\n\t\t\t\t\t\t\t\t\t\t\t\t\t<a  href=\"https:\/\/fraxenofficial.com\/wp-content\/uploads\/2025\/03\/9.webp\" data-width=\"800\" data-height=\"800\" data-index=\"10\" data-elementor-open-lightbox=\"no\">\n\t\t\t\t\t\t\n\t\t\t\t\t\t<img loading=\"lazy\" decoding=\"async\" width=\"768\" height=\"768\" src=\"https:\/\/fraxenofficial.com\/wp-content\/uploads\/2025\/03\/9-768x768.webp\" class=\"attachment-medium_large size-medium_large\" alt=\"9\" srcset=\"https:\/\/fraxenofficial.com\/wp-content\/uploads\/2025\/03\/9-768x768.webp 768w, https:\/\/fraxenofficial.com\/wp-content\/uploads\/2025\/03\/9-300x300.webp 300w, https:\/\/fraxenofficial.com\/wp-content\/uploads\/2025\/03\/9-150x150.webp 150w, https:\/\/fraxenofficial.com\/wp-content\/uploads\/2025\/03\/9-600x600.webp 600w, https:\/\/fraxenofficial.com\/wp-content\/uploads\/2025\/03\/9.webp 800w\" sizes=\"(max-width: 768px) 100vw, 768px\" \/>\n\t\t\t\t\t\t\t\t\t\t\t\t\t<\/a>\n\t\t\t\t\t\t\t\t\t\t\t<\/div>\n\t\t\t\t\t\t\t\t\t\t\t\t\t\t\t<div class=\"wd-gallery-item wd-carousel-item\">\n\t\t\t\t\t\t\t\t\t\t\t\t\t<a  href=\"https:\/\/fraxenofficial.com\/wp-content\/uploads\/2025\/03\/8.webp\" data-width=\"800\" data-height=\"800\" data-index=\"11\" data-elementor-open-lightbox=\"no\">\n\t\t\t\t\t\t\n\t\t\t\t\t\t<img loading=\"lazy\" decoding=\"async\" width=\"768\" height=\"768\" src=\"https:\/\/fraxenofficial.com\/wp-content\/uploads\/2025\/03\/8-768x768.webp\" class=\"attachment-medium_large size-medium_large\" alt=\"8\" srcset=\"https:\/\/fraxenofficial.com\/wp-content\/uploads\/2025\/03\/8-768x768.webp 768w, https:\/\/fraxenofficial.com\/wp-content\/uploads\/2025\/03\/8-300x300.webp 300w, https:\/\/fraxenofficial.com\/wp-content\/uploads\/2025\/03\/8-150x150.webp 150w, https:\/\/fraxenofficial.com\/wp-content\/uploads\/2025\/03\/8-600x600.webp 600w, https:\/\/fraxenofficial.com\/wp-content\/uploads\/2025\/03\/8.webp 800w\" sizes=\"(max-width: 768px) 100vw, 768px\" \/>\n\t\t\t\t\t\t\t\t\t\t\t\t\t<\/a>\n\t\t\t\t\t\t\t\t\t\t\t<\/div>\n\t\t\t\t\t\t\t\t\t\t\t\t\t\t\t<div class=\"wd-gallery-item wd-carousel-item\">\n\t\t\t\t\t\t\t\t\t\t\t\t\t<a  href=\"https:\/\/fraxenofficial.com\/wp-content\/uploads\/2025\/03\/7.webp\" data-width=\"800\" data-height=\"800\" data-index=\"12\" data-elementor-open-lightbox=\"no\">\n\t\t\t\t\t\t\n\t\t\t\t\t\t<img loading=\"lazy\" decoding=\"async\" width=\"768\" height=\"768\" src=\"https:\/\/fraxenofficial.com\/wp-content\/uploads\/2025\/03\/7-768x768.webp\" class=\"attachment-medium_large size-medium_large\" alt=\"7\" srcset=\"https:\/\/fraxenofficial.com\/wp-content\/uploads\/2025\/03\/7-768x768.webp 768w, https:\/\/fraxenofficial.com\/wp-content\/uploads\/2025\/03\/7-300x300.webp 300w, https:\/\/fraxenofficial.com\/wp-content\/uploads\/2025\/03\/7-150x150.webp 150w, https:\/\/fraxenofficial.com\/wp-content\/uploads\/2025\/03\/7-600x600.webp 600w, https:\/\/fraxenofficial.com\/wp-content\/uploads\/2025\/03\/7.webp 800w\" sizes=\"(max-width: 768px) 100vw, 768px\" \/>\n\t\t\t\t\t\t\t\t\t\t\t\t\t<\/a>\n\t\t\t\t\t\t\t\t\t\t\t<\/div>\n\t\t\t\t\t\t\t\t\t\t\t\t\t\t\t<div class=\"wd-gallery-item wd-carousel-item\">\n\t\t\t\t\t\t\t\t\t\t\t\t\t<a  href=\"https:\/\/fraxenofficial.com\/wp-content\/uploads\/2025\/03\/6.webp\" data-width=\"800\" data-height=\"800\" data-index=\"13\" data-elementor-open-lightbox=\"no\">\n\t\t\t\t\t\t\n\t\t\t\t\t\t<img loading=\"lazy\" decoding=\"async\" width=\"768\" height=\"768\" src=\"https:\/\/fraxenofficial.com\/wp-content\/uploads\/2025\/03\/6-768x768.webp\" class=\"attachment-medium_large size-medium_large\" alt=\"6\" srcset=\"https:\/\/fraxenofficial.com\/wp-content\/uploads\/2025\/03\/6-768x768.webp 768w, https:\/\/fraxenofficial.com\/wp-content\/uploads\/2025\/03\/6-300x300.webp 300w, https:\/\/fraxenofficial.com\/wp-content\/uploads\/2025\/03\/6-150x150.webp 150w, https:\/\/fraxenofficial.com\/wp-content\/uploads\/2025\/03\/6-600x600.webp 600w, https:\/\/fraxenofficial.com\/wp-content\/uploads\/2025\/03\/6.webp 800w\" sizes=\"(max-width: 768px) 100vw, 768px\" \/>\n\t\t\t\t\t\t\t\t\t\t\t\t\t<\/a>\n\t\t\t\t\t\t\t\t\t\t\t<\/div>\n\t\t\t\t\t\t\t\t\t\t\t\t\t\t\t<div class=\"wd-gallery-item wd-carousel-item\">\n\t\t\t\t\t\t\t\t\t\t\t\t\t<a  href=\"https:\/\/fraxenofficial.com\/wp-content\/uploads\/2025\/03\/5.webp\" data-width=\"800\" data-height=\"800\" data-index=\"14\" data-elementor-open-lightbox=\"no\">\n\t\t\t\t\t\t\n\t\t\t\t\t\t<img loading=\"lazy\" decoding=\"async\" width=\"768\" height=\"768\" src=\"https:\/\/fraxenofficial.com\/wp-content\/uploads\/2025\/03\/5-768x768.webp\" class=\"attachment-medium_large size-medium_large\" alt=\"5\" srcset=\"https:\/\/fraxenofficial.com\/wp-content\/uploads\/2025\/03\/5-768x768.webp 768w, https:\/\/fraxenofficial.com\/wp-content\/uploads\/2025\/03\/5-300x300.webp 300w, https:\/\/fraxenofficial.com\/wp-content\/uploads\/2025\/03\/5-150x150.webp 150w, https:\/\/fraxenofficial.com\/wp-content\/uploads\/2025\/03\/5-600x600.webp 600w, https:\/\/fraxenofficial.com\/wp-content\/uploads\/2025\/03\/5.webp 800w\" sizes=\"(max-width: 768px) 100vw, 768px\" \/>\n\t\t\t\t\t\t\t\t\t\t\t\t\t<\/a>\n\t\t\t\t\t\t\t\t\t\t\t<\/div>\n\t\t\t\t\t\t\t\t\t\t\t\t\t\t\t<div class=\"wd-gallery-item wd-carousel-item\">\n\t\t\t\t\t\t\t\t\t\t\t\t\t<a  href=\"https:\/\/fraxenofficial.com\/wp-content\/uploads\/2025\/03\/4.webp\" data-width=\"800\" data-height=\"800\" data-index=\"15\" data-elementor-open-lightbox=\"no\">\n\t\t\t\t\t\t\n\t\t\t\t\t\t<img loading=\"lazy\" decoding=\"async\" width=\"768\" height=\"768\" src=\"https:\/\/fraxenofficial.com\/wp-content\/uploads\/2025\/03\/4-768x768.webp\" class=\"attachment-medium_large size-medium_large\" alt=\"4\" srcset=\"https:\/\/fraxenofficial.com\/wp-content\/uploads\/2025\/03\/4-768x768.webp 768w, https:\/\/fraxenofficial.com\/wp-content\/uploads\/2025\/03\/4-300x300.webp 300w, https:\/\/fraxenofficial.com\/wp-content\/uploads\/2025\/03\/4-150x150.webp 150w, https:\/\/fraxenofficial.com\/wp-content\/uploads\/2025\/03\/4-600x600.webp 600w, https:\/\/fraxenofficial.com\/wp-content\/uploads\/2025\/03\/4.webp 800w\" sizes=\"(max-width: 768px) 100vw, 768px\" \/>\n\t\t\t\t\t\t\t\t\t\t\t\t\t<\/a>\n\t\t\t\t\t\t\t\t\t\t\t<\/div>\n\t\t\t\t\t\t\t\t\t\t\t\t\t\t\t<div class=\"wd-gallery-item wd-carousel-item\">\n\t\t\t\t\t\t\t\t\t\t\t\t\t<a  href=\"https:\/\/fraxenofficial.com\/wp-content\/uploads\/2025\/03\/3.webp\" data-width=\"800\" data-height=\"800\" data-index=\"16\" data-elementor-open-lightbox=\"no\">\n\t\t\t\t\t\t\n\t\t\t\t\t\t<img loading=\"lazy\" decoding=\"async\" width=\"768\" height=\"768\" src=\"https:\/\/fraxenofficial.com\/wp-content\/uploads\/2025\/03\/3-768x768.webp\" class=\"attachment-medium_large size-medium_large\" alt=\"3\" srcset=\"https:\/\/fraxenofficial.com\/wp-content\/uploads\/2025\/03\/3-768x768.webp 768w, https:\/\/fraxenofficial.com\/wp-content\/uploads\/2025\/03\/3-300x300.webp 300w, https:\/\/fraxenofficial.com\/wp-content\/uploads\/2025\/03\/3-150x150.webp 150w, https:\/\/fraxenofficial.com\/wp-content\/uploads\/2025\/03\/3-600x600.webp 600w, https:\/\/fraxenofficial.com\/wp-content\/uploads\/2025\/03\/3.webp 800w\" sizes=\"(max-width: 768px) 100vw, 768px\" \/>\n\t\t\t\t\t\t\t\t\t\t\t\t\t<\/a>\n\t\t\t\t\t\t\t\t\t\t\t<\/div>\n\t\t\t\t\t\t\t\t\t\t\t\t\t\t\t<div class=\"wd-gallery-item wd-carousel-item\">\n\t\t\t\t\t\t\t\t\t\t\t\t\t<a  href=\"https:\/\/fraxenofficial.com\/wp-content\/uploads\/2025\/03\/2.webp\" data-width=\"800\" data-height=\"800\" data-index=\"17\" data-elementor-open-lightbox=\"no\">\n\t\t\t\t\t\t\n\t\t\t\t\t\t<img loading=\"lazy\" decoding=\"async\" width=\"768\" height=\"768\" src=\"https:\/\/fraxenofficial.com\/wp-content\/uploads\/2025\/03\/2-768x768.webp\" class=\"attachment-medium_large size-medium_large\" alt=\"2\" srcset=\"https:\/\/fraxenofficial.com\/wp-content\/uploads\/2025\/03\/2-768x768.webp 768w, https:\/\/fraxenofficial.com\/wp-content\/uploads\/2025\/03\/2-300x300.webp 300w, https:\/\/fraxenofficial.com\/wp-content\/uploads\/2025\/03\/2-150x150.webp 150w, https:\/\/fraxenofficial.com\/wp-content\/uploads\/2025\/03\/2-600x600.webp 600w, https:\/\/fraxenofficial.com\/wp-content\/uploads\/2025\/03\/2.webp 800w\" sizes=\"(max-width: 768px) 100vw, 768px\" \/>\n\t\t\t\t\t\t\t\t\t\t\t\t\t<\/a>\n\t\t\t\t\t\t\t\t\t\t\t<\/div>\n\t\t\t\t\t\t\t\t\t\t\t\t\t\t\t\t<\/div>\n\t\t\t\t\t\t\t\t<\/div>\n\t\t\t\t\t\t\t\t\t\t\t\t\t\t<div class=\"wd-nav-arrows wd-pos-sep wd-hover-1 wd-icon-1\">\n\t\t\t<div class=\"wd-btn-arrow wd-prev wd-disabled\">\n\t\t\t\t<div class=\"wd-arrow-inner\"><\/div>\n\t\t\t<\/div>\n\t\t\t<div class=\"wd-btn-arrow wd-next\">\n\t\t\t\t<div class=\"wd-arrow-inner\"><\/div>\n\t\t\t<\/div>\n\t\t<\/div>\n\t\t\t\t\t\t\n\t\t\t\t<\/div>\n\n\t\t\t\t\t\t<div class=\"wd-nav-pagin-wrap text-center wd-style-shape wd-hide-md-sm wd-hide-sm\">\n\t\t\t<ul class=\"wd-nav-pagin\"><\/ul>\n\t\t<\/div>\n\t\t\t\t\t\t\t\t\t\t\t<\/div>\n\t\t\t\t\t\t<\/div>\n\t\t\t\t<\/div>\n\t\t\t\t<\/div>\n\t\t\t\t\t<\/div>\n\t\t\t\t<\/div>\n\t\t\t\t<\/div>","protected":false},"excerpt":{"rendered":"<p>\ud83c\udde8\ud83c\uddf3 Domestic Facilities \u00b7 China Aerosol Filling &amp; Processing Base for Refrigerants and Automotive Products In China, FRAXEN LAB leverages<\/p>","protected":false},"author":1,"featured_media":0,"parent":0,"menu_order":0,"comment_status":"closed","ping_status":"closed","template":"","meta":{"footnotes":""},"class_list":["post-983","page","type-page","status-publish","hentry"],"_links":{"self":[{"href":"https:\/\/fraxenofficial.com\/es\/wp-json\/wp\/v2\/pages\/983","targetHints":{"allow":["GET"]}}],"collection":[{"href":"https:\/\/fraxenofficial.com\/es\/wp-json\/wp\/v2\/pages"}],"about":[{"href":"https:\/\/fraxenofficial.com\/es\/wp-json\/wp\/v2\/types\/page"}],"author":[{"embeddable":true,"href":"https:\/\/fraxenofficial.com\/es\/wp-json\/wp\/v2\/users\/1"}],"replies":[{"embeddable":true,"href":"https:\/\/fraxenofficial.com\/es\/wp-json\/wp\/v2\/comments?post=983"}],"version-history":[{"count":3,"href":"https:\/\/fraxenofficial.com\/es\/wp-json\/wp\/v2\/pages\/983\/revisions"}],"predecessor-version":[{"id":1718,"href":"https:\/\/fraxenofficial.com\/es\/wp-json\/wp\/v2\/pages\/983\/revisions\/1718"}],"wp:attachment":[{"href":"https:\/\/fraxenofficial.com\/es\/wp-json\/wp\/v2\/media?parent=983"}],"curies":[{"name":"wp","href":"https:\/\/api.w.org\/{rel}","templated":true}]}}