{"id":1117,"date":"2025-03-25T08:11:05","date_gmt":"2025-03-25T08:11:05","guid":{"rendered":"https:\/\/fraxenofficial.com\/?post_type=product&#038;p=1117"},"modified":"2025-04-30T16:58:20","modified_gmt":"2025-04-30T16:58:20","slug":"aerosol-products-fl-5","status":"publish","type":"product","link":"https:\/\/fraxenofficial.com\/es\/producto\/aerosol-products-fl-5\/","title":{"rendered":"BRILLO DE LOS NEUM\u00c1TICOS"},"content":{"rendered":"<p>TIRE GLOW proporciona un brillo intenso a la vez que protege los neum\u00e1ticos de los rayos UV, las grietas y la oxidaci\u00f3n. Su avanzada f\u00f3rmula de pol\u00edmeros repele el agua, la suciedad y el polvo de los frenos, manteniendo un acabado \"mojado\" durante semanas. No graso y de secado r\u00e1pido, se aplica sin esfuerzo con una esponja o pa\u00f1o, sin rayas ni marcas. Es seguro para todo tipo de gomas, incluidos los revestimientos de llantas blancas y de aleaci\u00f3n. Resiste altas temperaturas y sales de la carretera, ideal para coches, motocicletas o veh\u00edculos recreativos. Sus ingredientes biodegradables y respetuosos con el medio ambiente no da\u00f1an las plantas ni los cursos de agua. Restaura los neum\u00e1ticos descoloridos y previene el envejecimiento prematuro. Agite, aplique y vea c\u00f3mo los neum\u00e1ticos se transforman al instante.<\/p>\n<h4 id=\"wd-e071d9da\" style=\"margin-bottom: var(--wd-tags-mb, 20px); font-style: normal; font-weight: var(--wd-title-font-weight); font-family: Satoshi, Arial, Helvetica, sans-serif; font-size: 18px; text-transform: none; --wd-trans-main: all .25s ease;\">Caracter\u00edsticas<\/h4>\n<ul>\n<li>Restaura el color negro intenso<\/li>\n<li>Acabado brillante de larga duraci\u00f3n<\/li>\n<li>Previene las grietas y la decoloraci\u00f3n<\/li>\n<li>Repele el polvo y la suciedad<\/li>\n<li>Seguro para todos los neum\u00e1ticos<\/li>\n<li>F\u00f3rmula no grasa y antideslizante<\/li>\n<li>F\u00e1cil de pulverizar y limpiar<\/li>\n<li>Mejora el aspecto de los neum\u00e1ticos<\/li>\n<\/ul>","protected":false},"excerpt":{"rendered":"<p>TIRE GLOW utiliza una f\u00f3rmula de brillo altamente eficaz que proporciona instant\u00e1neamente un brillo negro intenso a la superficie del neum\u00e1tico y forma una capa protectora duradera contra la suciedad, los rayos UV y el envejecimiento. Lt hace que los neum\u00e1ticos se ven tan bien como nuevo y prolonga la vida \u00fatil del neum\u00e1tico.<\/p>","protected":false},"featured_media":1118,"comment_status":"open","ping_status":"closed","template":"","meta":[],"product_brand":[],"product_cat":[78,76],"product_tag":[],"class_list":{"0":"post-1117","1":"product","2":"type-product","3":"status-publish","4":"has-post-thumbnail","6":"product_cat-interior-exterior","7":"product_cat-liquids","9":"first","10":"instock","11":"featured","12":"shipping-taxable","13":"product-type-simple"},"_links":{"self":[{"href":"https:\/\/fraxenofficial.com\/es\/wp-json\/wp\/v2\/product\/1117","targetHints":{"allow":["GET"]}}],"collection":[{"href":"https:\/\/fraxenofficial.com\/es\/wp-json\/wp\/v2\/product"}],"about":[{"href":"https:\/\/fraxenofficial.com\/es\/wp-json\/wp\/v2\/types\/product"}],"replies":[{"embeddable":true,"href":"https:\/\/fraxenofficial.com\/es\/wp-json\/wp\/v2\/comments?post=1117"}],"version-history":[{"count":3,"href":"https:\/\/fraxenofficial.com\/es\/wp-json\/wp\/v2\/product\/1117\/revisions"}],"predecessor-version":[{"id":1541,"href":"https:\/\/fraxenofficial.com\/es\/wp-json\/wp\/v2\/product\/1117\/revisions\/1541"}],"wp:featuredmedia":[{"embeddable":true,"href":"https:\/\/fraxenofficial.com\/es\/wp-json\/wp\/v2\/media\/1118"}],"wp:attachment":[{"href":"https:\/\/fraxenofficial.com\/es\/wp-json\/wp\/v2\/media?parent=1117"}],"wp:term":[{"taxonomy":"product_brand","embeddable":true,"href":"https:\/\/fraxenofficial.com\/es\/wp-json\/wp\/v2\/product_brand?post=1117"},{"taxonomy":"product_cat","embeddable":true,"href":"https:\/\/fraxenofficial.com\/es\/wp-json\/wp\/v2\/product_cat?post=1117"},{"taxonomy":"product_tag","embeddable":true,"href":"https:\/\/fraxenofficial.com\/es\/wp-json\/wp\/v2\/product_tag?post=1117"}],"curies":[{"name":"wp","href":"https:\/\/api.w.org\/{rel}","templated":true}]}}