{"id":1120,"date":"2025-03-25T08:11:39","date_gmt":"2025-03-25T08:11:39","guid":{"rendered":"https:\/\/fraxenofficial.com\/?post_type=product&#038;p=1120"},"modified":"2025-04-30T17:00:13","modified_gmt":"2025-04-30T17:00:13","slug":"aerosol-products-fl-6","status":"publish","type":"product","link":"https:\/\/fraxenofficial.com\/es\/producto\/aerosol-products-fl-6\/","title":{"rendered":"REVESTIMIENTO CER\u00c1MICO"},"content":{"rendered":"<p>CERAMIC COATING ofrece una protecci\u00f3n de nivel profesional con una f\u00f3rmula nanocer\u00e1mica que se adhiere permanentemente a las superficies, creando una barrera hidrof\u00f3bica ultradura. Resiste la decoloraci\u00f3n por rayos UV, las manchas qu\u00edmicas, las manchas de agua y los ara\u00f1azos ligeros, al tiempo que mejora la profundidad del brillo. Ideal para pintura de coches, cristales y llantas de aleaci\u00f3n. F\u00e1cil de aplicar: limpiar, curar y pulir para obtener un acabado de espejo. Dura de 9 a 24 meses si se cuida adecuadamente. Sin disolventes, respetuoso con el medio ambiente y seguro para las capas transparentes. Resiste temperaturas extremas y los contaminantes de la carretera. No necesita reaplicaciones, mantiene una limpieza sin esfuerzo y un brillo \"de exposici\u00f3n\". Durabilidad probada en laboratorio. Perfecto para aficionados al bricolaje o profesionales del detallado.<\/p>\n<h4 id=\"wd-e071d9da\" style=\"margin-bottom: var(--wd-tags-mb, 20px); font-style: normal; font-weight: var(--wd-title-font-weight); font-family: Satoshi, Arial, Helvetica, sans-serif; font-size: 18px; text-transform: none; --wd-trans-main: all .25s ease;\">Caracter\u00edsticas<\/h4>\n<ul>\n<li>Forma una capa de cer\u00e1mica duradera<\/li>\n<li>Aumenta el brillo y la profundidad<\/li>\n<li>Repele el agua con perlas<\/li>\n<li>Bloquea los rayos UV y los contaminantes<\/li>\n<li>Uso r\u00e1pido Protecci\u00f3n prolongada<\/li>\n<li>Mantiene la superficie lisa y clara<\/li>\n<li>A\u00f1ade una ligera protecci\u00f3n contra ara\u00f1azos<\/li>\n<li>F\u00e1cil de pulverizar y limpiar<\/li>\n<\/ul>","protected":false},"excerpt":{"rendered":"<p>RECUBRIMIENTO CER\u00c1MICO utilizando la tecnolog\u00eda de nano-cer\u00e1mica, rociado sobre la superficie de la pintura del coche para formar una barrera protectora invisible para proteger la superficie de la pintura, de modo que la pintura del coche tiene un excelente efecto hidr\u00f3fobo, y presenta un efecto espejo como el cristal, sino tambi\u00e9n ampliar significativamente la vida \u00fatil de la pintura del coche .<\/p>","protected":false},"featured_media":1121,"comment_status":"open","ping_status":"closed","template":"","meta":[],"product_brand":[],"product_cat":[78,76],"product_tag":[],"class_list":{"0":"post-1120","1":"product","2":"type-product","3":"status-publish","4":"has-post-thumbnail","6":"product_cat-interior-exterior","7":"product_cat-liquids","9":"first","10":"instock","11":"featured","12":"shipping-taxable","13":"product-type-simple"},"_links":{"self":[{"href":"https:\/\/fraxenofficial.com\/es\/wp-json\/wp\/v2\/product\/1120","targetHints":{"allow":["GET"]}}],"collection":[{"href":"https:\/\/fraxenofficial.com\/es\/wp-json\/wp\/v2\/product"}],"about":[{"href":"https:\/\/fraxenofficial.com\/es\/wp-json\/wp\/v2\/types\/product"}],"replies":[{"embeddable":true,"href":"https:\/\/fraxenofficial.com\/es\/wp-json\/wp\/v2\/comments?post=1120"}],"version-history":[{"count":3,"href":"https:\/\/fraxenofficial.com\/es\/wp-json\/wp\/v2\/product\/1120\/revisions"}],"predecessor-version":[{"id":1636,"href":"https:\/\/fraxenofficial.com\/es\/wp-json\/wp\/v2\/product\/1120\/revisions\/1636"}],"wp:featuredmedia":[{"embeddable":true,"href":"https:\/\/fraxenofficial.com\/es\/wp-json\/wp\/v2\/media\/1121"}],"wp:attachment":[{"href":"https:\/\/fraxenofficial.com\/es\/wp-json\/wp\/v2\/media?parent=1120"}],"wp:term":[{"taxonomy":"product_brand","embeddable":true,"href":"https:\/\/fraxenofficial.com\/es\/wp-json\/wp\/v2\/product_brand?post=1120"},{"taxonomy":"product_cat","embeddable":true,"href":"https:\/\/fraxenofficial.com\/es\/wp-json\/wp\/v2\/product_cat?post=1120"},{"taxonomy":"product_tag","embeddable":true,"href":"https:\/\/fraxenofficial.com\/es\/wp-json\/wp\/v2\/product_tag?post=1120"}],"curies":[{"name":"wp","href":"https:\/\/api.w.org\/{rel}","templated":true}]}}