{"id":1126,"date":"2025-03-25T08:12:46","date_gmt":"2025-03-25T08:12:46","guid":{"rendered":"https:\/\/fraxenofficial.com\/?post_type=product&#038;p=1126"},"modified":"2025-04-30T16:28:43","modified_gmt":"2025-04-30T16:28:43","slug":"aerosol-products-fl-9","status":"publish","type":"product","link":"https:\/\/fraxenofficial.com\/es\/producto\/aerosol-products-fl-9\/","title":{"rendered":"RESTAURADOR DE PL\u00c1STICOS"},"content":{"rendered":"<p>Transforme los pl\u00e1sticos desgastados sin esfuerzo con PLASTIC RESTORER. Su f\u00f3rmula avanzada penetra profundamente para restaurar el color original, eliminar la oxidaci\u00f3n gris y proteger las superficies de los da\u00f1os causados por los rayos UV. Perfecto para molduras de coches, muebles de jard\u00edn, aparatos electr\u00f3nicos y herramientas de pl\u00e1stico. El acabado no graso y sin rayas evita el agrietamiento y mantiene la flexibilidad. Seguro para todo tipo de pl\u00e1sticos, incluyendo superficies recubiertas o texturizadas - sin disolventes, \u00e1cidos o siliconas. Simplemente apl\u00edquelo con un pa\u00f1o de microfibra, deje que se absorba y limpie para obtener resultados instant\u00e1neos. Los ingredientes ecol\u00f3gicos de origen vegetal garantizan la seguridad de ni\u00f1os, mascotas y plantas. Probado en laboratorio para m\u00e1s de 6 meses de protecci\u00f3n duradera.<\/p>\n<h4 id=\"wd-e071d9da\" style=\"margin-bottom: var(--wd-tags-mb, 20px); font-style: normal; font-weight: var(--wd-title-font-weight); font-family: Satoshi, Arial, Helvetica, sans-serif; font-size: 18px; text-transform: none; --wd-trans-main: all .25s ease;\">Caracter\u00edsticas<\/h4>\n<ul>\n<li>Restaura las molduras de pl\u00e1stico descoloridas<\/li>\n<li>Acabado negro intenso<\/li>\n<li>Protecci\u00f3n UV contra la decoloraci\u00f3n<\/li>\n<li>Repele la suciedad<\/li>\n<li>Seguro en todos los pl\u00e1sticos<\/li>\n<li>Resultados suaves y sin rayas<\/li>\n<li>Protecci\u00f3n duradera de las molduras<\/li>\n<li>F\u00e1cil aplicaci\u00f3n con un pa\u00f1o<\/li>\n<\/ul>","protected":false},"excerpt":{"rendered":"<p>PLASTIC RESTORER rejuvenece los pl\u00e1sticos descoloridos y oxidados hasta dejarlos como nuevos, a la vez que proporciona una protecci\u00f3n resistente a los rayos UV. Ideal para interiores de autom\u00f3viles, equipos de exterior y art\u00edculos dom\u00e9sticos. Seguro, ecol\u00f3gico y duradero, reaviva la elasticidad y el color sin productos qu\u00edmicos agresivos.<\/p>","protected":false},"featured_media":1127,"comment_status":"open","ping_status":"closed","template":"","meta":[],"product_brand":[],"product_cat":[78,76,15],"product_tag":[],"class_list":{"0":"post-1126","1":"product","2":"type-product","3":"status-publish","4":"has-post-thumbnail","6":"product_cat-interior-exterior","7":"product_cat-liquids","8":"product_cat-multipurpose","10":"first","11":"instock","12":"featured","13":"shipping-taxable","14":"product-type-simple"},"_links":{"self":[{"href":"https:\/\/fraxenofficial.com\/es\/wp-json\/wp\/v2\/product\/1126","targetHints":{"allow":["GET"]}}],"collection":[{"href":"https:\/\/fraxenofficial.com\/es\/wp-json\/wp\/v2\/product"}],"about":[{"href":"https:\/\/fraxenofficial.com\/es\/wp-json\/wp\/v2\/types\/product"}],"replies":[{"embeddable":true,"href":"https:\/\/fraxenofficial.com\/es\/wp-json\/wp\/v2\/comments?post=1126"}],"version-history":[{"count":3,"href":"https:\/\/fraxenofficial.com\/es\/wp-json\/wp\/v2\/product\/1126\/revisions"}],"predecessor-version":[{"id":1546,"href":"https:\/\/fraxenofficial.com\/es\/wp-json\/wp\/v2\/product\/1126\/revisions\/1546"}],"wp:featuredmedia":[{"embeddable":true,"href":"https:\/\/fraxenofficial.com\/es\/wp-json\/wp\/v2\/media\/1127"}],"wp:attachment":[{"href":"https:\/\/fraxenofficial.com\/es\/wp-json\/wp\/v2\/media?parent=1126"}],"wp:term":[{"taxonomy":"product_brand","embeddable":true,"href":"https:\/\/fraxenofficial.com\/es\/wp-json\/wp\/v2\/product_brand?post=1126"},{"taxonomy":"product_cat","embeddable":true,"href":"https:\/\/fraxenofficial.com\/es\/wp-json\/wp\/v2\/product_cat?post=1126"},{"taxonomy":"product_tag","embeddable":true,"href":"https:\/\/fraxenofficial.com\/es\/wp-json\/wp\/v2\/product_tag?post=1126"}],"curies":[{"name":"wp","href":"https:\/\/api.w.org\/{rel}","templated":true}]}}