{"id":1144,"date":"2025-03-25T08:17:16","date_gmt":"2025-03-25T08:17:16","guid":{"rendered":"https:\/\/fraxenofficial.com\/?post_type=product&#038;p=1144"},"modified":"2025-05-21T06:17:48","modified_gmt":"2025-05-21T06:17:48","slug":"ac-system-cleaner","status":"publish","type":"product","link":"https:\/\/fraxenofficial.com\/es\/producto\/ac-system-cleaner\/","title":{"rendered":"LIMPIADOR DEL SISTEMA DE AC"},"content":{"rendered":"<p>Especialmente formulado para el mantenimiento del aire acondicionado, este limpiador espumoso penetra profundamente en las bobinas del evaporador, conductos y rejillas de ventilaci\u00f3n para disolver la suciedad, el moho y la acumulaci\u00f3n microbiana. Su composici\u00f3n no corrosiva y sin cloro garantiza un uso seguro en componentes de metal, goma y pl\u00e1stico sin da\u00f1ar las piezas sensibles. Basta con pulverizar en la toma de aire o en los conductos de ventilaci\u00f3n, sin necesidad de desmontarlos. Ideal para sistemas de aire acondicionado de autom\u00f3viles, unidades dom\u00e9sticas, neutraliza los olores causados por bacterias y deja un aroma fresco. Respetuoso con el medio ambiente, con ingredientes biodegradables, cumple las normas de seguridad mundiales. Su uso regular mejora la calidad del aire y reduce el consumo de energ\u00eda.<\/p>\n<h4 id=\"wd-e071d9da\" style=\"margin-bottom: var(--wd-tags-mb, 20px); font-style: normal; font-weight: var(--wd-title-font-weight); font-family: Satoshi, Arial, Helvetica, sans-serif; font-size: 18px; text-transform: none; --wd-trans-main: all .25s ease;\">Caracter\u00edsticas<\/h4>\n<ul>\n<li>Poder de limpieza profunda<br \/>\nDesinfecta y elimina olores<br \/>\nF\u00f3rmula de secado r\u00e1pido<br \/>\nEliminaci\u00f3n eficaz del polvo y la suciedad<br \/>\nProtege los componentes de CA<br \/>\nRestaura el flujo de aire fresco<br \/>\nAplicaci\u00f3n f\u00e1cil y c\u00f3moda<br \/>\nAdecuado para varios sistemas<\/li>\n<\/ul>","protected":false},"excerpt":{"rendered":"<p>AC System Cleaner elimina la suciedad, el moho y las bacterias de las unidades de aire acondicionado, mejorando la eficacia de la refrigeraci\u00f3n y el flujo de aire. Es seguro para los sistemas de climatizaci\u00f3n de autom\u00f3viles, hogares y comercios, elimina los olores, previene la corrosi\u00f3n y prolonga la vida \u00fatil de los equipos con una f\u00f3rmula no t\u00f3xica y sin residuos.<\/p>\n<p>&nbsp;<\/p>","protected":false},"featured_media":1145,"comment_status":"open","ping_status":"closed","template":"","meta":[],"product_brand":[],"product_cat":[72,77],"product_tag":[],"class_list":{"0":"post-1144","1":"product","2":"type-product","3":"status-publish","4":"has-post-thumbnail","6":"product_cat-aerosols","7":"product_cat-engine-ac-care","9":"first","10":"instock","11":"featured","12":"shipping-taxable","13":"product-type-simple"},"_links":{"self":[{"href":"https:\/\/fraxenofficial.com\/es\/wp-json\/wp\/v2\/product\/1144","targetHints":{"allow":["GET"]}}],"collection":[{"href":"https:\/\/fraxenofficial.com\/es\/wp-json\/wp\/v2\/product"}],"about":[{"href":"https:\/\/fraxenofficial.com\/es\/wp-json\/wp\/v2\/types\/product"}],"replies":[{"embeddable":true,"href":"https:\/\/fraxenofficial.com\/es\/wp-json\/wp\/v2\/comments?post=1144"}],"version-history":[{"count":3,"href":"https:\/\/fraxenofficial.com\/es\/wp-json\/wp\/v2\/product\/1144\/revisions"}],"predecessor-version":[{"id":1515,"href":"https:\/\/fraxenofficial.com\/es\/wp-json\/wp\/v2\/product\/1144\/revisions\/1515"}],"wp:featuredmedia":[{"embeddable":true,"href":"https:\/\/fraxenofficial.com\/es\/wp-json\/wp\/v2\/media\/1145"}],"wp:attachment":[{"href":"https:\/\/fraxenofficial.com\/es\/wp-json\/wp\/v2\/media?parent=1144"}],"wp:term":[{"taxonomy":"product_brand","embeddable":true,"href":"https:\/\/fraxenofficial.com\/es\/wp-json\/wp\/v2\/product_brand?post=1144"},{"taxonomy":"product_cat","embeddable":true,"href":"https:\/\/fraxenofficial.com\/es\/wp-json\/wp\/v2\/product_cat?post=1144"},{"taxonomy":"product_tag","embeddable":true,"href":"https:\/\/fraxenofficial.com\/es\/wp-json\/wp\/v2\/product_tag?post=1144"}],"curies":[{"name":"wp","href":"https:\/\/api.w.org\/{rel}","templated":true}]}}