{"id":1162,"date":"2025-03-25T08:20:02","date_gmt":"2025-03-25T08:20:02","guid":{"rendered":"https:\/\/fraxenofficial.com\/?post_type=product&#038;p=1162"},"modified":"2025-05-22T03:04:18","modified_gmt":"2025-05-22T03:04:18","slug":"liquid-based-products-fx-709","status":"publish","type":"product","link":"https:\/\/fraxenofficial.com\/es\/producto\/liquid-based-products-fx-709\/","title":{"rendered":"LIMPIADOR DE CARBURADOR"},"content":{"rendered":"<p>Especialmente formulado para hacer frente a la acumulaci\u00f3n obstinada en carburadores, cuerpos de mariposa y sistemas de combustible, este limpiador en aerosol penetra profundamente para romper los residuos engomados, asegurando un flujo de aire suave y una mezcla de combustible precisa. Su acci\u00f3n potente pero no da\u00f1ina protege las juntas t\u00f3ricas, las juntas y los revestimientos sensibles, a la vez que evita la corrosi\u00f3n. Agite, pulverice y deje que disuelva los dep\u00f3sitos, sin necesidad de desmontar ni aclarar. Compatible con gasolina, mezclas de etanol y sistemas diesel. Los disolventes ecol\u00f3gicos de bajo olor garantizan un uso seguro en talleres o garajes dom\u00e9sticos. Mejora el arranque en fr\u00edo, reduce las emisiones y prolonga la vida \u00fatil de los componentes. Adecuado para motores marinos, equipos de jardiner\u00eda y veh\u00edculos antiguos.<\/p>\n<h4 id=\"wd-e071d9da\" style=\"margin-bottom: var(--wd-tags-mb, 20px); font-style: normal; font-weight: var(--wd-title-font-weight); font-family: Satoshi, Arial, Helvetica, sans-serif; font-size: 18px; text-transform: none; --wd-trans-main: all .25s ease;\">Caracter\u00edsticas<\/h4>\n<ul>\n<li>Potente eliminaci\u00f3n de carbono<br \/>\nLimpieza profunda del aceite<br \/>\nDisuelve eficazmente los dep\u00f3sitos de goma de mascar<br \/>\nMejora la eficiencia del combustible<br \/>\nSeguro para inyectores de combustible<br \/>\nFuerte presi\u00f3n de pulverizaci\u00f3n<br \/>\nRestaura el rendimiento del motor<br \/>\nLimpia el sistema del cuerpo del acelerador<\/li>\n<\/ul>","protected":false},"excerpt":{"rendered":"<p>El limpiador de carburadores disuelve el barniz resistente, los dep\u00f3sitos de carb\u00f3n y los residuos de combustible para un rendimiento \u00f3ptimo del motor. Restaura el flujo de combustible, reduce el calado y mejora la eficacia de la combusti\u00f3n. Seguro para componentes de metal, goma y pl\u00e1stico. F\u00f3rmula de secado r\u00e1pido, no corrosiva, ideal para motocicletas, autom\u00f3viles y motores peque\u00f1os.<\/p>","protected":false},"featured_media":1163,"comment_status":"open","ping_status":"closed","template":"","meta":[],"product_brand":[],"product_cat":[72,77],"product_tag":[],"class_list":{"0":"post-1162","1":"product","2":"type-product","3":"status-publish","4":"has-post-thumbnail","6":"product_cat-aerosols","7":"product_cat-engine-ac-care","9":"first","10":"instock","11":"featured","12":"shipping-taxable","13":"product-type-simple"},"_links":{"self":[{"href":"https:\/\/fraxenofficial.com\/es\/wp-json\/wp\/v2\/product\/1162","targetHints":{"allow":["GET"]}}],"collection":[{"href":"https:\/\/fraxenofficial.com\/es\/wp-json\/wp\/v2\/product"}],"about":[{"href":"https:\/\/fraxenofficial.com\/es\/wp-json\/wp\/v2\/types\/product"}],"replies":[{"embeddable":true,"href":"https:\/\/fraxenofficial.com\/es\/wp-json\/wp\/v2\/comments?post=1162"}],"version-history":[{"count":3,"href":"https:\/\/fraxenofficial.com\/es\/wp-json\/wp\/v2\/product\/1162\/revisions"}],"predecessor-version":[{"id":1569,"href":"https:\/\/fraxenofficial.com\/es\/wp-json\/wp\/v2\/product\/1162\/revisions\/1569"}],"wp:featuredmedia":[{"embeddable":true,"href":"https:\/\/fraxenofficial.com\/es\/wp-json\/wp\/v2\/media\/1163"}],"wp:attachment":[{"href":"https:\/\/fraxenofficial.com\/es\/wp-json\/wp\/v2\/media?parent=1162"}],"wp:term":[{"taxonomy":"product_brand","embeddable":true,"href":"https:\/\/fraxenofficial.com\/es\/wp-json\/wp\/v2\/product_brand?post=1162"},{"taxonomy":"product_cat","embeddable":true,"href":"https:\/\/fraxenofficial.com\/es\/wp-json\/wp\/v2\/product_cat?post=1162"},{"taxonomy":"product_tag","embeddable":true,"href":"https:\/\/fraxenofficial.com\/es\/wp-json\/wp\/v2\/product_tag?post=1162"}],"curies":[{"name":"wp","href":"https:\/\/api.w.org\/{rel}","templated":true}]}}