{"id":149,"date":"2024-10-25T11:07:10","date_gmt":"2024-10-25T11:07:10","guid":{"rendered":"https:\/\/dummy.xtemos.com\/woodmart2\/makeup-elementor\/?post_type=product&#038;p=149"},"modified":"2025-04-30T16:54:53","modified_gmt":"2025-04-30T16:54:53","slug":"after-sun-tan-intensifying-moisturizing-lotion","status":"publish","type":"product","link":"https:\/\/fraxenofficial.com\/es\/producto\/after-sun-tan-intensifying-moisturizing-lotion\/","title":{"rendered":"LIMPIADOR DE INTERIORES"},"content":{"rendered":"<p>Interior Cleaner elimina de forma segura la suciedad, la grasa y las manchas de las superficies de cuero, vinilo, pl\u00e1stico, tela y salpicadero. Su f\u00f3rmula de pH equilibrado y no t\u00f3xica evita la decoloraci\u00f3n, el agrietamiento y los residuos, al tiempo que neutraliza los olores. La tecnolog\u00eda de acci\u00f3n espumosa elimina la suciedad sin frotar y los aditivos protectores de los rayos UV protegen contra el da\u00f1o solar. Pulverice directamente, limpie con un pa\u00f1o y disfrute de un acabado sin rayas, sin necesidad de aclarar. Ideal para asientos de coche, tapicer\u00edas, molduras y superficies dom\u00e9sticas. Sus ingredientes biodegradables y respetuosos con el medio ambiente garantizan un uso seguro cerca de ni\u00f1os y mascotas. Seca r\u00e1pidamente, no engrasa y es compatible con asientos calefactados o pantallas t\u00e1ctiles. Restaura el brillo sin siliconas ni parabenos.<\/p>\n<h4 id=\"wd-e071d9da\" style=\"margin-bottom: var(--wd-tags-mb, 20px); font-style: normal; font-weight: var(--wd-title-font-weight); font-family: Satoshi, Arial, Helvetica, sans-serif; font-size: 18px; text-transform: none; --wd-trans-main: all .25s ease;\">Caracter\u00edsticas<\/h4>\n<ul>\n<li>Limpia cuero tejido pl\u00e1stico<\/li>\n<li>Elimina r\u00e1pidamente las manchas profundas<\/li>\n<li>Acabado limpio y sin rayas<\/li>\n<li>Neutraliza los olores al instante<\/li>\n<li>Seguro para el interior de los coches<\/li>\n<li>F\u00f3rmula suave no t\u00f3xica<\/li>\n<li>Restaura la frescura de la superficie<\/li>\n<li>F\u00e1cil de pulverizar y limpiar<\/li>\n<\/ul>","protected":false},"excerpt":{"rendered":"<p>INTERIOR CLEANER presenta una f\u00f3rmula neutra de calidad profesional. Con tecnolog\u00eda de emulsificaci\u00f3n incorporada que penetra r\u00e1pidamente y elimina las manchas dif\u00edciles, dejando los interiores como nuevos. Adecuado para cuero, pl\u00e1stico, tela, superficies de salpicaderos y otros interiores de autom\u00f3viles.<\/p>","protected":false},"featured_media":1532,"comment_status":"open","ping_status":"closed","template":"","meta":[],"product_brand":[],"product_cat":[78,76,15],"product_tag":[],"class_list":{"0":"post-149","1":"product","2":"type-product","3":"status-publish","4":"has-post-thumbnail","6":"product_cat-interior-exterior","7":"product_cat-liquids","8":"product_cat-multipurpose","10":"first","11":"instock","12":"featured","13":"shipping-taxable","14":"product-type-simple"},"_links":{"self":[{"href":"https:\/\/fraxenofficial.com\/es\/wp-json\/wp\/v2\/product\/149","targetHints":{"allow":["GET"]}}],"collection":[{"href":"https:\/\/fraxenofficial.com\/es\/wp-json\/wp\/v2\/product"}],"about":[{"href":"https:\/\/fraxenofficial.com\/es\/wp-json\/wp\/v2\/types\/product"}],"replies":[{"embeddable":true,"href":"https:\/\/fraxenofficial.com\/es\/wp-json\/wp\/v2\/comments?post=149"}],"version-history":[{"count":4,"href":"https:\/\/fraxenofficial.com\/es\/wp-json\/wp\/v2\/product\/149\/revisions"}],"predecessor-version":[{"id":1538,"href":"https:\/\/fraxenofficial.com\/es\/wp-json\/wp\/v2\/product\/149\/revisions\/1538"}],"wp:featuredmedia":[{"embeddable":true,"href":"https:\/\/fraxenofficial.com\/es\/wp-json\/wp\/v2\/media\/1532"}],"wp:attachment":[{"href":"https:\/\/fraxenofficial.com\/es\/wp-json\/wp\/v2\/media?parent=149"}],"wp:term":[{"taxonomy":"product_brand","embeddable":true,"href":"https:\/\/fraxenofficial.com\/es\/wp-json\/wp\/v2\/product_brand?post=149"},{"taxonomy":"product_cat","embeddable":true,"href":"https:\/\/fraxenofficial.com\/es\/wp-json\/wp\/v2\/product_cat?post=149"},{"taxonomy":"product_tag","embeddable":true,"href":"https:\/\/fraxenofficial.com\/es\/wp-json\/wp\/v2\/product_tag?post=149"}],"curies":[{"name":"wp","href":"https:\/\/api.w.org\/{rel}","templated":true}]}}