{"id":1570,"date":"2025-04-30T07:43:46","date_gmt":"2025-04-30T07:43:46","guid":{"rendered":"https:\/\/fraxenofficial.com\/?post_type=product&#038;p=1570"},"modified":"2025-05-22T03:12:39","modified_gmt":"2025-05-22T03:12:39","slug":"aircon-fresh","status":"publish","type":"product","link":"https:\/\/fraxenofficial.com\/es\/producto\/aircon-fresh\/","title":{"rendered":"AirCon Fresh"},"content":{"rendered":"<p><strong>Caracter\u00edsticas<\/strong><\/p>\n<ul>\n<li>Elimina los olores del coche<\/li>\n<li>Fragancia duradera<\/li>\n<li>Elimina el moho de las mascotas<\/li>\n<li>Funciona en todos los veh\u00edculos<\/li>\n<li>Aumenta el confort de conducci\u00f3n<\/li>\n<li>No necesita limpieza<\/li>\n<\/ul>\n<p>&nbsp;<\/p>\n<p><strong>Pasos a seguir<\/strong><\/p>\n<ol>\n<li>Coloque el ambientador en el lado del pasajero o en el suelo del asiento trasero.<\/li>\n<li>Enciende la circulaci\u00f3n de aire, pon el ventilador al m\u00e1ximo y la temperatura baja.<\/li>\n<li>Presione el cabezal de pulverizaci\u00f3n para distribuir uniformemente.<\/li>\n<li>Cerrar puertas y ventanas hasta que finalice la pulverizaci\u00f3n.<\/li>\n<li>Esperar 5 minutos para que haga efecto.<\/li>\n<li>Abra las ventanas, ventile durante 10-15 minutos.<\/li>\n<\/ol>\n<p>&nbsp;<\/p>\n<p><strong>Advertencia de seguridad<\/strong><\/p>\n<ul>\n<li>Mantener fuera del alcance de los ni\u00f1os.<\/li>\n<li>Utilizar en una zona bien ventilada.<\/li>\n<li>Evitar el contacto con los ojos y la piel; aclarar con agua si es necesario.<\/li>\n<li>En caso de ingesti\u00f3n, acuda al m\u00e9dico.<\/li>\n<li>Evite el calor, las chispas y las llamas.<\/li>\n<li>No almacenar a m\u00e1s de 50\u00b0C.<\/li>\n<li>Evite fumar o las llamas abiertas durante 24 horas.<\/li>\n<\/ul>","protected":false},"excerpt":{"rendered":"<p>FRAXEN LAB One-Time AirCon Fresh elimina r\u00e1pida y eficazmente olores como el humo, los olores de mascotas y el moho. Su potente f\u00f3rmula refresca el aire, proporcionando una fragancia duradera y mejorando la experiencia de conducci\u00f3n. Aseg\u00farese de que el aire est\u00e9 bien ventilado y evite su uso prolongado en espacios reducidos.<\/p>","protected":false},"featured_media":1614,"comment_status":"closed","ping_status":"closed","template":"","meta":[],"product_brand":[],"product_cat":[72,78,15],"product_tag":[],"class_list":{"0":"post-1570","1":"product","2":"type-product","3":"status-publish","4":"has-post-thumbnail","6":"product_cat-aerosols","7":"product_cat-interior-exterior","8":"product_cat-multipurpose","10":"first","11":"instock","12":"shipping-taxable","13":"product-type-simple"},"_links":{"self":[{"href":"https:\/\/fraxenofficial.com\/es\/wp-json\/wp\/v2\/product\/1570","targetHints":{"allow":["GET"]}}],"collection":[{"href":"https:\/\/fraxenofficial.com\/es\/wp-json\/wp\/v2\/product"}],"about":[{"href":"https:\/\/fraxenofficial.com\/es\/wp-json\/wp\/v2\/types\/product"}],"replies":[{"embeddable":true,"href":"https:\/\/fraxenofficial.com\/es\/wp-json\/wp\/v2\/comments?post=1570"}],"version-history":[{"count":4,"href":"https:\/\/fraxenofficial.com\/es\/wp-json\/wp\/v2\/product\/1570\/revisions"}],"predecessor-version":[{"id":1652,"href":"https:\/\/fraxenofficial.com\/es\/wp-json\/wp\/v2\/product\/1570\/revisions\/1652"}],"wp:featuredmedia":[{"embeddable":true,"href":"https:\/\/fraxenofficial.com\/es\/wp-json\/wp\/v2\/media\/1614"}],"wp:attachment":[{"href":"https:\/\/fraxenofficial.com\/es\/wp-json\/wp\/v2\/media?parent=1570"}],"wp:term":[{"taxonomy":"product_brand","embeddable":true,"href":"https:\/\/fraxenofficial.com\/es\/wp-json\/wp\/v2\/product_brand?post=1570"},{"taxonomy":"product_cat","embeddable":true,"href":"https:\/\/fraxenofficial.com\/es\/wp-json\/wp\/v2\/product_cat?post=1570"},{"taxonomy":"product_tag","embeddable":true,"href":"https:\/\/fraxenofficial.com\/es\/wp-json\/wp\/v2\/product_tag?post=1570"}],"curies":[{"name":"wp","href":"https:\/\/api.w.org\/{rel}","templated":true}]}}