{"id":1572,"date":"2025-04-30T10:11:49","date_gmt":"2025-04-30T10:11:49","guid":{"rendered":"https:\/\/fraxenofficial.com\/?post_type=product&#038;p=1572"},"modified":"2025-04-30T17:03:33","modified_gmt":"2025-04-30T17:03:33","slug":"underbody-sealant","status":"publish","type":"product","link":"https:\/\/fraxenofficial.com\/es\/producto\/underbody-sealant\/","title":{"rendered":"Sellador de bajos"},"content":{"rendered":"<p><strong>Caracter\u00edsticas<\/strong><\/p>\n<ul>\n<li>Resiste la humedad y las sales<\/li>\n<li>Evita la oxidaci\u00f3n del chasis<\/li>\n<li>Mejora la durabilidad<\/li>\n<li>Ideal para entornos dif\u00edciles<\/li>\n<li>Protecci\u00f3n duradera<\/li>\n<li>Resistente a los golpes<\/li>\n<li>Secado r\u00e1pido f\u00e1cil de aplicar<\/li>\n<li>F\u00f3rmula ecol\u00f3gica y segura<\/li>\n<\/ul>\n<p>&nbsp;<\/p>\n<p><strong>Pasos a seguir<\/strong><\/p>\n<ol>\n<li>Limpie a fondo el chasis para eliminar cualquier resto de aceite, grasa, suciedad y residuos. Utilice un desengrasante o limpiador si es necesario para asegurarse de que la superficie est\u00e1 completamente limpia y seca.<\/li>\n<li>Coloque la pistola de pulverizaci\u00f3n con la armadura del chasis y aj\u00fastela para obtener una pulverizaci\u00f3n fina y uniforme.<\/li>\n<li>Sujete la pistola a una distancia de 6-8 pulgadas del chasis. Roc\u00ede uniformemente sobre todas las partes expuestas, asegurando una cobertura completa. Aplique varias capas finas en lugar de una capa gruesa para mejorar la adherencia.<\/li>\n<li>Deje que el revestimiento se seque durante 20-30 minutos, dejando que se cure de forma natural y forme una capa protectora s\u00f3lida.<\/li>\n<li>Repita el proceso si es necesario para asegurarse de que el chasis est\u00e1 totalmente cubierto y protegido, especialmente en las zonas propensas a un mayor desgaste.<\/li>\n<\/ol>\n<p>&nbsp;<\/p>\n<p><strong><b>Advertencia de seguridad<\/b><\/strong><\/p>\n<ul>\n<li>Mantener fuera del alcance de los ni\u00f1os.<\/li>\n<li>Utilizar en una zona bien ventilada.<\/li>\n<li>Ev\u00edtese el contacto con los ojos y la piel; en caso de contacto, l\u00e1vese inmediata y abundantemente con agua.<\/li>\n<li>En caso de ingesti\u00f3n, acuda inmediatamente al m\u00e9dico.<\/li>\n<li>Evite el calor, las chispas y las llamas.<\/li>\n<li>No almacenar a m\u00e1s de 50\u00b0C.<\/li>\n<\/ul>","protected":false},"excerpt":{"rendered":"<p>FRAXEN LAB Precinto de bajos<strong><b>t<\/b><\/strong>\u00a0presenta una f\u00f3rmula protectora de alto rendimiento dise\u00f1ada espec\u00edficamente para los bajos y los componentes clave del autom\u00f3vil. Su revestimiento duradero resiste eficazmente la humedad, la sal, la corrosi\u00f3n y los impactos, ofreciendo una protecci\u00f3n duradera para evitar la oxidaci\u00f3n y los da\u00f1os en el chasis. Ideal para diversos veh\u00edculos, especialmente los utilizados en entornos dif\u00edciles, ayuda a prolongar la vida \u00fatil del chasis y a mantener el rendimiento general del veh\u00edculo.<\/p>","protected":false},"featured_media":1615,"comment_status":"closed","ping_status":"closed","template":"","meta":[],"product_brand":[],"product_cat":[72,78],"product_tag":[],"class_list":{"0":"post-1572","1":"product","2":"type-product","3":"status-publish","4":"has-post-thumbnail","6":"product_cat-aerosols","7":"product_cat-interior-exterior","9":"first","10":"instock","11":"shipping-taxable","12":"product-type-simple"},"_links":{"self":[{"href":"https:\/\/fraxenofficial.com\/es\/wp-json\/wp\/v2\/product\/1572","targetHints":{"allow":["GET"]}}],"collection":[{"href":"https:\/\/fraxenofficial.com\/es\/wp-json\/wp\/v2\/product"}],"about":[{"href":"https:\/\/fraxenofficial.com\/es\/wp-json\/wp\/v2\/types\/product"}],"replies":[{"embeddable":true,"href":"https:\/\/fraxenofficial.com\/es\/wp-json\/wp\/v2\/comments?post=1572"}],"version-history":[{"count":4,"href":"https:\/\/fraxenofficial.com\/es\/wp-json\/wp\/v2\/product\/1572\/revisions"}],"predecessor-version":[{"id":1654,"href":"https:\/\/fraxenofficial.com\/es\/wp-json\/wp\/v2\/product\/1572\/revisions\/1654"}],"wp:featuredmedia":[{"embeddable":true,"href":"https:\/\/fraxenofficial.com\/es\/wp-json\/wp\/v2\/media\/1615"}],"wp:attachment":[{"href":"https:\/\/fraxenofficial.com\/es\/wp-json\/wp\/v2\/media?parent=1572"}],"wp:term":[{"taxonomy":"product_brand","embeddable":true,"href":"https:\/\/fraxenofficial.com\/es\/wp-json\/wp\/v2\/product_brand?post=1572"},{"taxonomy":"product_cat","embeddable":true,"href":"https:\/\/fraxenofficial.com\/es\/wp-json\/wp\/v2\/product_cat?post=1572"},{"taxonomy":"product_tag","embeddable":true,"href":"https:\/\/fraxenofficial.com\/es\/wp-json\/wp\/v2\/product_tag?post=1572"}],"curies":[{"name":"wp","href":"https:\/\/api.w.org\/{rel}","templated":true}]}}