{"id":1584,"date":"2025-04-30T14:46:42","date_gmt":"2025-04-30T14:46:42","guid":{"rendered":"https:\/\/fraxenofficial.com\/?post_type=product&#038;p=1584"},"modified":"2025-05-23T07:41:36","modified_gmt":"2025-05-23T07:41:36","slug":"fire-retardant-expanding-foam-b1-grade","status":"publish","type":"product","link":"https:\/\/fraxenofficial.com\/es\/producto\/fire-retardant-expanding-foam-b1-grade\/","title":{"rendered":"Espuma expansible ign\u00edfuga (grado B1)"},"content":{"rendered":"<p><strong>Caracter\u00edsticas<\/strong><\/p>\n<ul>\n<li>B1 resistencia al fuego<\/li>\n<li>Se expande r\u00e1pidamente para rellenar huecos<\/li>\n<li>Ign\u00edfugo<\/li>\n<li>Aislamiento t\u00e9rmico y ac\u00fastico<\/li>\n<li>Sellado duradero<\/li>\n<li>Alta resistencia a la compresi\u00f3n<\/li>\n<li>F\u00f3rmula ecol\u00f3gica<\/li>\n<li>Apto para todos los usos<\/li>\n<\/ul>\n<p>&nbsp;<\/p>\n<p><strong>Pasos a seguir<\/strong><\/p>\n<ol>\n<li>Limpie la superficie para eliminar el polvo, la grasa y los residuos.<\/li>\n<li>Agite la lata para garantizar una distribuci\u00f3n uniforme de la espuma.<\/li>\n<li>Apunte la boquilla hacia el hueco y roc\u00ede espuma uniformemente para rellenar el espacio.<\/li>\n<li>Deje que la espuma se expanda y se cure de forma natural.<\/li>\n<li>Recorte el exceso de espuma una vez que se haya endurecido por completo.<\/li>\n<\/ol>\n<p>&nbsp;<\/p>\n<p><strong><b>Advertencia de seguridad<\/b><\/strong><\/p>\n<ul>\n<li>Mantener fuera del alcance de los ni\u00f1os.<\/li>\n<li>Utilizar en una zona bien ventilada.<\/li>\n<li>Ev\u00edtese el contacto con los ojos y la piel; en caso de contacto, l\u00e1vese inmediata y abundantemente con agua.<\/li>\n<li>En caso de ingesti\u00f3n, acuda inmediatamente al m\u00e9dico.<\/li>\n<li>Evite el calor, las chispas y las llamas.<\/li>\n<li>No almacenar a m\u00e1s de 50\u00b0C.<\/li>\n<\/ul>","protected":false},"excerpt":{"rendered":"<p>La espuma expansible ign\u00edfuga FRAXEN LAB (grado B1) est\u00e1 formulada con poliuretano de alto rendimiento para sellar y aislar huecos a la vez que proporciona resistencia al fuego. Esta espuma cumple la norma B1 de resistencia al fuego, impidiendo eficazmente la propagaci\u00f3n de las llamas al tiempo que ofrece excelentes propiedades de expansi\u00f3n y sellado. Rellena huecos en paredes, puertas, ventanas y otras estructuras, proporcionando un aislamiento t\u00e9rmico e impermeable duradero. Ideal para aplicaciones residenciales, industriales y de construcci\u00f3n, tambi\u00e9n ofrece un aislamiento ac\u00fastico y t\u00e9rmico superior, al tiempo que mejora la seguridad contra incendios.<\/p>","protected":false},"featured_media":1618,"comment_status":"closed","ping_status":"closed","template":"","meta":[],"product_brand":[],"product_cat":[72,15],"product_tag":[],"class_list":{"0":"post-1584","1":"product","2":"type-product","3":"status-publish","4":"has-post-thumbnail","6":"product_cat-aerosols","7":"product_cat-multipurpose","9":"first","10":"instock","11":"shipping-taxable","12":"product-type-simple"},"_links":{"self":[{"href":"https:\/\/fraxenofficial.com\/es\/wp-json\/wp\/v2\/product\/1584","targetHints":{"allow":["GET"]}}],"collection":[{"href":"https:\/\/fraxenofficial.com\/es\/wp-json\/wp\/v2\/product"}],"about":[{"href":"https:\/\/fraxenofficial.com\/es\/wp-json\/wp\/v2\/types\/product"}],"replies":[{"embeddable":true,"href":"https:\/\/fraxenofficial.com\/es\/wp-json\/wp\/v2\/comments?post=1584"}],"version-history":[{"count":2,"href":"https:\/\/fraxenofficial.com\/es\/wp-json\/wp\/v2\/product\/1584\/revisions"}],"predecessor-version":[{"id":1661,"href":"https:\/\/fraxenofficial.com\/es\/wp-json\/wp\/v2\/product\/1584\/revisions\/1661"}],"wp:featuredmedia":[{"embeddable":true,"href":"https:\/\/fraxenofficial.com\/es\/wp-json\/wp\/v2\/media\/1618"}],"wp:attachment":[{"href":"https:\/\/fraxenofficial.com\/es\/wp-json\/wp\/v2\/media?parent=1584"}],"wp:term":[{"taxonomy":"product_brand","embeddable":true,"href":"https:\/\/fraxenofficial.com\/es\/wp-json\/wp\/v2\/product_brand?post=1584"},{"taxonomy":"product_cat","embeddable":true,"href":"https:\/\/fraxenofficial.com\/es\/wp-json\/wp\/v2\/product_cat?post=1584"},{"taxonomy":"product_tag","embeddable":true,"href":"https:\/\/fraxenofficial.com\/es\/wp-json\/wp\/v2\/product_tag?post=1584"}],"curies":[{"name":"wp","href":"https:\/\/api.w.org\/{rel}","templated":true}]}}