{"id":1586,"date":"2025-04-30T14:53:33","date_gmt":"2025-04-30T14:53:33","guid":{"rendered":"https:\/\/fraxenofficial.com\/?post_type=product&#038;p=1586"},"modified":"2025-05-22T07:36:40","modified_gmt":"2025-05-22T07:36:40","slug":"spray-paint","status":"publish","type":"product","link":"https:\/\/fraxenofficial.com\/es\/producto\/spray-paint\/","title":{"rendered":"Pintura en spray"},"content":{"rendered":"<p><strong>Caracter\u00edsticas<\/strong><\/p>\n<ul>\n<li>Color uniforme y vibrante<\/li>\n<li>Acabado superficial resistente a los ara\u00f1azos<\/li>\n<li>Impermeable y resistente a la intemperie<\/li>\n<li>F\u00f3rmula en spray de secado r\u00e1pido<\/li>\n<li>Para coches y uso general<\/li>\n<li>Revestimiento liso resistente a la decoloraci\u00f3n<\/li>\n<\/ul>\n<p>&nbsp;<\/p>\n<p><strong>Pasos a seguir<\/strong><\/p>\n<ol>\n<li><b><\/b>Limpie la superficie para eliminar los residuos.<\/li>\n<li>Agite el bote para mezclar la pintura.<\/li>\n<li>Pulverizar uniformemente a 15-20 cm de distancia.<\/li>\n<li>Aplicar capas ligeras, evitando rociar en exceso.<\/li>\n<li>Dejar secar, aplicar m\u00e1s capas si es necesario.<\/li>\n<li>Alise la superficie despu\u00e9s del secado.<\/li>\n<\/ol>\n<p>&nbsp;<\/p>\n<p><strong><b>Advertencia de seguridad<\/b><\/strong><\/p>\n<ul>\n<li>Mantener fuera del alcance de los ni\u00f1os.<\/li>\n<li>Utilizar en una zona bien ventilada.<\/li>\n<li>Evitar el contacto con los ojos y la piel; aclarar si es necesario.<\/li>\n<li>En caso de ingesti\u00f3n, acuda al m\u00e9dico.<\/li>\n<li>Evite el calor, las chispas y las llamas.<\/li>\n<li>No almacenar a m\u00e1s de 50\u00b0C.<\/li>\n<\/ul>","protected":false},"excerpt":{"rendered":"<p>La pintura en spray FRAXEN LAB est\u00e1 formulada para su uso en autom\u00f3viles, motocicletas, bicicletas y otros art\u00edculos de uso diario. Su capa lisa y uniforme proporciona un color vibrante y una larga durabilidad, resistiendo eficazmente los ara\u00f1azos, la decoloraci\u00f3n y el desgaste diario. Ya sea para renovar o reparar veh\u00edculos, esta pintura en spray ofrece resultados de alta calidad. Es f\u00e1cil de usar, perfecta para proyectos de bricolaje y reparaciones profesionales.<\/p>","protected":false},"featured_media":1619,"comment_status":"closed","ping_status":"closed","template":"","meta":[],"product_brand":[],"product_cat":[72,78,15],"product_tag":[],"class_list":{"0":"post-1586","1":"product","2":"type-product","3":"status-publish","4":"has-post-thumbnail","6":"product_cat-aerosols","7":"product_cat-interior-exterior","8":"product_cat-multipurpose","10":"first","11":"instock","12":"shipping-taxable","13":"product-type-simple"},"_links":{"self":[{"href":"https:\/\/fraxenofficial.com\/es\/wp-json\/wp\/v2\/product\/1586","targetHints":{"allow":["GET"]}}],"collection":[{"href":"https:\/\/fraxenofficial.com\/es\/wp-json\/wp\/v2\/product"}],"about":[{"href":"https:\/\/fraxenofficial.com\/es\/wp-json\/wp\/v2\/types\/product"}],"replies":[{"embeddable":true,"href":"https:\/\/fraxenofficial.com\/es\/wp-json\/wp\/v2\/comments?post=1586"}],"version-history":[{"count":2,"href":"https:\/\/fraxenofficial.com\/es\/wp-json\/wp\/v2\/product\/1586\/revisions"}],"predecessor-version":[{"id":1662,"href":"https:\/\/fraxenofficial.com\/es\/wp-json\/wp\/v2\/product\/1586\/revisions\/1662"}],"wp:featuredmedia":[{"embeddable":true,"href":"https:\/\/fraxenofficial.com\/es\/wp-json\/wp\/v2\/media\/1619"}],"wp:attachment":[{"href":"https:\/\/fraxenofficial.com\/es\/wp-json\/wp\/v2\/media?parent=1586"}],"wp:term":[{"taxonomy":"product_brand","embeddable":true,"href":"https:\/\/fraxenofficial.com\/es\/wp-json\/wp\/v2\/product_brand?post=1586"},{"taxonomy":"product_cat","embeddable":true,"href":"https:\/\/fraxenofficial.com\/es\/wp-json\/wp\/v2\/product_cat?post=1586"},{"taxonomy":"product_tag","embeddable":true,"href":"https:\/\/fraxenofficial.com\/es\/wp-json\/wp\/v2\/product_tag?post=1586"}],"curies":[{"name":"wp","href":"https:\/\/api.w.org\/{rel}","templated":true}]}}