{"id":1592,"date":"2025-04-30T15:35:45","date_gmt":"2025-04-30T15:35:45","guid":{"rendered":"https:\/\/fraxenofficial.com\/?post_type=product&#038;p=1592"},"modified":"2025-05-23T07:42:04","modified_gmt":"2025-05-23T07:42:04","slug":"leak-stop-spray","status":"publish","type":"product","link":"https:\/\/fraxenofficial.com\/es\/producto\/leak-stop-spray\/","title":{"rendered":"Spray antifugas"},"content":{"rendered":"<p><strong><b>Caracter\u00edsticas<\/b><\/strong><\/p>\n<ul>\n<li>Sella r\u00e1pidamente las fugas<\/li>\n<li>Fuerte efecto de sellado<\/li>\n<li>Funciona en metal, pl\u00e1stico y caucho<\/li>\n<li>Protecci\u00f3n duradera<\/li>\n<li>Secado r\u00e1pido<\/li>\n<li>Evita la infiltraci\u00f3n de agua<\/li>\n<\/ul>\n<p>&nbsp;<\/p>\n<p><strong><b>Pasos a seguir<\/b><\/strong><\/p>\n<ul>\n<li>Limpie la superficie para eliminar los residuos.<\/li>\n<li>Agite bien la lata.<\/li>\n<li>Apunte la boquilla hacia la fuga y roc\u00ede uniformemente.<\/li>\n<li>Dejar secar y curar.<\/li>\n<li>Compruebe el resultado para asegurarse de que la fuga se ha detenido.<\/li>\n<\/ul>\n<p>&nbsp;<\/p>\n<p><strong><b>Advertencia de seguridad<\/b><\/strong><\/p>\n<ul>\n<li>Mantener fuera del alcance de los ni\u00f1os.<\/li>\n<li>Utilizar en una zona bien ventilada.<\/li>\n<li>Evitar el contacto con los ojos y la piel; aclarar si es necesario.<\/li>\n<li>En caso de ingesti\u00f3n, acuda al m\u00e9dico.<\/li>\n<li>Evite el calor, las chispas y las llamas.<\/li>\n<li>No almacenar a m\u00e1s de 50\u00b0C.<\/li>\n<\/ul>","protected":false},"excerpt":{"rendered":"<p>FRAXEN LAB Leak Stop Spray sella r\u00e1pidamente grietas y agujeros en autom\u00f3viles, electrodom\u00e9sticos, tuber\u00edas, hogares y equipos industriales. Funciona en metal, pl\u00e1stico y caucho, proporcionando un sellado inmediato para evitar da\u00f1os mayores por fugas.<\/p>","protected":false},"featured_media":1622,"comment_status":"closed","ping_status":"closed","template":"","meta":[],"product_brand":[],"product_cat":[72,15],"product_tag":[],"class_list":{"0":"post-1592","1":"product","2":"type-product","3":"status-publish","4":"has-post-thumbnail","6":"product_cat-aerosols","7":"product_cat-multipurpose","9":"first","10":"instock","11":"shipping-taxable","12":"product-type-simple"},"_links":{"self":[{"href":"https:\/\/fraxenofficial.com\/es\/wp-json\/wp\/v2\/product\/1592","targetHints":{"allow":["GET"]}}],"collection":[{"href":"https:\/\/fraxenofficial.com\/es\/wp-json\/wp\/v2\/product"}],"about":[{"href":"https:\/\/fraxenofficial.com\/es\/wp-json\/wp\/v2\/types\/product"}],"replies":[{"embeddable":true,"href":"https:\/\/fraxenofficial.com\/es\/wp-json\/wp\/v2\/comments?post=1592"}],"version-history":[{"count":2,"href":"https:\/\/fraxenofficial.com\/es\/wp-json\/wp\/v2\/product\/1592\/revisions"}],"predecessor-version":[{"id":1714,"href":"https:\/\/fraxenofficial.com\/es\/wp-json\/wp\/v2\/product\/1592\/revisions\/1714"}],"wp:featuredmedia":[{"embeddable":true,"href":"https:\/\/fraxenofficial.com\/es\/wp-json\/wp\/v2\/media\/1622"}],"wp:attachment":[{"href":"https:\/\/fraxenofficial.com\/es\/wp-json\/wp\/v2\/media?parent=1592"}],"wp:term":[{"taxonomy":"product_brand","embeddable":true,"href":"https:\/\/fraxenofficial.com\/es\/wp-json\/wp\/v2\/product_brand?post=1592"},{"taxonomy":"product_cat","embeddable":true,"href":"https:\/\/fraxenofficial.com\/es\/wp-json\/wp\/v2\/product_cat?post=1592"},{"taxonomy":"product_tag","embeddable":true,"href":"https:\/\/fraxenofficial.com\/es\/wp-json\/wp\/v2\/product_tag?post=1592"}],"curies":[{"name":"wp","href":"https:\/\/api.w.org\/{rel}","templated":true}]}}