{"id":1646,"date":"2025-04-30T16:43:23","date_gmt":"2025-04-30T16:43:23","guid":{"rendered":"https:\/\/fraxenofficial.com\/?post_type=product&#038;p=1646"},"modified":"2025-04-30T16:43:23","modified_gmt":"2025-04-30T16:43:23","slug":"silicone-sealant","status":"publish","type":"product","link":"https:\/\/fraxenofficial.com\/es\/producto\/silicone-sealant\/","title":{"rendered":"Sellante de silicona"},"content":{"rendered":"<p><strong><b>Caracter\u00edsticas<\/b><\/strong><\/p>\n<ul>\n<li>Gran adherencia y resistencia a los rayos UV<\/li>\n<li>Impermeable y resistente a la temperatura<\/li>\n<li>Curado r\u00e1pido y f\u00e1cil de aplicar<\/li>\n<li>F\u00f3rmula ecol\u00f3gica y no t\u00f3xica<\/li>\n<\/ul>","protected":false},"excerpt":{"rendered":"<p>El sellador de silicona FRAXEN LAB es un adhesivo de silicona monocomponente que cura con la humedad, dise\u00f1ado para sellar y pegar superficies de vidrio. Forma un sellado duradero, resistente a la intemperie y flexible que resiste los rayos UV, los cambios de temperatura y la humedad. Ideal para su uso en ventanas, mamparas de ducha, mamparas de cristal y otras aplicaciones de cristal en interiores o exteriores.<\/p>","protected":false},"featured_media":1600,"comment_status":"closed","ping_status":"closed","template":"","meta":[],"product_brand":[],"product_cat":[15],"product_tag":[],"class_list":{"0":"post-1646","1":"product","2":"type-product","3":"status-publish","4":"has-post-thumbnail","6":"product_cat-multipurpose","8":"first","9":"instock","10":"shipping-taxable","11":"product-type-simple"},"_links":{"self":[{"href":"https:\/\/fraxenofficial.com\/es\/wp-json\/wp\/v2\/product\/1646","targetHints":{"allow":["GET"]}}],"collection":[{"href":"https:\/\/fraxenofficial.com\/es\/wp-json\/wp\/v2\/product"}],"about":[{"href":"https:\/\/fraxenofficial.com\/es\/wp-json\/wp\/v2\/types\/product"}],"replies":[{"embeddable":true,"href":"https:\/\/fraxenofficial.com\/es\/wp-json\/wp\/v2\/comments?post=1646"}],"version-history":[{"count":1,"href":"https:\/\/fraxenofficial.com\/es\/wp-json\/wp\/v2\/product\/1646\/revisions"}],"predecessor-version":[{"id":1647,"href":"https:\/\/fraxenofficial.com\/es\/wp-json\/wp\/v2\/product\/1646\/revisions\/1647"}],"wp:featuredmedia":[{"embeddable":true,"href":"https:\/\/fraxenofficial.com\/es\/wp-json\/wp\/v2\/media\/1600"}],"wp:attachment":[{"href":"https:\/\/fraxenofficial.com\/es\/wp-json\/wp\/v2\/media?parent=1646"}],"wp:term":[{"taxonomy":"product_brand","embeddable":true,"href":"https:\/\/fraxenofficial.com\/es\/wp-json\/wp\/v2\/product_brand?post=1646"},{"taxonomy":"product_cat","embeddable":true,"href":"https:\/\/fraxenofficial.com\/es\/wp-json\/wp\/v2\/product_cat?post=1646"},{"taxonomy":"product_tag","embeddable":true,"href":"https:\/\/fraxenofficial.com\/es\/wp-json\/wp\/v2\/product_tag?post=1646"}],"curies":[{"name":"wp","href":"https:\/\/api.w.org\/{rel}","templated":true}]}}