{"id":1650,"date":"2025-04-30T16:53:07","date_gmt":"2025-04-30T16:53:07","guid":{"rendered":"https:\/\/fraxenofficial.com\/?post_type=product&#038;p=1650"},"modified":"2025-04-30T16:53:07","modified_gmt":"2025-04-30T16:53:07","slug":"kitchen-oil","status":"publish","type":"product","link":"https:\/\/fraxenofficial.com\/es\/producto\/kitchen-oil\/","title":{"rendered":"Aceite de cocina"},"content":{"rendered":"<p><strong><b>Caracter\u00edsticas<\/b><\/strong><\/p>\n<ul>\n<li>Elimina la grasa y las manchas<\/li>\n<li>Descompone la acumulaci\u00f3n de cal<\/li>\n<li>Deja un aroma fresco<\/li>\n<li>Seguro en superficies de cocina<\/li>\n<li>F\u00f3rmula ecol\u00f3gica no t\u00f3xica<\/li>\n<li>Aplicaci\u00f3n r\u00e1pida por pulverizaci\u00f3n<\/li>\n<li>Elimina f\u00e1cilmente los restos de comida<\/li>\n<li>Ideal para estufas y encimeras<\/li>\n<\/ul>","protected":false},"excerpt":{"rendered":"<p>FRAXEN LAB Aceite de Cocina en Spray elimina r\u00e1pidamente la grasa, las manchas y los restos de comida de cocinas, encimeras, campanas extractoras y frigor\u00edficos. Deja las superficies limpias con un aroma fresco, garantizando una cocina higi\u00e9nica.<\/p>","protected":false},"featured_media":1603,"comment_status":"closed","ping_status":"closed","template":"","meta":[],"product_brand":[],"product_cat":[76,15],"product_tag":[],"class_list":{"0":"post-1650","1":"product","2":"type-product","3":"status-publish","4":"has-post-thumbnail","6":"product_cat-liquids","7":"product_cat-multipurpose","9":"first","10":"instock","11":"shipping-taxable","12":"product-type-simple"},"_links":{"self":[{"href":"https:\/\/fraxenofficial.com\/es\/wp-json\/wp\/v2\/product\/1650","targetHints":{"allow":["GET"]}}],"collection":[{"href":"https:\/\/fraxenofficial.com\/es\/wp-json\/wp\/v2\/product"}],"about":[{"href":"https:\/\/fraxenofficial.com\/es\/wp-json\/wp\/v2\/types\/product"}],"replies":[{"embeddable":true,"href":"https:\/\/fraxenofficial.com\/es\/wp-json\/wp\/v2\/comments?post=1650"}],"version-history":[{"count":1,"href":"https:\/\/fraxenofficial.com\/es\/wp-json\/wp\/v2\/product\/1650\/revisions"}],"predecessor-version":[{"id":1651,"href":"https:\/\/fraxenofficial.com\/es\/wp-json\/wp\/v2\/product\/1650\/revisions\/1651"}],"wp:featuredmedia":[{"embeddable":true,"href":"https:\/\/fraxenofficial.com\/es\/wp-json\/wp\/v2\/media\/1603"}],"wp:attachment":[{"href":"https:\/\/fraxenofficial.com\/es\/wp-json\/wp\/v2\/media?parent=1650"}],"wp:term":[{"taxonomy":"product_brand","embeddable":true,"href":"https:\/\/fraxenofficial.com\/es\/wp-json\/wp\/v2\/product_brand?post=1650"},{"taxonomy":"product_cat","embeddable":true,"href":"https:\/\/fraxenofficial.com\/es\/wp-json\/wp\/v2\/product_cat?post=1650"},{"taxonomy":"product_tag","embeddable":true,"href":"https:\/\/fraxenofficial.com\/es\/wp-json\/wp\/v2\/product_tag?post=1650"}],"curies":[{"name":"wp","href":"https:\/\/api.w.org\/{rel}","templated":true}]}}