{"id":1315,"date":"2025-04-01T10:21:14","date_gmt":"2025-04-01T10:21:14","guid":{"rendered":"https:\/\/fraxenofficial.com\/?page_id=1315"},"modified":"2025-04-01T10:22:54","modified_gmt":"2025-04-01T10:22:54","slug":"brand-story","status":"publish","type":"page","link":"https:\/\/fraxenofficial.com\/pt\/brand-story\/","title":{"rendered":"Hist\u00f3ria da marca"},"content":{"rendered":"<div data-elementor-type=\"wp-page\" data-elementor-id=\"1315\" class=\"elementor elementor-1315\" data-elementor-post-type=\"page\">\n\t\t\t\t<div class=\"wd-negative-gap elementor-element elementor-element-43c82f5b e-flex e-con-boxed e-con e-parent\" data-id=\"43c82f5b\" data-element_type=\"container\" data-e-type=\"container\">\n\t\t\t\t\t<div class=\"e-con-inner\">\n\t\t<div class=\"elementor-element elementor-element-901c03a e-con-full e-flex e-con e-child\" data-id=\"901c03a\" data-element_type=\"container\" data-e-type=\"container\">\n\t\t\t\t<div class=\"elementor-element elementor-element-44c5d810 color-scheme-inherit text-left elementor-widget elementor-widget-text-editor\" data-id=\"44c5d810\" data-element_type=\"widget\" data-e-type=\"widget\" data-widget_type=\"text-editor.default\">\n\t\t\t\t<div class=\"elementor-widget-container\">\n\t\t\t\t\t\t\t\t\t<p><strong><b>FRAXEN LAB - Do fl\u00faor \u00e0 confian\u00e7a<\/b><\/strong><\/p><p>Com mais de 20 anos de experi\u00eancia em engenharia fluoroqu\u00edmica e produ\u00e7\u00e3o de refrigerantes de alta pureza, o FRAXEN LAB tem as suas ra\u00edzes numa das \u00e1reas mais precisas e tecnicamente exigentes da qu\u00edmica moderna.<\/p><p>A nossa experi\u00eancia em controlo molecular \u00e0 base de fl\u00faor, estabilidade de rea\u00e7\u00e3o e formula\u00e7\u00e3o ecol\u00f3gica d\u00e1-nos uma vantagem distinta - n\u00e3o s\u00f3 na produ\u00e7\u00e3o, mas tamb\u00e9m no conhecimento qu\u00edmico profundo.<\/p><p>Atualmente, alargamos esta experi\u00eancia a\u00a0<strong><b>consum\u00edveis de limpeza, manuten\u00e7\u00e3o e repara\u00e7\u00e3o autom\u00f3vel<\/b><\/strong>. A nossa abordagem \u00e9 diferente: n\u00e3o nos limitamos a misturar ingredientes -\u00a0<strong><b>projectamos a funcionalidade a partir do n\u00edvel molecular<\/b><\/strong>.<\/p><p>N\u00e3o nos orientamos pelas tend\u00eancias. Somos orientados para a tecnologia.<br \/><strong><b>O FRAXEN LAB torna a qu\u00edmica vis\u00edvel - e a confian\u00e7a tang\u00edvel.<\/b><\/strong><\/p>\t\t\t\t\t\t\t\t<\/div>\n\t\t\t\t<\/div>\n\t\t\t\t<\/div>\n\t\t<div class=\"elementor-element elementor-element-3a920c8 e-con-full e-flex e-con e-child\" data-id=\"3a920c8\" data-element_type=\"container\" data-e-type=\"container\">\n\t\t\t\t<div class=\"elementor-element elementor-element-aaaab07 elementor-widget elementor-widget-wd_image_or_svg\" data-id=\"aaaab07\" data-element_type=\"widget\" data-e-type=\"widget\" data-widget_type=\"wd_image_or_svg.default\">\n\t\t\t\t<div class=\"elementor-widget-container\">\n\t\t\t\t\t\n\t\t<div class=\"wd-image text-left\">\n\t\t\t\t\t\t\t\t<img fetchpriority=\"high\" decoding=\"async\" width=\"1000\" height=\"667\" src=\"https:\/\/fraxenofficial.com\/wp-content\/uploads\/2025\/03\/20250329111645.webp\" class=\"attachment-full size-full\" alt=\"\" srcset=\"https:\/\/fraxenofficial.com\/wp-content\/uploads\/2025\/03\/20250329111645.webp 1000w, https:\/\/fraxenofficial.com\/wp-content\/uploads\/2025\/03\/20250329111645-300x200.webp 300w, https:\/\/fraxenofficial.com\/wp-content\/uploads\/2025\/03\/20250329111645-768x512.webp 768w, https:\/\/fraxenofficial.com\/wp-content\/uploads\/2025\/03\/20250329111645-150x100.webp 150w\" sizes=\"(max-width: 1000px) 100vw, 1000px\" \/>\t\t\t\t\t<\/div>\n\n\t\t\t\t\t\t<\/div>\n\t\t\t\t<\/div>\n\t\t\t\t<\/div>\n\t\t\t\t\t<\/div>\n\t\t\t\t<\/div>\n\t\t\t\t<\/div>","protected":false},"excerpt":{"rendered":"<p>FRAXEN LAB \u2014 From Fluorine to Trust With over 20 years of experience in fluorochemical engineering and high-purity refrigerant production,<\/p>","protected":false},"author":1,"featured_media":0,"parent":0,"menu_order":0,"comment_status":"closed","ping_status":"closed","template":"","meta":{"footnotes":""},"class_list":["post-1315","page","type-page","status-publish","hentry"],"_links":{"self":[{"href":"https:\/\/fraxenofficial.com\/pt\/wp-json\/wp\/v2\/pages\/1315","targetHints":{"allow":["GET"]}}],"collection":[{"href":"https:\/\/fraxenofficial.com\/pt\/wp-json\/wp\/v2\/pages"}],"about":[{"href":"https:\/\/fraxenofficial.com\/pt\/wp-json\/wp\/v2\/types\/page"}],"author":[{"embeddable":true,"href":"https:\/\/fraxenofficial.com\/pt\/wp-json\/wp\/v2\/users\/1"}],"replies":[{"embeddable":true,"href":"https:\/\/fraxenofficial.com\/pt\/wp-json\/wp\/v2\/comments?post=1315"}],"version-history":[{"count":0,"href":"https:\/\/fraxenofficial.com\/pt\/wp-json\/wp\/v2\/pages\/1315\/revisions"}],"wp:attachment":[{"href":"https:\/\/fraxenofficial.com\/pt\/wp-json\/wp\/v2\/media?parent=1315"}],"curies":[{"name":"wp","href":"https:\/\/api.w.org\/{rel}","templated":true}]}}