{"id":171,"date":"2024-10-25T11:14:50","date_gmt":"2024-10-25T11:14:50","guid":{"rendered":"https:\/\/dummy.xtemos.com\/woodmart2\/makeup-elementor\/?page_id=171"},"modified":"2025-04-07T07:35:13","modified_gmt":"2025-04-07T07:35:13","slug":"about-us","status":"publish","type":"page","link":"https:\/\/fraxenofficial.com\/pt\/about-us\/","title":{"rendered":"Sobre n\u00f3s"},"content":{"rendered":"<div data-elementor-type=\"wp-page\" data-elementor-id=\"171\" class=\"elementor elementor-171\" data-elementor-post-type=\"page\">\n\t\t\t\t<div class=\"wd-negative-gap elementor-element elementor-element-70876f5 e-flex e-con-boxed e-con e-parent\" data-id=\"70876f5\" data-element_type=\"container\" data-e-type=\"container\">\n\t\t\t\t\t<div class=\"e-con-inner\">\n\t\t<div class=\"elementor-element elementor-element-75ce8bf e-con-full e-flex e-con e-child\" data-id=\"75ce8bf\" data-element_type=\"container\" data-e-type=\"container\">\n\t\t\t\t<div class=\"elementor-element elementor-element-9e69f15 wd-width-100 elementor-widget elementor-widget-wd_title\" data-id=\"9e69f15\" data-element_type=\"widget\" data-e-type=\"widget\" data-widget_type=\"wd_title.default\">\n\t\t\t\t<div class=\"elementor-widget-container\">\n\t\t\t\t\t\t\t<div class=\"title-wrapper wd-set-mb reset-last-child wd-title-color-default wd-title-style-default wd-title-size-default text-left\">\n\n\t\t\t\n\t\t\t<div class=\"liner-continer\">\n\t\t\t\t<h3 class=\"woodmart-title-container title wd-fontsize-l\">Sobre n\u00f3s<\/h3> \n\t\t\t\t\t\t\t<\/div>\n\n\t\t\t\t\t\t\t<div class=\"title-after_title reset-last-child wd-fontsize-xs\">\n\t\t\t\t\t<p>A FRAXEN LAB \u00e9 mais do que apenas uma marca de cuidados para autom\u00f3veis - somos uma equipa de engenharia qu\u00edmica empenhada em redefinir a manuten\u00e7\u00e3o autom\u00f3vel. Com sede na China, concebemos e fabricamos um vasto leque de produtos de pormenor, desde produtos de limpeza interior de precis\u00e3o a desengordurantes em aerossol de alto desempenho. A nossa miss\u00e3o \u00e9 simples: tornar a manuten\u00e7\u00e3o autom\u00f3vel de classe mundial acess\u00edvel, fi\u00e1vel e eficaz para todos.<\/p>\t\t\t\t<\/div>\n\t\t\t\t\t<\/div>\n\t\t\t\t\t\t<\/div>\n\t\t\t\t<\/div>\n\t\t\t\t<\/div>\n\t\t<div class=\"elementor-element elementor-element-a5bf540 e-con-full e-flex e-con e-child\" data-id=\"a5bf540\" data-element_type=\"container\" data-e-type=\"container\">\n\t\t\t\t<div class=\"elementor-element elementor-element-18194a6 elementor-widget elementor-widget-wd_image_or_svg\" data-id=\"18194a6\" data-element_type=\"widget\" data-e-type=\"widget\" data-widget_type=\"wd_image_or_svg.default\">\n\t\t\t\t<div class=\"elementor-widget-container\">\n\t\t\t\t\t\n\t\t<div class=\"wd-image text-left\">\n\t\t\t\t\t\t\t\t<img fetchpriority=\"high\" decoding=\"async\" width=\"842\" height=\"562\" src=\"https:\/\/fraxenofficial.com\/wp-content\/uploads\/2025\/04\/about-us-1.webp\" class=\"attachment-full size-full\" alt=\"\" srcset=\"https:\/\/fraxenofficial.com\/wp-content\/uploads\/2025\/04\/about-us-1.webp 842w, https:\/\/fraxenofficial.com\/wp-content\/uploads\/2025\/04\/about-us-1-300x200.webp 300w, https:\/\/fraxenofficial.com\/wp-content\/uploads\/2025\/04\/about-us-1-768x513.webp 768w, https:\/\/fraxenofficial.com\/wp-content\/uploads\/2025\/04\/about-us-1-150x100.webp 150w\" sizes=\"(max-width: 842px) 100vw, 842px\" \/>\t\t\t\t\t<\/div>\n\n\t\t\t\t\t\t<\/div>\n\t\t\t\t<\/div>\n\t\t\t\t<\/div>\n\t\t\t\t\t<\/div>\n\t\t\t\t<\/div>\n\t\t<div class=\"wd-negative-gap elementor-element elementor-element-a99ea9f e-flex e-con-boxed e-con e-parent\" data-id=\"a99ea9f\" data-element_type=\"container\" data-e-type=\"container\">\n\t\t\t\t\t<div class=\"e-con-inner\">\n\t\t<div class=\"elementor-element elementor-element-bb025b2 e-con-full e-flex e-con e-child\" data-id=\"bb025b2\" data-element_type=\"container\" data-e-type=\"container\">\n\t\t\t\t<div class=\"elementor-element elementor-element-b29819e elementor-widget elementor-widget-wd_image_or_svg\" data-id=\"b29819e\" data-element_type=\"widget\" data-e-type=\"widget\" data-widget_type=\"wd_image_or_svg.default\">\n\t\t\t\t<div class=\"elementor-widget-container\">\n\t\t\t\t\t\n\t\t<div class=\"wd-image text-left\">\n\t\t\t\t\t\t\t\t<img decoding=\"async\" width=\"852\" height=\"568\" src=\"https:\/\/fraxenofficial.com\/wp-content\/uploads\/2025\/04\/about-us-2.webp\" class=\"attachment-full size-full\" alt=\"\" srcset=\"https:\/\/fraxenofficial.com\/wp-content\/uploads\/2025\/04\/about-us-2.webp 852w, https:\/\/fraxenofficial.com\/wp-content\/uploads\/2025\/04\/about-us-2-300x200.webp 300w, https:\/\/fraxenofficial.com\/wp-content\/uploads\/2025\/04\/about-us-2-768x512.webp 768w, https:\/\/fraxenofficial.com\/wp-content\/uploads\/2025\/04\/about-us-2-150x100.webp 150w\" sizes=\"(max-width: 852px) 100vw, 852px\" \/>\t\t\t\t\t<\/div>\n\n\t\t\t\t\t\t<\/div>\n\t\t\t\t<\/div>\n\t\t\t\t<\/div>\n\t\t<div class=\"elementor-element elementor-element-d7b5b89 e-con-full e-flex e-con e-child\" data-id=\"d7b5b89\" data-element_type=\"container\" data-e-type=\"container\">\n\t\t\t\t<div class=\"elementor-element elementor-element-f9ed2d0 wd-width-100 elementor-widget elementor-widget-wd_title\" data-id=\"f9ed2d0\" data-element_type=\"widget\" data-e-type=\"widget\" data-widget_type=\"wd_title.default\">\n\t\t\t\t<div class=\"elementor-widget-container\">\n\t\t\t\t\t\t\t<div class=\"title-wrapper wd-set-mb reset-last-child wd-title-color-default wd-title-style-default wd-title-size-default text-left\">\n\n\t\t\t\n\t\t\t<div class=\"liner-continer\">\n\t\t\t\t<h3 class=\"woodmart-title-container title wd-fontsize-l\">As nossas origens<\/h3> \n\t\t\t\t\t\t\t<\/div>\n\n\t\t\t\t\t\t\t<div class=\"title-after_title reset-last-child wd-fontsize-xs\">\n\t\t\t\t\t<p>O nosso percurso come\u00e7ou na ind\u00fastria fluoroqu\u00edmica e de refrigerantes, onde constru\u00edmos as nossas bases em mat\u00e9rias-primas, estabilidade qu\u00edmica e conce\u00e7\u00e3o de f\u00f3rmulas. Reconhecendo a falta de produtos verdadeiramente eficazes e a bom pre\u00e7o no mercado global de cuidados com o autom\u00f3vel, lan\u00e7\u00e1mos o FRAXEN LAB para colmatar essa lacuna - combinando conhecimentos industriais com a praticidade do mundo real.<\/p>\t\t\t\t<\/div>\n\t\t\t\t\t<\/div>\n\t\t\t\t\t\t<\/div>\n\t\t\t\t<\/div>\n\t\t\t\t<\/div>\n\t\t\t\t\t<\/div>\n\t\t\t\t<\/div>\n\t\t<div class=\"wd-negative-gap elementor-element elementor-element-e884043 e-flex e-con-boxed e-con e-parent\" data-id=\"e884043\" data-element_type=\"container\" data-e-type=\"container\">\n\t\t\t\t\t<div class=\"e-con-inner\">\n\t\t<div class=\"elementor-element elementor-element-6149ba6 e-con-full e-flex e-con e-child\" data-id=\"6149ba6\" data-element_type=\"container\" data-e-type=\"container\">\n\t\t\t\t<div class=\"elementor-element elementor-element-d7fb3eb wd-width-100 elementor-widget elementor-widget-wd_title\" data-id=\"d7fb3eb\" data-element_type=\"widget\" data-e-type=\"widget\" data-widget_type=\"wd_title.default\">\n\t\t\t\t<div class=\"elementor-widget-container\">\n\t\t\t\t\t\t\t<div class=\"title-wrapper wd-set-mb reset-last-child wd-title-color-default wd-title-style-default wd-title-size-default text-left\">\n\n\t\t\t\n\t\t\t<div class=\"liner-continer\">\n\t\t\t\t<h3 class=\"woodmart-title-container title wd-fontsize-l\">A nossa tecnologia<\/h3> \n\t\t\t\t\t\t\t<\/div>\n\n\t\t\t\t\t\t\t<div class=\"title-after_title reset-last-child wd-fontsize-xs\">\n\t\t\t\t\t<p>A tecnologia \u00e9 a base de todas as nossas inova\u00e7\u00f5es. Utilizamos linhas de produ\u00e7\u00e3o automatizadas, orientadas por uma mentalidade que privilegia a formula\u00e7\u00e3o. Cada produto \u00e9 o resultado de uma profunda investiga\u00e7\u00e3o e desenvolvimento, testado em condi\u00e7\u00f5es reais de condu\u00e7\u00e3o. A nossa equipa n\u00e3o se limita a criar solu\u00e7\u00f5es - concebemos desempenho, consist\u00eancia e confian\u00e7a do utilizador.<\/p>\t\t\t\t<\/div>\n\t\t\t\t\t<\/div>\n\t\t\t\t\t\t<\/div>\n\t\t\t\t<\/div>\n\t\t\t\t<\/div>\n\t\t<div class=\"elementor-element elementor-element-bb1acec e-con-full e-flex e-con e-child\" data-id=\"bb1acec\" data-element_type=\"container\" data-e-type=\"container\">\n\t\t\t\t<div class=\"elementor-element elementor-element-56ff15c elementor-widget elementor-widget-wd_image_or_svg\" data-id=\"56ff15c\" data-element_type=\"widget\" data-e-type=\"widget\" data-widget_type=\"wd_image_or_svg.default\">\n\t\t\t\t<div class=\"elementor-widget-container\">\n\t\t\t\t\t\n\t\t<div class=\"wd-image text-left\">\n\t\t\t\t\t\t\t\t<img decoding=\"async\" width=\"823\" height=\"549\" src=\"https:\/\/fraxenofficial.com\/wp-content\/uploads\/2025\/04\/about-us-3.webp\" class=\"attachment-full size-full\" alt=\"\" srcset=\"https:\/\/fraxenofficial.com\/wp-content\/uploads\/2025\/04\/about-us-3.webp 823w, https:\/\/fraxenofficial.com\/wp-content\/uploads\/2025\/04\/about-us-3-300x200.webp 300w, https:\/\/fraxenofficial.com\/wp-content\/uploads\/2025\/04\/about-us-3-768x512.webp 768w, https:\/\/fraxenofficial.com\/wp-content\/uploads\/2025\/04\/about-us-3-150x100.webp 150w\" sizes=\"(max-width: 823px) 100vw, 823px\" \/>\t\t\t\t\t<\/div>\n\n\t\t\t\t\t\t<\/div>\n\t\t\t\t<\/div>\n\t\t\t\t<\/div>\n\t\t\t\t\t<\/div>\n\t\t\t\t<\/div>\n\t\t<div class=\"wd-negative-gap elementor-element elementor-element-bf4dd72 e-flex e-con-boxed e-con e-parent\" data-id=\"bf4dd72\" data-element_type=\"container\" data-e-type=\"container\">\n\t\t\t\t\t<div class=\"e-con-inner\">\n\t\t<div class=\"elementor-element elementor-element-100703a e-con-full e-flex e-con e-child\" data-id=\"100703a\" data-element_type=\"container\" data-e-type=\"container\">\n\t\t\t\t<div class=\"elementor-element elementor-element-d10b4af elementor-widget elementor-widget-wd_image_or_svg\" data-id=\"d10b4af\" data-element_type=\"widget\" data-e-type=\"widget\" data-widget_type=\"wd_image_or_svg.default\">\n\t\t\t\t<div class=\"elementor-widget-container\">\n\t\t\t\t\t\n\t\t<div class=\"wd-image text-left\">\n\t\t\t\t\t\t\t\t<img loading=\"lazy\" decoding=\"async\" width=\"842\" height=\"562\" src=\"https:\/\/fraxenofficial.com\/wp-content\/uploads\/2025\/04\/about-us-4.webp\" class=\"attachment-full size-full\" alt=\"\" srcset=\"https:\/\/fraxenofficial.com\/wp-content\/uploads\/2025\/04\/about-us-4.webp 842w, https:\/\/fraxenofficial.com\/wp-content\/uploads\/2025\/04\/about-us-4-300x200.webp 300w, https:\/\/fraxenofficial.com\/wp-content\/uploads\/2025\/04\/about-us-4-768x513.webp 768w, https:\/\/fraxenofficial.com\/wp-content\/uploads\/2025\/04\/about-us-4-150x100.webp 150w\" sizes=\"(max-width: 842px) 100vw, 842px\" \/>\t\t\t\t\t<\/div>\n\n\t\t\t\t\t\t<\/div>\n\t\t\t\t<\/div>\n\t\t\t\t<\/div>\n\t\t<div class=\"elementor-element elementor-element-697fad5 e-con-full e-flex e-con e-child\" data-id=\"697fad5\" data-element_type=\"container\" data-e-type=\"container\">\n\t\t\t\t<div class=\"elementor-element elementor-element-9023205 wd-width-100 elementor-widget elementor-widget-wd_title\" data-id=\"9023205\" data-element_type=\"widget\" data-e-type=\"widget\" data-widget_type=\"wd_title.default\">\n\t\t\t\t<div class=\"elementor-widget-container\">\n\t\t\t\t\t\t\t<div class=\"title-wrapper wd-set-mb reset-last-child wd-title-color-default wd-title-style-default wd-title-size-default text-left\">\n\n\t\t\t\n\t\t\t<div class=\"liner-continer\">\n\t\t\t\t<h3 class=\"woodmart-title-container title wd-fontsize-l\">A nossa promessa de qualidade<\/h3> \n\t\t\t\t\t\t\t<\/div>\n\n\t\t\t\t\t\t\t<div class=\"title-after_title reset-last-child wd-fontsize-xs\">\n\t\t\t\t\t<p>Na FRAXEN LAB, a qualidade n\u00e3o \u00e9 uma caixa de verifica\u00e7\u00e3o - \u00e9 a promessa da nossa marca. Desde o fornecimento at\u00e9 \u00e0 expedi\u00e7\u00e3o, cada fase \u00e9 regida por protocolos rigorosos de QA\/QC. Acreditamos que cada frasco, cada spray e cada f\u00f3rmula representa o nosso compromisso com a excel\u00eancia - e isso reflecte-se em cada resultado.<\/p>\t\t\t\t<\/div>\n\t\t\t\t\t<\/div>\n\t\t\t\t\t\t<\/div>\n\t\t\t\t<\/div>\n\t\t\t\t<\/div>\n\t\t\t\t\t<\/div>\n\t\t\t\t<\/div>\n\t\t\t\t<\/div>","protected":false},"excerpt":{"rendered":"<p>Sobre n\u00f3s A FRAXEN LAB \u00e9 mais do que apenas uma marca de cuidados para autom\u00f3veis - somos uma equipa de engenharia qu\u00edmica empenhada em<\/p>","protected":false},"author":1,"featured_media":0,"parent":0,"menu_order":0,"comment_status":"closed","ping_status":"closed","template":"","meta":{"footnotes":""},"class_list":["post-171","page","type-page","status-publish","hentry"],"_links":{"self":[{"href":"https:\/\/fraxenofficial.com\/pt\/wp-json\/wp\/v2\/pages\/171","targetHints":{"allow":["GET"]}}],"collection":[{"href":"https:\/\/fraxenofficial.com\/pt\/wp-json\/wp\/v2\/pages"}],"about":[{"href":"https:\/\/fraxenofficial.com\/pt\/wp-json\/wp\/v2\/types\/page"}],"author":[{"embeddable":true,"href":"https:\/\/fraxenofficial.com\/pt\/wp-json\/wp\/v2\/users\/1"}],"replies":[{"embeddable":true,"href":"https:\/\/fraxenofficial.com\/pt\/wp-json\/wp\/v2\/comments?post=171"}],"version-history":[{"count":3,"href":"https:\/\/fraxenofficial.com\/pt\/wp-json\/wp\/v2\/pages\/171\/revisions"}],"predecessor-version":[{"id":1431,"href":"https:\/\/fraxenofficial.com\/pt\/wp-json\/wp\/v2\/pages\/171\/revisions\/1431"}],"wp:attachment":[{"href":"https:\/\/fraxenofficial.com\/pt\/wp-json\/wp\/v2\/media?parent=171"}],"curies":[{"name":"wp","href":"https:\/\/api.w.org\/{rel}","templated":true}]}}