{"id":783,"date":"2025-03-24T07:29:47","date_gmt":"2025-03-24T07:29:47","guid":{"rendered":"https:\/\/fraxenofficial.com\/?page_id=783"},"modified":"2025-04-02T06:57:52","modified_gmt":"2025-04-02T06:57:52","slug":"consumer-products","status":"publish","type":"page","link":"https:\/\/fraxenofficial.com\/pt\/consumer-products\/","title":{"rendered":"Produtos de consumo"},"content":{"rendered":"<div data-elementor-type=\"wp-page\" data-elementor-id=\"783\" class=\"elementor elementor-783\" data-elementor-post-type=\"page\">\n\t\t\t\t<div class=\"wd-negative-gap elementor-element elementor-element-e35149e e-flex e-con-boxed e-con e-parent\" data-id=\"e35149e\" data-element_type=\"container\" data-e-type=\"container\">\n\t\t\t\t\t<div class=\"e-con-inner\">\n\t\t\t\t<div class=\"elementor-element elementor-element-977b9e7 color-scheme-inherit text-left elementor-widget elementor-widget-text-editor\" data-id=\"977b9e7\" data-element_type=\"widget\" data-e-type=\"widget\" data-widget_type=\"text-editor.default\">\n\t\t\t\t<div class=\"elementor-widget-container\">\n\t\t\t\t\t\t\t\t\t<p>A FRAXEN LAB oferece duas categorias principais de produtos de cuidado autom\u00f3vel para responder a diversas necessidades: produtos de base l\u00edquida e produtos em aerossol. Os produtos de base l\u00edquida, embalados em garrafas de pl\u00e1stico, s\u00e3o ideais para tarefas que requerem um controlo preciso e um contacto duradouro. S\u00e3o normalmente utilizados para limpeza profunda e manuten\u00e7\u00e3o cont\u00ednua de pe\u00e7as interiores e exteriores do autom\u00f3vel, exigindo frequentemente ferramentas adicionais para aplica\u00e7\u00e3o. Os produtos de aerossol, por outro lado, s\u00e3o embalados em latas de spray e utilizam um sistema de aerossol para cobrir r\u00e1pida e uniformemente as superf\u00edcies, o que os torna perfeitos para \u00e1reas de dif\u00edcil acesso ou tarefas que requerem uma limpeza r\u00e1pida e eficiente.<\/p>\t\t\t\t\t\t\t\t<\/div>\n\t\t\t\t<\/div>\n\t\t\t\t\t<\/div>\n\t\t\t\t<\/div>\n\t\t<div class=\"wd-negative-gap elementor-element elementor-element-0e0468c e-flex e-con-boxed e-con e-parent\" data-id=\"0e0468c\" data-element_type=\"container\" data-e-type=\"container\">\n\t\t\t\t\t<div class=\"e-con-inner\">\n\t\t<div class=\"elementor-element elementor-element-8148ddb e-con-full e-flex e-con e-child\" data-id=\"8148ddb\" data-element_type=\"container\" data-e-type=\"container\">\n\t\t\t\t<div class=\"elementor-element elementor-element-bd40c08 elementor-position-left elementor-position-top elementor-vertical-align-middle elementor-widget elementor-widget-image-box\" data-id=\"bd40c08\" data-element_type=\"widget\" data-e-type=\"widget\" data-widget_type=\"image-box.default\">\n\t\t\t\t<div class=\"elementor-widget-container\">\n\t\t\t\t\t<div class=\"elementor-image-box-wrapper\"><figure class=\"elementor-image-box-img\"><a href=\"https:\/\/fraxenofficial.com\/pt\/categoria-produto\/aerosols\/\" tabindex=\"-1\"><img fetchpriority=\"high\" decoding=\"async\" width=\"800\" height=\"800\" src=\"https:\/\/fraxenofficial.com\/wp-content\/uploads\/2025\/04\/3.webp\" class=\"elementor-animation-grow attachment-full size-full wp-image-1362\" alt=\"\" srcset=\"https:\/\/fraxenofficial.com\/wp-content\/uploads\/2025\/04\/3.webp 800w, https:\/\/fraxenofficial.com\/wp-content\/uploads\/2025\/04\/3-300x300.webp 300w, https:\/\/fraxenofficial.com\/wp-content\/uploads\/2025\/04\/3-150x150.webp 150w, https:\/\/fraxenofficial.com\/wp-content\/uploads\/2025\/04\/3-768x768.webp 768w, https:\/\/fraxenofficial.com\/wp-content\/uploads\/2025\/04\/3-600x600.webp 600w\" sizes=\"(max-width: 800px) 100vw, 800px\" \/><\/a><\/figure><div class=\"elementor-image-box-content\"><h3 class=\"elementor-image-box-title\"><a href=\"https:\/\/fraxenofficial.com\/pt\/categoria-produto\/aerosols\/\">Aeross\u00f3is<\/a><\/h3><p class=\"elementor-image-box-description\">Os produtos de base l\u00edquida, embalados em garrafas de pl\u00e1stico, s\u00e3o ideais para tarefas que requerem um controlo preciso e um contacto duradouro. S\u00e3o normalmente utilizados para limpeza profunda e manuten\u00e7\u00e3o cont\u00ednua de pe\u00e7as interiores e exteriores de autom\u00f3veis, exigindo frequentemente ferramentas adicionais para aplica\u00e7\u00e3o.<\/p><\/div><\/div>\t\t\t\t<\/div>\n\t\t\t\t<\/div>\n\t\t\t\t<div class=\"elementor-element elementor-element-9f6cc17 elementor-position-left elementor-position-top elementor-vertical-align-middle elementor-widget elementor-widget-image-box\" data-id=\"9f6cc17\" data-element_type=\"widget\" data-e-type=\"widget\" data-widget_type=\"image-box.default\">\n\t\t\t\t<div class=\"elementor-widget-container\">\n\t\t\t\t\t<div class=\"elementor-image-box-wrapper\"><figure class=\"elementor-image-box-img\"><a href=\"https:\/\/fraxenofficial.com\/pt\/categoria-produto\/engine-ac-care\/\" tabindex=\"-1\"><img decoding=\"async\" width=\"800\" height=\"800\" src=\"https:\/\/fraxenofficial.com\/wp-content\/uploads\/2025\/04\/5.webp\" class=\"elementor-animation-grow attachment-full size-full wp-image-1364\" alt=\"\" srcset=\"https:\/\/fraxenofficial.com\/wp-content\/uploads\/2025\/04\/5.webp 800w, https:\/\/fraxenofficial.com\/wp-content\/uploads\/2025\/04\/5-300x300.webp 300w, https:\/\/fraxenofficial.com\/wp-content\/uploads\/2025\/04\/5-150x150.webp 150w, https:\/\/fraxenofficial.com\/wp-content\/uploads\/2025\/04\/5-768x768.webp 768w, https:\/\/fraxenofficial.com\/wp-content\/uploads\/2025\/04\/5-600x600.webp 600w\" sizes=\"(max-width: 800px) 100vw, 800px\" \/><\/a><\/figure><div class=\"elementor-image-box-content\"><h3 class=\"elementor-image-box-title\"><a href=\"https:\/\/fraxenofficial.com\/pt\/categoria-produto\/engine-ac-care\/\">Cuidados com o motor e o ar condicionado<\/a><\/h3><p class=\"elementor-image-box-description\">Os produtos de base l\u00edquida, embalados em garrafas de pl\u00e1stico, s\u00e3o ideais para tarefas que requerem um controlo preciso e um contacto duradouro. S\u00e3o normalmente utilizados para limpeza profunda e manuten\u00e7\u00e3o cont\u00ednua de pe\u00e7as interiores e exteriores de autom\u00f3veis, exigindo frequentemente ferramentas adicionais para aplica\u00e7\u00e3o.<\/p><\/div><\/div>\t\t\t\t<\/div>\n\t\t\t\t<\/div>\n\t\t\t\t<div class=\"elementor-element elementor-element-a772aa0 elementor-position-left elementor-position-top elementor-vertical-align-middle elementor-widget elementor-widget-image-box\" data-id=\"a772aa0\" data-element_type=\"widget\" data-e-type=\"widget\" data-widget_type=\"image-box.default\">\n\t\t\t\t<div class=\"elementor-widget-container\">\n\t\t\t\t\t<div class=\"elementor-image-box-wrapper\"><figure class=\"elementor-image-box-img\"><a href=\"https:\/\/fraxenofficial.com\/pt\/categoria-produto\/interior-exterior\/\" tabindex=\"-1\"><img decoding=\"async\" width=\"800\" height=\"800\" src=\"https:\/\/fraxenofficial.com\/wp-content\/uploads\/2025\/04\/2.webp\" class=\"elementor-animation-grow attachment-full size-full wp-image-1361\" alt=\"\" srcset=\"https:\/\/fraxenofficial.com\/wp-content\/uploads\/2025\/04\/2.webp 800w, https:\/\/fraxenofficial.com\/wp-content\/uploads\/2025\/04\/2-300x300.webp 300w, https:\/\/fraxenofficial.com\/wp-content\/uploads\/2025\/04\/2-150x150.webp 150w, https:\/\/fraxenofficial.com\/wp-content\/uploads\/2025\/04\/2-768x768.webp 768w, https:\/\/fraxenofficial.com\/wp-content\/uploads\/2025\/04\/2-600x600.webp 600w\" sizes=\"(max-width: 800px) 100vw, 800px\" \/><\/a><\/figure><div class=\"elementor-image-box-content\"><h3 class=\"elementor-image-box-title\"><a href=\"https:\/\/fraxenofficial.com\/pt\/categoria-produto\/interior-exterior\/\">Interior e exterior<\/a><\/h3><p class=\"elementor-image-box-description\">Os produtos de base l\u00edquida, embalados em garrafas de pl\u00e1stico, s\u00e3o ideais para tarefas que requerem um controlo preciso e um contacto duradouro. S\u00e3o normalmente utilizados para limpeza profunda e manuten\u00e7\u00e3o cont\u00ednua de pe\u00e7as interiores e exteriores de autom\u00f3veis, exigindo frequentemente ferramentas adicionais para aplica\u00e7\u00e3o.<\/p><\/div><\/div>\t\t\t\t<\/div>\n\t\t\t\t<\/div>\n\t\t\t\t<\/div>\n\t\t<div class=\"elementor-element elementor-element-60ec1e8 e-con-full e-flex e-con e-child\" data-id=\"60ec1e8\" data-element_type=\"container\" data-e-type=\"container\">\n\t\t\t\t<div class=\"elementor-element elementor-element-186706e elementor-position-left elementor-position-top elementor-vertical-align-middle elementor-widget elementor-widget-image-box\" data-id=\"186706e\" data-element_type=\"widget\" data-e-type=\"widget\" data-widget_type=\"image-box.default\">\n\t\t\t\t<div class=\"elementor-widget-container\">\n\t\t\t\t\t<div class=\"elementor-image-box-wrapper\"><figure class=\"elementor-image-box-img\"><a href=\"https:\/\/fraxenofficial.com\/pt\/categoria-produto\/liquids\/\" tabindex=\"-1\"><img loading=\"lazy\" decoding=\"async\" width=\"800\" height=\"800\" src=\"https:\/\/fraxenofficial.com\/wp-content\/uploads\/2025\/04\/6.webp\" class=\"elementor-animation-grow attachment-full size-full wp-image-1365\" alt=\"Liquids\" srcset=\"https:\/\/fraxenofficial.com\/wp-content\/uploads\/2025\/04\/6.webp 800w, https:\/\/fraxenofficial.com\/wp-content\/uploads\/2025\/04\/6-300x300.webp 300w, https:\/\/fraxenofficial.com\/wp-content\/uploads\/2025\/04\/6-150x150.webp 150w, https:\/\/fraxenofficial.com\/wp-content\/uploads\/2025\/04\/6-768x768.webp 768w, https:\/\/fraxenofficial.com\/wp-content\/uploads\/2025\/04\/6-600x600.webp 600w\" sizes=\"(max-width: 800px) 100vw, 800px\" \/><\/a><\/figure><div class=\"elementor-image-box-content\"><h3 class=\"elementor-image-box-title\"><a href=\"https:\/\/fraxenofficial.com\/pt\/categoria-produto\/liquids\/\">L\u00edquidos<\/a><\/h3><p class=\"elementor-image-box-description\">Os produtos de base l\u00edquida, embalados em garrafas de pl\u00e1stico, s\u00e3o ideais para tarefas que requerem um controlo preciso e um contacto duradouro. S\u00e3o normalmente utilizados para limpeza profunda e manuten\u00e7\u00e3o cont\u00ednua de pe\u00e7as interiores e exteriores de autom\u00f3veis, exigindo frequentemente ferramentas adicionais para aplica\u00e7\u00e3o.<\/p><\/div><\/div>\t\t\t\t<\/div>\n\t\t\t\t<\/div>\n\t\t\t\t<div class=\"elementor-element elementor-element-2b5f87f elementor-position-left elementor-position-top elementor-vertical-align-middle elementor-widget elementor-widget-image-box\" data-id=\"2b5f87f\" data-element_type=\"widget\" data-e-type=\"widget\" data-widget_type=\"image-box.default\">\n\t\t\t\t<div class=\"elementor-widget-container\">\n\t\t\t\t\t<div class=\"elementor-image-box-wrapper\"><figure class=\"elementor-image-box-img\"><a href=\"https:\/\/fraxenofficial.com\/pt\/categoria-produto\/lube-rust-care\/\" tabindex=\"-1\"><img loading=\"lazy\" decoding=\"async\" width=\"800\" height=\"800\" src=\"https:\/\/fraxenofficial.com\/wp-content\/uploads\/2025\/04\/1.webp\" class=\"elementor-animation-grow attachment-full size-full wp-image-1360\" alt=\"\" srcset=\"https:\/\/fraxenofficial.com\/wp-content\/uploads\/2025\/04\/1.webp 800w, https:\/\/fraxenofficial.com\/wp-content\/uploads\/2025\/04\/1-300x300.webp 300w, https:\/\/fraxenofficial.com\/wp-content\/uploads\/2025\/04\/1-150x150.webp 150w, https:\/\/fraxenofficial.com\/wp-content\/uploads\/2025\/04\/1-768x768.webp 768w, https:\/\/fraxenofficial.com\/wp-content\/uploads\/2025\/04\/1-600x600.webp 600w\" sizes=\"(max-width: 800px) 100vw, 800px\" \/><\/a><\/figure><div class=\"elementor-image-box-content\"><h3 class=\"elementor-image-box-title\"><a href=\"https:\/\/fraxenofficial.com\/pt\/categoria-produto\/lube-rust-care\/\">Lubrifica\u00e7\u00e3o e tratamento de ferrugem<\/a><\/h3><p class=\"elementor-image-box-description\">Os produtos de base l\u00edquida, embalados em garrafas de pl\u00e1stico, s\u00e3o ideais para tarefas que requerem um controlo preciso e um contacto duradouro. S\u00e3o normalmente utilizados para limpeza profunda e manuten\u00e7\u00e3o cont\u00ednua de pe\u00e7as interiores e exteriores de autom\u00f3veis, exigindo frequentemente ferramentas adicionais para aplica\u00e7\u00e3o.<\/p><\/div><\/div>\t\t\t\t<\/div>\n\t\t\t\t<\/div>\n\t\t\t\t<div class=\"elementor-element elementor-element-a782b1b elementor-position-left elementor-position-top elementor-vertical-align-middle elementor-widget elementor-widget-image-box\" data-id=\"a782b1b\" data-element_type=\"widget\" data-e-type=\"widget\" data-widget_type=\"image-box.default\">\n\t\t\t\t<div class=\"elementor-widget-container\">\n\t\t\t\t\t<div class=\"elementor-image-box-wrapper\"><figure class=\"elementor-image-box-img\"><a href=\"https:\/\/fraxenofficial.com\/pt\/categoria-produto\/multipurpose\/\" tabindex=\"-1\"><img loading=\"lazy\" decoding=\"async\" width=\"800\" height=\"800\" src=\"https:\/\/fraxenofficial.com\/wp-content\/uploads\/2025\/04\/4.webp\" class=\"elementor-animation-grow attachment-full size-full wp-image-1363\" alt=\"\" srcset=\"https:\/\/fraxenofficial.com\/wp-content\/uploads\/2025\/04\/4.webp 800w, https:\/\/fraxenofficial.com\/wp-content\/uploads\/2025\/04\/4-300x300.webp 300w, https:\/\/fraxenofficial.com\/wp-content\/uploads\/2025\/04\/4-150x150.webp 150w, https:\/\/fraxenofficial.com\/wp-content\/uploads\/2025\/04\/4-768x768.webp 768w, https:\/\/fraxenofficial.com\/wp-content\/uploads\/2025\/04\/4-600x600.webp 600w\" sizes=\"(max-width: 800px) 100vw, 800px\" \/><\/a><\/figure><div class=\"elementor-image-box-content\"><h3 class=\"elementor-image-box-title\"><a href=\"https:\/\/fraxenofficial.com\/pt\/categoria-produto\/multipurpose\/\">Polivalente<\/a><\/h3><p class=\"elementor-image-box-description\">Os produtos de base l\u00edquida, embalados em garrafas de pl\u00e1stico, s\u00e3o ideais para tarefas que requerem um controlo preciso e um contacto duradouro. S\u00e3o normalmente utilizados para limpeza profunda e manuten\u00e7\u00e3o cont\u00ednua de pe\u00e7as interiores e exteriores de autom\u00f3veis, exigindo frequentemente ferramentas adicionais para aplica\u00e7\u00e3o.<\/p><\/div><\/div>\t\t\t\t<\/div>\n\t\t\t\t<\/div>\n\t\t\t\t<\/div>\n\t\t\t\t\t<\/div>\n\t\t\t\t<\/div>\n\t\t\t\t<\/div>","protected":false},"excerpt":{"rendered":"<p>FRAXEN LAB offers two main categories of automotive care products to meet diverse needs: liquid-based products and aerosol products. Liquid-based<\/p>","protected":false},"author":1,"featured_media":0,"parent":0,"menu_order":0,"comment_status":"closed","ping_status":"closed","template":"","meta":{"footnotes":""},"class_list":["post-783","page","type-page","status-publish","hentry"],"_links":{"self":[{"href":"https:\/\/fraxenofficial.com\/pt\/wp-json\/wp\/v2\/pages\/783","targetHints":{"allow":["GET"]}}],"collection":[{"href":"https:\/\/fraxenofficial.com\/pt\/wp-json\/wp\/v2\/pages"}],"about":[{"href":"https:\/\/fraxenofficial.com\/pt\/wp-json\/wp\/v2\/types\/page"}],"author":[{"embeddable":true,"href":"https:\/\/fraxenofficial.com\/pt\/wp-json\/wp\/v2\/users\/1"}],"replies":[{"embeddable":true,"href":"https:\/\/fraxenofficial.com\/pt\/wp-json\/wp\/v2\/comments?post=783"}],"version-history":[{"count":0,"href":"https:\/\/fraxenofficial.com\/pt\/wp-json\/wp\/v2\/pages\/783\/revisions"}],"wp:attachment":[{"href":"https:\/\/fraxenofficial.com\/pt\/wp-json\/wp\/v2\/media?parent=783"}],"curies":[{"name":"wp","href":"https:\/\/api.w.org\/{rel}","templated":true}]}}