{"id":983,"date":"2025-03-25T02:50:34","date_gmt":"2025-03-25T02:50:34","guid":{"rendered":"https:\/\/fraxenofficial.com\/?page_id=983"},"modified":"2025-05-27T07:40:12","modified_gmt":"2025-05-27T07:40:12","slug":"factory-overview","status":"publish","type":"page","link":"https:\/\/fraxenofficial.com\/pt\/factory-overview\/","title":{"rendered":"Vis\u00e3o geral da f\u00e1brica"},"content":{"rendered":"<div data-elementor-type=\"wp-page\" data-elementor-id=\"983\" class=\"elementor elementor-983\" data-elementor-post-type=\"page\">\n\t\t\t\t<div class=\"wd-negative-gap elementor-element elementor-element-424b1267 e-flex e-con-boxed e-con e-parent\" data-id=\"424b1267\" data-element_type=\"container\" data-e-type=\"container\">\n\t\t\t\t\t<div class=\"e-con-inner\">\n\t\t\t\t<div class=\"elementor-element elementor-element-1140b814 color-scheme-inherit text-left elementor-widget elementor-widget-text-editor\" data-id=\"1140b814\" data-element_type=\"widget\" data-e-type=\"widget\" data-widget_type=\"text-editor.default\">\n\t\t\t\t<div class=\"elementor-widget-container\">\n\t\t\t\t\t\t\t\t\t<h1><strong><b>\ud83c\udde8\ud83c\uddf3 Instala\u00e7\u00f5es dom\u00e9sticas - China<\/b><\/strong><\/h1><h2>Base de enchimento e processamento de aeross\u00f3is para refrigerantes e produtos autom\u00f3veis<\/h2><p>Na China, a FRAXEN LAB utiliza uma rede de parceiros de produ\u00e7\u00e3o de confian\u00e7a e colabora\u00e7\u00f5es OEM de longo prazo para garantir uma produ\u00e7\u00e3o consistente e de elevada capacidade em todas as categorias principais:<\/p><ul><li>Enchimento de refrigerante: Abrangendo R134a, R1234yf, R600a e outras misturas convencionais, com purifica\u00e7\u00e3o rigorosa e capacidades de enchimento em grande escala.<\/li><li>Aeross\u00f3is para autom\u00f3veis: Incluindo produtos de limpeza, lubrificantes e espumas de manuten\u00e7\u00e3o, produzidos atrav\u00e9s de linhas avan\u00e7adas de enchimento de aeross\u00f3is e l\u00edquidos.<\/li><li>Servi\u00e7os integrados: Suporte para embalagens personalizadas, rotulagem, formula\u00e7\u00e3o e produ\u00e7\u00e3o em v\u00e1rios formatos para clientes globais OEM\/ODM.<\/li><\/ul><p>Esta rede dom\u00e9stica constitui a espinha dorsal da nossa cadeia de fornecimento flex\u00edvel e eficiente, permitindo uma resposta r\u00e1pida \u00e0s exig\u00eancias do mercado, mantendo um rigoroso controlo de qualidade.<\/p><h1><strong><b>\ud83c\uddf0\ud83c\udded Facilidade para o Ultramar - Camboja<\/b><\/strong><\/h1><h2>Svay Rieng - Centro de enchimento global e fluoroqu\u00edmico a montante<\/h2><p>As nossas instala\u00e7\u00f5es no Camboja desempenham um papel fundamental nas opera\u00e7\u00f5es a montante e de exporta\u00e7\u00e3o:<\/p><ul><li>Desenvolvimento de mat\u00e9rias-primas fluoroqu\u00edmicas: Incluindo projectos em curso em HF e linhas de fornecimento relacionadas.<\/li><li>Enchimento no local para exporta\u00e7\u00e3o: Equipado com linhas multi-formato para refrigerantes e produtos autom\u00f3veis.<\/li><li>Localiza\u00e7\u00e3o log\u00edstica estrat\u00e9gica: Adjacente ao Vietname e a apenas duas horas do Porto de Ho Chi Minh, oferecendo vantagens em termos de custos e tarifas para a ASEAN e clientes globais.<\/li><\/ul><p>Ao combinar o controlo de materiais a montante e o acesso \u00e0 log\u00edstica global, esta instala\u00e7\u00e3o aumenta a resili\u00eancia da cadeia de abastecimento e a capacidade de resposta do mercado internacional.<\/p><p>\u00a0<\/p>\t\t\t\t\t\t\t\t<\/div>\n\t\t\t\t<\/div>\n\t\t<div class=\"elementor-element elementor-element-cdc2d9b e-con-full e-flex e-con e-child\" data-id=\"cdc2d9b\" data-element_type=\"container\" data-e-type=\"container\">\n\t\t\t\t<div class=\"elementor-element elementor-element-405667f wd-width-100 elementor-widget elementor-widget-wd_images_gallery\" data-id=\"405667f\" data-element_type=\"widget\" data-e-type=\"widget\" data-widget_type=\"wd_images_gallery.default\">\n\t\t\t\t<div class=\"elementor-widget-container\">\n\t\t\t\t\t\t\t<div class=\"wd-images-gallery photoswipe-images wd-carousel-container\" style=\"--wd-align-items:center; --wd-justify-content:center;\">\n\t\t\t\t\t\t\t<div class=\"wd-carousel-inner\">\n\t\t\t\t\t\t<div class=\"wd-carousel wd-grid\" data-scroll_per_page=\"yes\" style=\"--wd-col-lg:4;--wd-col-md:4;--wd-col-sm:1;--wd-gap-lg:10px;\">\n\t\t\t\t\t\t\t\t\t<div class=\"wd-carousel-wrap\">\n\t\t\t\t\t\t\t\t\t\t\t\t\t\t\t\t\t\t<div class=\"wd-gallery-item wd-carousel-item\">\n\t\t\t\t\t\t\t\t\t\t\t\t\t<a  href=\"https:\/\/fraxenofficial.com\/wp-content\/uploads\/2025\/03\/1.webp\" data-width=\"800\" data-height=\"800\" data-index=\"1\" data-elementor-open-lightbox=\"no\">\n\t\t\t\t\t\t\n\t\t\t\t\t\t<img fetchpriority=\"high\" decoding=\"async\" width=\"768\" height=\"768\" src=\"https:\/\/fraxenofficial.com\/wp-content\/uploads\/2025\/03\/1-768x768.webp\" class=\"attachment-medium_large size-medium_large\" alt=\"1\" srcset=\"https:\/\/fraxenofficial.com\/wp-content\/uploads\/2025\/03\/1-768x768.webp 768w, https:\/\/fraxenofficial.com\/wp-content\/uploads\/2025\/03\/1-300x300.webp 300w, https:\/\/fraxenofficial.com\/wp-content\/uploads\/2025\/03\/1-150x150.webp 150w, https:\/\/fraxenofficial.com\/wp-content\/uploads\/2025\/03\/1-600x600.webp 600w, https:\/\/fraxenofficial.com\/wp-content\/uploads\/2025\/03\/1.webp 800w\" sizes=\"(max-width: 768px) 100vw, 768px\" \/>\n\t\t\t\t\t\t\t\t\t\t\t\t\t<\/a>\n\t\t\t\t\t\t\t\t\t\t\t<\/div>\n\t\t\t\t\t\t\t\t\t\t\t\t\t\t\t<div class=\"wd-gallery-item wd-carousel-item\">\n\t\t\t\t\t\t\t\t\t\t\t\t\t<a  href=\"https:\/\/fraxenofficial.com\/wp-content\/uploads\/2025\/03\/18.webp\" data-width=\"800\" data-height=\"800\" data-index=\"2\" data-elementor-open-lightbox=\"no\">\n\t\t\t\t\t\t\n\t\t\t\t\t\t<img decoding=\"async\" width=\"768\" height=\"768\" src=\"https:\/\/fraxenofficial.com\/wp-content\/uploads\/2025\/03\/18-768x768.webp\" class=\"attachment-medium_large size-medium_large\" alt=\"18\" srcset=\"https:\/\/fraxenofficial.com\/wp-content\/uploads\/2025\/03\/18-768x768.webp 768w, https:\/\/fraxenofficial.com\/wp-content\/uploads\/2025\/03\/18-300x300.webp 300w, https:\/\/fraxenofficial.com\/wp-content\/uploads\/2025\/03\/18-150x150.webp 150w, https:\/\/fraxenofficial.com\/wp-content\/uploads\/2025\/03\/18-600x600.webp 600w, https:\/\/fraxenofficial.com\/wp-content\/uploads\/2025\/03\/18.webp 800w\" sizes=\"(max-width: 768px) 100vw, 768px\" \/>\n\t\t\t\t\t\t\t\t\t\t\t\t\t<\/a>\n\t\t\t\t\t\t\t\t\t\t\t<\/div>\n\t\t\t\t\t\t\t\t\t\t\t\t\t\t\t<div class=\"wd-gallery-item wd-carousel-item\">\n\t\t\t\t\t\t\t\t\t\t\t\t\t<a  href=\"https:\/\/fraxenofficial.com\/wp-content\/uploads\/2025\/03\/17.webp\" data-width=\"800\" data-height=\"800\" data-index=\"3\" data-elementor-open-lightbox=\"no\">\n\t\t\t\t\t\t\n\t\t\t\t\t\t<img decoding=\"async\" width=\"768\" height=\"768\" src=\"https:\/\/fraxenofficial.com\/wp-content\/uploads\/2025\/03\/17-768x768.webp\" class=\"attachment-medium_large size-medium_large\" alt=\"17\" srcset=\"https:\/\/fraxenofficial.com\/wp-content\/uploads\/2025\/03\/17-768x768.webp 768w, https:\/\/fraxenofficial.com\/wp-content\/uploads\/2025\/03\/17-300x300.webp 300w, https:\/\/fraxenofficial.com\/wp-content\/uploads\/2025\/03\/17-150x150.webp 150w, https:\/\/fraxenofficial.com\/wp-content\/uploads\/2025\/03\/17-600x600.webp 600w, https:\/\/fraxenofficial.com\/wp-content\/uploads\/2025\/03\/17.webp 800w\" sizes=\"(max-width: 768px) 100vw, 768px\" \/>\n\t\t\t\t\t\t\t\t\t\t\t\t\t<\/a>\n\t\t\t\t\t\t\t\t\t\t\t<\/div>\n\t\t\t\t\t\t\t\t\t\t\t\t\t\t\t<div class=\"wd-gallery-item wd-carousel-item\">\n\t\t\t\t\t\t\t\t\t\t\t\t\t<a  href=\"https:\/\/fraxenofficial.com\/wp-content\/uploads\/2025\/03\/16.webp\" data-width=\"800\" data-height=\"800\" data-index=\"4\" data-elementor-open-lightbox=\"no\">\n\t\t\t\t\t\t\n\t\t\t\t\t\t<img loading=\"lazy\" decoding=\"async\" width=\"768\" height=\"768\" src=\"https:\/\/fraxenofficial.com\/wp-content\/uploads\/2025\/03\/16-768x768.webp\" class=\"attachment-medium_large size-medium_large\" alt=\"16\" srcset=\"https:\/\/fraxenofficial.com\/wp-content\/uploads\/2025\/03\/16-768x768.webp 768w, https:\/\/fraxenofficial.com\/wp-content\/uploads\/2025\/03\/16-300x300.webp 300w, https:\/\/fraxenofficial.com\/wp-content\/uploads\/2025\/03\/16-150x150.webp 150w, https:\/\/fraxenofficial.com\/wp-content\/uploads\/2025\/03\/16-600x600.webp 600w, https:\/\/fraxenofficial.com\/wp-content\/uploads\/2025\/03\/16.webp 800w\" sizes=\"(max-width: 768px) 100vw, 768px\" \/>\n\t\t\t\t\t\t\t\t\t\t\t\t\t<\/a>\n\t\t\t\t\t\t\t\t\t\t\t<\/div>\n\t\t\t\t\t\t\t\t\t\t\t\t\t\t\t<div class=\"wd-gallery-item wd-carousel-item\">\n\t\t\t\t\t\t\t\t\t\t\t\t\t<a  href=\"https:\/\/fraxenofficial.com\/wp-content\/uploads\/2025\/03\/15.webp\" data-width=\"800\" data-height=\"800\" data-index=\"5\" data-elementor-open-lightbox=\"no\">\n\t\t\t\t\t\t\n\t\t\t\t\t\t<img loading=\"lazy\" decoding=\"async\" width=\"768\" height=\"768\" src=\"https:\/\/fraxenofficial.com\/wp-content\/uploads\/2025\/03\/15-768x768.webp\" class=\"attachment-medium_large size-medium_large\" alt=\"15\" srcset=\"https:\/\/fraxenofficial.com\/wp-content\/uploads\/2025\/03\/15-768x768.webp 768w, https:\/\/fraxenofficial.com\/wp-content\/uploads\/2025\/03\/15-300x300.webp 300w, https:\/\/fraxenofficial.com\/wp-content\/uploads\/2025\/03\/15-150x150.webp 150w, https:\/\/fraxenofficial.com\/wp-content\/uploads\/2025\/03\/15-600x600.webp 600w, https:\/\/fraxenofficial.com\/wp-content\/uploads\/2025\/03\/15.webp 800w\" sizes=\"(max-width: 768px) 100vw, 768px\" \/>\n\t\t\t\t\t\t\t\t\t\t\t\t\t<\/a>\n\t\t\t\t\t\t\t\t\t\t\t<\/div>\n\t\t\t\t\t\t\t\t\t\t\t\t\t\t\t<div class=\"wd-gallery-item wd-carousel-item\">\n\t\t\t\t\t\t\t\t\t\t\t\t\t<a  href=\"https:\/\/fraxenofficial.com\/wp-content\/uploads\/2025\/03\/14.webp\" data-width=\"800\" data-height=\"800\" data-index=\"6\" data-elementor-open-lightbox=\"no\">\n\t\t\t\t\t\t\n\t\t\t\t\t\t<img loading=\"lazy\" decoding=\"async\" width=\"768\" height=\"768\" src=\"https:\/\/fraxenofficial.com\/wp-content\/uploads\/2025\/03\/14-768x768.webp\" class=\"attachment-medium_large size-medium_large\" alt=\"14\" srcset=\"https:\/\/fraxenofficial.com\/wp-content\/uploads\/2025\/03\/14-768x768.webp 768w, https:\/\/fraxenofficial.com\/wp-content\/uploads\/2025\/03\/14-300x300.webp 300w, https:\/\/fraxenofficial.com\/wp-content\/uploads\/2025\/03\/14-150x150.webp 150w, https:\/\/fraxenofficial.com\/wp-content\/uploads\/2025\/03\/14-600x600.webp 600w, https:\/\/fraxenofficial.com\/wp-content\/uploads\/2025\/03\/14.webp 800w\" sizes=\"(max-width: 768px) 100vw, 768px\" \/>\n\t\t\t\t\t\t\t\t\t\t\t\t\t<\/a>\n\t\t\t\t\t\t\t\t\t\t\t<\/div>\n\t\t\t\t\t\t\t\t\t\t\t\t\t\t\t<div class=\"wd-gallery-item wd-carousel-item\">\n\t\t\t\t\t\t\t\t\t\t\t\t\t<a  href=\"https:\/\/fraxenofficial.com\/wp-content\/uploads\/2025\/03\/13.webp\" data-width=\"800\" data-height=\"800\" data-index=\"7\" data-elementor-open-lightbox=\"no\">\n\t\t\t\t\t\t\n\t\t\t\t\t\t<img loading=\"lazy\" decoding=\"async\" width=\"768\" height=\"768\" src=\"https:\/\/fraxenofficial.com\/wp-content\/uploads\/2025\/03\/13-768x768.webp\" class=\"attachment-medium_large size-medium_large\" alt=\"13\" srcset=\"https:\/\/fraxenofficial.com\/wp-content\/uploads\/2025\/03\/13-768x768.webp 768w, https:\/\/fraxenofficial.com\/wp-content\/uploads\/2025\/03\/13-300x300.webp 300w, https:\/\/fraxenofficial.com\/wp-content\/uploads\/2025\/03\/13-150x150.webp 150w, https:\/\/fraxenofficial.com\/wp-content\/uploads\/2025\/03\/13-600x600.webp 600w, https:\/\/fraxenofficial.com\/wp-content\/uploads\/2025\/03\/13.webp 800w\" sizes=\"(max-width: 768px) 100vw, 768px\" \/>\n\t\t\t\t\t\t\t\t\t\t\t\t\t<\/a>\n\t\t\t\t\t\t\t\t\t\t\t<\/div>\n\t\t\t\t\t\t\t\t\t\t\t\t\t\t\t<div class=\"wd-gallery-item wd-carousel-item\">\n\t\t\t\t\t\t\t\t\t\t\t\t\t<a  href=\"https:\/\/fraxenofficial.com\/wp-content\/uploads\/2025\/03\/12.webp\" data-width=\"800\" data-height=\"800\" data-index=\"8\" data-elementor-open-lightbox=\"no\">\n\t\t\t\t\t\t\n\t\t\t\t\t\t<img loading=\"lazy\" decoding=\"async\" width=\"768\" height=\"768\" src=\"https:\/\/fraxenofficial.com\/wp-content\/uploads\/2025\/03\/12-768x768.webp\" class=\"attachment-medium_large size-medium_large\" alt=\"12\" srcset=\"https:\/\/fraxenofficial.com\/wp-content\/uploads\/2025\/03\/12-768x768.webp 768w, https:\/\/fraxenofficial.com\/wp-content\/uploads\/2025\/03\/12-300x300.webp 300w, https:\/\/fraxenofficial.com\/wp-content\/uploads\/2025\/03\/12-150x150.webp 150w, https:\/\/fraxenofficial.com\/wp-content\/uploads\/2025\/03\/12-600x600.webp 600w, https:\/\/fraxenofficial.com\/wp-content\/uploads\/2025\/03\/12.webp 800w\" sizes=\"(max-width: 768px) 100vw, 768px\" \/>\n\t\t\t\t\t\t\t\t\t\t\t\t\t<\/a>\n\t\t\t\t\t\t\t\t\t\t\t<\/div>\n\t\t\t\t\t\t\t\t\t\t\t\t\t\t\t<div class=\"wd-gallery-item wd-carousel-item\">\n\t\t\t\t\t\t\t\t\t\t\t\t\t<a  href=\"https:\/\/fraxenofficial.com\/wp-content\/uploads\/2025\/03\/10.webp\" data-width=\"800\" data-height=\"800\" data-index=\"9\" data-elementor-open-lightbox=\"no\">\n\t\t\t\t\t\t\n\t\t\t\t\t\t<img loading=\"lazy\" decoding=\"async\" width=\"768\" height=\"768\" src=\"https:\/\/fraxenofficial.com\/wp-content\/uploads\/2025\/03\/10-768x768.webp\" class=\"attachment-medium_large size-medium_large\" alt=\"10\" srcset=\"https:\/\/fraxenofficial.com\/wp-content\/uploads\/2025\/03\/10-768x768.webp 768w, https:\/\/fraxenofficial.com\/wp-content\/uploads\/2025\/03\/10-300x300.webp 300w, https:\/\/fraxenofficial.com\/wp-content\/uploads\/2025\/03\/10-150x150.webp 150w, https:\/\/fraxenofficial.com\/wp-content\/uploads\/2025\/03\/10-600x600.webp 600w, https:\/\/fraxenofficial.com\/wp-content\/uploads\/2025\/03\/10.webp 800w\" sizes=\"(max-width: 768px) 100vw, 768px\" \/>\n\t\t\t\t\t\t\t\t\t\t\t\t\t<\/a>\n\t\t\t\t\t\t\t\t\t\t\t<\/div>\n\t\t\t\t\t\t\t\t\t\t\t\t\t\t\t<div class=\"wd-gallery-item wd-carousel-item\">\n\t\t\t\t\t\t\t\t\t\t\t\t\t<a  href=\"https:\/\/fraxenofficial.com\/wp-content\/uploads\/2025\/03\/9.webp\" data-width=\"800\" data-height=\"800\" data-index=\"10\" data-elementor-open-lightbox=\"no\">\n\t\t\t\t\t\t\n\t\t\t\t\t\t<img loading=\"lazy\" decoding=\"async\" width=\"768\" height=\"768\" src=\"https:\/\/fraxenofficial.com\/wp-content\/uploads\/2025\/03\/9-768x768.webp\" class=\"attachment-medium_large size-medium_large\" alt=\"9\" srcset=\"https:\/\/fraxenofficial.com\/wp-content\/uploads\/2025\/03\/9-768x768.webp 768w, https:\/\/fraxenofficial.com\/wp-content\/uploads\/2025\/03\/9-300x300.webp 300w, https:\/\/fraxenofficial.com\/wp-content\/uploads\/2025\/03\/9-150x150.webp 150w, https:\/\/fraxenofficial.com\/wp-content\/uploads\/2025\/03\/9-600x600.webp 600w, https:\/\/fraxenofficial.com\/wp-content\/uploads\/2025\/03\/9.webp 800w\" sizes=\"(max-width: 768px) 100vw, 768px\" \/>\n\t\t\t\t\t\t\t\t\t\t\t\t\t<\/a>\n\t\t\t\t\t\t\t\t\t\t\t<\/div>\n\t\t\t\t\t\t\t\t\t\t\t\t\t\t\t<div class=\"wd-gallery-item wd-carousel-item\">\n\t\t\t\t\t\t\t\t\t\t\t\t\t<a  href=\"https:\/\/fraxenofficial.com\/wp-content\/uploads\/2025\/03\/8.webp\" data-width=\"800\" data-height=\"800\" data-index=\"11\" data-elementor-open-lightbox=\"no\">\n\t\t\t\t\t\t\n\t\t\t\t\t\t<img loading=\"lazy\" decoding=\"async\" width=\"768\" height=\"768\" src=\"https:\/\/fraxenofficial.com\/wp-content\/uploads\/2025\/03\/8-768x768.webp\" class=\"attachment-medium_large size-medium_large\" alt=\"8\" srcset=\"https:\/\/fraxenofficial.com\/wp-content\/uploads\/2025\/03\/8-768x768.webp 768w, https:\/\/fraxenofficial.com\/wp-content\/uploads\/2025\/03\/8-300x300.webp 300w, https:\/\/fraxenofficial.com\/wp-content\/uploads\/2025\/03\/8-150x150.webp 150w, https:\/\/fraxenofficial.com\/wp-content\/uploads\/2025\/03\/8-600x600.webp 600w, https:\/\/fraxenofficial.com\/wp-content\/uploads\/2025\/03\/8.webp 800w\" sizes=\"(max-width: 768px) 100vw, 768px\" \/>\n\t\t\t\t\t\t\t\t\t\t\t\t\t<\/a>\n\t\t\t\t\t\t\t\t\t\t\t<\/div>\n\t\t\t\t\t\t\t\t\t\t\t\t\t\t\t<div class=\"wd-gallery-item wd-carousel-item\">\n\t\t\t\t\t\t\t\t\t\t\t\t\t<a  href=\"https:\/\/fraxenofficial.com\/wp-content\/uploads\/2025\/03\/7.webp\" data-width=\"800\" data-height=\"800\" data-index=\"12\" data-elementor-open-lightbox=\"no\">\n\t\t\t\t\t\t\n\t\t\t\t\t\t<img loading=\"lazy\" decoding=\"async\" width=\"768\" height=\"768\" src=\"https:\/\/fraxenofficial.com\/wp-content\/uploads\/2025\/03\/7-768x768.webp\" class=\"attachment-medium_large size-medium_large\" alt=\"7\" srcset=\"https:\/\/fraxenofficial.com\/wp-content\/uploads\/2025\/03\/7-768x768.webp 768w, https:\/\/fraxenofficial.com\/wp-content\/uploads\/2025\/03\/7-300x300.webp 300w, https:\/\/fraxenofficial.com\/wp-content\/uploads\/2025\/03\/7-150x150.webp 150w, https:\/\/fraxenofficial.com\/wp-content\/uploads\/2025\/03\/7-600x600.webp 600w, https:\/\/fraxenofficial.com\/wp-content\/uploads\/2025\/03\/7.webp 800w\" sizes=\"(max-width: 768px) 100vw, 768px\" \/>\n\t\t\t\t\t\t\t\t\t\t\t\t\t<\/a>\n\t\t\t\t\t\t\t\t\t\t\t<\/div>\n\t\t\t\t\t\t\t\t\t\t\t\t\t\t\t<div class=\"wd-gallery-item wd-carousel-item\">\n\t\t\t\t\t\t\t\t\t\t\t\t\t<a  href=\"https:\/\/fraxenofficial.com\/wp-content\/uploads\/2025\/03\/6.webp\" data-width=\"800\" data-height=\"800\" data-index=\"13\" data-elementor-open-lightbox=\"no\">\n\t\t\t\t\t\t\n\t\t\t\t\t\t<img loading=\"lazy\" decoding=\"async\" width=\"768\" height=\"768\" src=\"https:\/\/fraxenofficial.com\/wp-content\/uploads\/2025\/03\/6-768x768.webp\" class=\"attachment-medium_large size-medium_large\" alt=\"6\" srcset=\"https:\/\/fraxenofficial.com\/wp-content\/uploads\/2025\/03\/6-768x768.webp 768w, https:\/\/fraxenofficial.com\/wp-content\/uploads\/2025\/03\/6-300x300.webp 300w, https:\/\/fraxenofficial.com\/wp-content\/uploads\/2025\/03\/6-150x150.webp 150w, https:\/\/fraxenofficial.com\/wp-content\/uploads\/2025\/03\/6-600x600.webp 600w, https:\/\/fraxenofficial.com\/wp-content\/uploads\/2025\/03\/6.webp 800w\" sizes=\"(max-width: 768px) 100vw, 768px\" \/>\n\t\t\t\t\t\t\t\t\t\t\t\t\t<\/a>\n\t\t\t\t\t\t\t\t\t\t\t<\/div>\n\t\t\t\t\t\t\t\t\t\t\t\t\t\t\t<div class=\"wd-gallery-item wd-carousel-item\">\n\t\t\t\t\t\t\t\t\t\t\t\t\t<a  href=\"https:\/\/fraxenofficial.com\/wp-content\/uploads\/2025\/03\/5.webp\" data-width=\"800\" data-height=\"800\" data-index=\"14\" data-elementor-open-lightbox=\"no\">\n\t\t\t\t\t\t\n\t\t\t\t\t\t<img loading=\"lazy\" decoding=\"async\" width=\"768\" height=\"768\" src=\"https:\/\/fraxenofficial.com\/wp-content\/uploads\/2025\/03\/5-768x768.webp\" class=\"attachment-medium_large size-medium_large\" alt=\"5\" srcset=\"https:\/\/fraxenofficial.com\/wp-content\/uploads\/2025\/03\/5-768x768.webp 768w, https:\/\/fraxenofficial.com\/wp-content\/uploads\/2025\/03\/5-300x300.webp 300w, https:\/\/fraxenofficial.com\/wp-content\/uploads\/2025\/03\/5-150x150.webp 150w, https:\/\/fraxenofficial.com\/wp-content\/uploads\/2025\/03\/5-600x600.webp 600w, https:\/\/fraxenofficial.com\/wp-content\/uploads\/2025\/03\/5.webp 800w\" sizes=\"(max-width: 768px) 100vw, 768px\" \/>\n\t\t\t\t\t\t\t\t\t\t\t\t\t<\/a>\n\t\t\t\t\t\t\t\t\t\t\t<\/div>\n\t\t\t\t\t\t\t\t\t\t\t\t\t\t\t<div class=\"wd-gallery-item wd-carousel-item\">\n\t\t\t\t\t\t\t\t\t\t\t\t\t<a  href=\"https:\/\/fraxenofficial.com\/wp-content\/uploads\/2025\/03\/4.webp\" data-width=\"800\" data-height=\"800\" data-index=\"15\" data-elementor-open-lightbox=\"no\">\n\t\t\t\t\t\t\n\t\t\t\t\t\t<img loading=\"lazy\" decoding=\"async\" width=\"768\" height=\"768\" src=\"https:\/\/fraxenofficial.com\/wp-content\/uploads\/2025\/03\/4-768x768.webp\" class=\"attachment-medium_large size-medium_large\" alt=\"4\" srcset=\"https:\/\/fraxenofficial.com\/wp-content\/uploads\/2025\/03\/4-768x768.webp 768w, https:\/\/fraxenofficial.com\/wp-content\/uploads\/2025\/03\/4-300x300.webp 300w, https:\/\/fraxenofficial.com\/wp-content\/uploads\/2025\/03\/4-150x150.webp 150w, https:\/\/fraxenofficial.com\/wp-content\/uploads\/2025\/03\/4-600x600.webp 600w, https:\/\/fraxenofficial.com\/wp-content\/uploads\/2025\/03\/4.webp 800w\" sizes=\"(max-width: 768px) 100vw, 768px\" \/>\n\t\t\t\t\t\t\t\t\t\t\t\t\t<\/a>\n\t\t\t\t\t\t\t\t\t\t\t<\/div>\n\t\t\t\t\t\t\t\t\t\t\t\t\t\t\t<div class=\"wd-gallery-item wd-carousel-item\">\n\t\t\t\t\t\t\t\t\t\t\t\t\t<a  href=\"https:\/\/fraxenofficial.com\/wp-content\/uploads\/2025\/03\/3.webp\" data-width=\"800\" data-height=\"800\" data-index=\"16\" data-elementor-open-lightbox=\"no\">\n\t\t\t\t\t\t\n\t\t\t\t\t\t<img loading=\"lazy\" decoding=\"async\" width=\"768\" height=\"768\" src=\"https:\/\/fraxenofficial.com\/wp-content\/uploads\/2025\/03\/3-768x768.webp\" class=\"attachment-medium_large size-medium_large\" alt=\"3\" srcset=\"https:\/\/fraxenofficial.com\/wp-content\/uploads\/2025\/03\/3-768x768.webp 768w, https:\/\/fraxenofficial.com\/wp-content\/uploads\/2025\/03\/3-300x300.webp 300w, https:\/\/fraxenofficial.com\/wp-content\/uploads\/2025\/03\/3-150x150.webp 150w, https:\/\/fraxenofficial.com\/wp-content\/uploads\/2025\/03\/3-600x600.webp 600w, https:\/\/fraxenofficial.com\/wp-content\/uploads\/2025\/03\/3.webp 800w\" sizes=\"(max-width: 768px) 100vw, 768px\" \/>\n\t\t\t\t\t\t\t\t\t\t\t\t\t<\/a>\n\t\t\t\t\t\t\t\t\t\t\t<\/div>\n\t\t\t\t\t\t\t\t\t\t\t\t\t\t\t<div class=\"wd-gallery-item wd-carousel-item\">\n\t\t\t\t\t\t\t\t\t\t\t\t\t<a  href=\"https:\/\/fraxenofficial.com\/wp-content\/uploads\/2025\/03\/2.webp\" data-width=\"800\" data-height=\"800\" data-index=\"17\" data-elementor-open-lightbox=\"no\">\n\t\t\t\t\t\t\n\t\t\t\t\t\t<img loading=\"lazy\" decoding=\"async\" width=\"768\" height=\"768\" src=\"https:\/\/fraxenofficial.com\/wp-content\/uploads\/2025\/03\/2-768x768.webp\" class=\"attachment-medium_large size-medium_large\" alt=\"2\" srcset=\"https:\/\/fraxenofficial.com\/wp-content\/uploads\/2025\/03\/2-768x768.webp 768w, https:\/\/fraxenofficial.com\/wp-content\/uploads\/2025\/03\/2-300x300.webp 300w, https:\/\/fraxenofficial.com\/wp-content\/uploads\/2025\/03\/2-150x150.webp 150w, https:\/\/fraxenofficial.com\/wp-content\/uploads\/2025\/03\/2-600x600.webp 600w, https:\/\/fraxenofficial.com\/wp-content\/uploads\/2025\/03\/2.webp 800w\" sizes=\"(max-width: 768px) 100vw, 768px\" \/>\n\t\t\t\t\t\t\t\t\t\t\t\t\t<\/a>\n\t\t\t\t\t\t\t\t\t\t\t<\/div>\n\t\t\t\t\t\t\t\t\t\t\t\t\t\t\t\t<\/div>\n\t\t\t\t\t\t\t\t<\/div>\n\t\t\t\t\t\t\t\t\t\t\t\t\t\t<div class=\"wd-nav-arrows wd-pos-sep wd-hover-1 wd-icon-1\">\n\t\t\t<div class=\"wd-btn-arrow wd-prev wd-disabled\">\n\t\t\t\t<div class=\"wd-arrow-inner\"><\/div>\n\t\t\t<\/div>\n\t\t\t<div class=\"wd-btn-arrow wd-next\">\n\t\t\t\t<div class=\"wd-arrow-inner\"><\/div>\n\t\t\t<\/div>\n\t\t<\/div>\n\t\t\t\t\t\t\n\t\t\t\t<\/div>\n\n\t\t\t\t\t\t<div class=\"wd-nav-pagin-wrap text-center wd-style-shape wd-hide-md-sm wd-hide-sm\">\n\t\t\t<ul class=\"wd-nav-pagin\"><\/ul>\n\t\t<\/div>\n\t\t\t\t\t\t\t\t\t\t\t<\/div>\n\t\t\t\t\t\t<\/div>\n\t\t\t\t<\/div>\n\t\t\t\t<\/div>\n\t\t\t\t\t<\/div>\n\t\t\t\t<\/div>\n\t\t\t\t<\/div>","protected":false},"excerpt":{"rendered":"<p>\ud83c\udde8\ud83c\uddf3 Instala\u00e7\u00f5es dom\u00e9sticas - Base de processamento e enchimento de aeross\u00f3is na China para refrigerantes e produtos autom\u00f3veis Na China, a FRAXEN LAB tira partido de<\/p>","protected":false},"author":1,"featured_media":0,"parent":0,"menu_order":0,"comment_status":"closed","ping_status":"closed","template":"","meta":{"footnotes":""},"class_list":["post-983","page","type-page","status-publish","hentry"],"_links":{"self":[{"href":"https:\/\/fraxenofficial.com\/pt\/wp-json\/wp\/v2\/pages\/983","targetHints":{"allow":["GET"]}}],"collection":[{"href":"https:\/\/fraxenofficial.com\/pt\/wp-json\/wp\/v2\/pages"}],"about":[{"href":"https:\/\/fraxenofficial.com\/pt\/wp-json\/wp\/v2\/types\/page"}],"author":[{"embeddable":true,"href":"https:\/\/fraxenofficial.com\/pt\/wp-json\/wp\/v2\/users\/1"}],"replies":[{"embeddable":true,"href":"https:\/\/fraxenofficial.com\/pt\/wp-json\/wp\/v2\/comments?post=983"}],"version-history":[{"count":3,"href":"https:\/\/fraxenofficial.com\/pt\/wp-json\/wp\/v2\/pages\/983\/revisions"}],"predecessor-version":[{"id":1718,"href":"https:\/\/fraxenofficial.com\/pt\/wp-json\/wp\/v2\/pages\/983\/revisions\/1718"}],"wp:attachment":[{"href":"https:\/\/fraxenofficial.com\/pt\/wp-json\/wp\/v2\/media?parent=983"}],"curies":[{"name":"wp","href":"https:\/\/api.w.org\/{rel}","templated":true}]}}