{"id":985,"date":"2025-03-25T02:52:05","date_gmt":"2025-03-25T02:52:05","guid":{"rendered":"https:\/\/fraxenofficial.com\/?page_id=985"},"modified":"2025-05-07T12:02:02","modified_gmt":"2025-05-07T12:02:02","slug":"international","status":"publish","type":"page","link":"https:\/\/fraxenofficial.com\/pt\/international\/","title":{"rendered":"Internacional"},"content":{"rendered":"<div data-elementor-type=\"wp-page\" data-elementor-id=\"985\" class=\"elementor elementor-985\" data-elementor-post-type=\"page\">\n\t\t\t\t<div class=\"wd-negative-gap elementor-element elementor-element-5af542de e-flex e-con-boxed e-con e-parent\" data-id=\"5af542de\" data-element_type=\"container\" data-e-type=\"container\">\n\t\t\t\t\t<div class=\"e-con-inner\">\n\t\t\t\t<div class=\"elementor-element elementor-element-7609bfd9 wd-width-100 elementor-widget elementor-widget-wd_title\" data-id=\"7609bfd9\" data-element_type=\"widget\" data-e-type=\"widget\" data-widget_type=\"wd_title.default\">\n\t\t\t\t<div class=\"elementor-widget-container\">\n\t\t\t\t\t\t\t<div class=\"title-wrapper wd-set-mb reset-last-child wd-title-color-default wd-title-style-default wd-title-size-default text-left\">\n\n\t\t\t\n\t\t\t<div class=\"liner-continer\">\n\t\t\t\t<h2 class=\"woodmart-title-container title wd-fontsize-l\">Opera\u00e7\u00f5es internacionais<\/h2> \n\t\t\t\t\t\t\t<\/div>\n\n\t\t\t\t\t<\/div>\n\t\t\t\t\t\t<\/div>\n\t\t\t\t<\/div>\n\t\t\t\t<div class=\"elementor-element elementor-element-45b78efd wd-el-breadcrumbs text-left elementor-widget elementor-widget-wd_wc_breadcrumb\" data-id=\"45b78efd\" data-element_type=\"widget\" data-e-type=\"widget\" data-widget_type=\"wd_wc_breadcrumb.default\">\n\t\t\t\t<div class=\"elementor-widget-container\">\n\t\t\t\t\t<nav class=\"wd-breadcrumbs woocommerce-breadcrumb\" aria-label=\"P\u00e3o ralado\">\t\t\t\t<span class=\"wd-last\">\n\t\t\t\t\tIn\u00edcio\t\t\t\t<\/span>\n\t\t\t<\/nav>\t\t\t\t<\/div>\n\t\t\t\t<\/div>\n\t\t\t\t\t<\/div>\n\t\t\t\t<\/div>\n\t\t<div class=\"wd-negative-gap elementor-element elementor-element-18a8555 e-flex e-con-boxed e-con e-parent\" data-id=\"18a8555\" data-element_type=\"container\" data-e-type=\"container\">\n\t\t\t\t\t<div class=\"e-con-inner\">\n\t\t<div class=\"elementor-element elementor-element-e96dcdb e-con-full e-flex e-con e-child\" data-id=\"e96dcdb\" data-element_type=\"container\" data-e-type=\"container\">\n\t\t\t\t<div class=\"elementor-element elementor-element-9bdfe26 elementor-widget elementor-widget-wd_text_block\" data-id=\"9bdfe26\" data-element_type=\"widget\" data-e-type=\"widget\" data-widget_type=\"wd_text_block.default\">\n\t\t\t\t<div class=\"elementor-widget-container\">\n\t\t\t\t\t\t\t<div class=\"wd-text-block reset-last-child text-left\">\n\t\t\t\n\t\t\t<p>A atual clientela do FRAXEN LAB est\u00e1 principalmente espalhada pela Am\u00e9rica do Sul, M\u00e9dio Oriente e \u00c1sia Central, onde estabelecemos parcerias fortes e duradouras. Fornecemos produtos de cuidado autom\u00f3vel personalizados que satisfazem as exig\u00eancias \u00fanicas de cada regi\u00e3o. Atrav\u00e9s dos nossos servi\u00e7os OEM e ODM, ajudamos os clientes a criar solu\u00e7\u00f5es que s\u00e3o especificamente concebidas para aumentar a competitividade do mercado local e expandir-se com sucesso al\u00e9m fronteiras.<\/p>\n\t\t\t\t\t<\/div>\n\t\t\t\t\t\t<\/div>\n\t\t\t\t<\/div>\n\t\t\t\t<\/div>\n\t\t<div class=\"elementor-element elementor-element-ea31289 e-con-full e-flex e-con e-child\" data-id=\"ea31289\" data-element_type=\"container\" data-e-type=\"container\">\n\t\t\t\t<div class=\"elementor-element elementor-element-7e4036c elementor-widget elementor-widget-wd_image_or_svg\" data-id=\"7e4036c\" data-element_type=\"widget\" data-e-type=\"widget\" data-widget_type=\"wd_image_or_svg.default\">\n\t\t\t\t<div class=\"elementor-widget-container\">\n\t\t\t\t\t\n\t\t<div class=\"wd-image text-left\">\n\t\t\t\t\t\t\t\t<img fetchpriority=\"high\" decoding=\"async\" width=\"1580\" height=\"889\" src=\"https:\/\/fraxenofficial.com\/wp-content\/uploads\/2025\/03\/map.webp\" class=\"attachment-full size-full\" alt=\"\" srcset=\"https:\/\/fraxenofficial.com\/wp-content\/uploads\/2025\/03\/map.webp 1580w, https:\/\/fraxenofficial.com\/wp-content\/uploads\/2025\/03\/map-300x169.webp 300w, https:\/\/fraxenofficial.com\/wp-content\/uploads\/2025\/03\/map-1024x576.webp 1024w, https:\/\/fraxenofficial.com\/wp-content\/uploads\/2025\/03\/map-768x432.webp 768w, https:\/\/fraxenofficial.com\/wp-content\/uploads\/2025\/03\/map-1536x864.webp 1536w, https:\/\/fraxenofficial.com\/wp-content\/uploads\/2025\/03\/map-1200x675.webp 1200w, https:\/\/fraxenofficial.com\/wp-content\/uploads\/2025\/03\/map-150x84.webp 150w\" sizes=\"(max-width: 1580px) 100vw, 1580px\" \/>\t\t\t\t\t<\/div>\n\n\t\t\t\t\t\t<\/div>\n\t\t\t\t<\/div>\n\t\t\t\t<\/div>\n\t\t\t\t\t<\/div>\n\t\t\t\t<\/div>\n\t\t\t\t<\/div>","protected":false},"excerpt":{"rendered":"<p>International Operations \u9996\u9875 FRAXEN LAB&#8217;s current clientele is primarily spread across South America, the Middle East, and Central Asia, where<\/p>","protected":false},"author":1,"featured_media":0,"parent":0,"menu_order":0,"comment_status":"closed","ping_status":"closed","template":"","meta":{"footnotes":""},"class_list":["post-985","page","type-page","status-publish","hentry"],"_links":{"self":[{"href":"https:\/\/fraxenofficial.com\/pt\/wp-json\/wp\/v2\/pages\/985","targetHints":{"allow":["GET"]}}],"collection":[{"href":"https:\/\/fraxenofficial.com\/pt\/wp-json\/wp\/v2\/pages"}],"about":[{"href":"https:\/\/fraxenofficial.com\/pt\/wp-json\/wp\/v2\/types\/page"}],"author":[{"embeddable":true,"href":"https:\/\/fraxenofficial.com\/pt\/wp-json\/wp\/v2\/users\/1"}],"replies":[{"embeddable":true,"href":"https:\/\/fraxenofficial.com\/pt\/wp-json\/wp\/v2\/comments?post=985"}],"version-history":[{"count":3,"href":"https:\/\/fraxenofficial.com\/pt\/wp-json\/wp\/v2\/pages\/985\/revisions"}],"predecessor-version":[{"id":1667,"href":"https:\/\/fraxenofficial.com\/pt\/wp-json\/wp\/v2\/pages\/985\/revisions\/1667"}],"wp:attachment":[{"href":"https:\/\/fraxenofficial.com\/pt\/wp-json\/wp\/v2\/media?parent=985"}],"curies":[{"name":"wp","href":"https:\/\/api.w.org\/{rel}","templated":true}]}}