{"id":1112,"date":"2025-03-25T08:09:30","date_gmt":"2025-03-25T08:09:30","guid":{"rendered":"https:\/\/fraxenofficial.com\/?post_type=product&#038;p=1112"},"modified":"2025-04-30T16:56:59","modified_gmt":"2025-04-30T16:56:59","slug":"aerosol-products-fl-3","status":"publish","type":"product","link":"https:\/\/fraxenofficial.com\/pt\/produto\/aerosol-products-fl-3\/","title":{"rendered":"COURO RENASCIDO"},"content":{"rendered":"<p>LEATHER REBORN revitaliza e protege as superf\u00edcies de couro com uma mistura nutritiva de \u00f3leos naturais e pol\u00edmeros avan\u00e7ados. A sua f\u00f3rmula n\u00e3o oleosa condiciona em profundidade, evitando fissuras, desbotamento e rigidez, ao mesmo tempo que restaura a suavidade e o brilho natural. Os inibidores de UV protegem contra os danos causados pelo sol e os agentes hidrof\u00f3bicos repelem as manchas e a humidade. Seguro para bancos de autom\u00f3veis, mobili\u00e1rio, malas de m\u00e3o e acess\u00f3rios - testado em couros sint\u00e9ticos, revestidos e de anilina. Aplicar uniformemente, deixar absorver e polir para obter um acabamento mate a brilhante. N\u00e3o cont\u00e9m silicones, parabenos e solventes. Amigo do ambiente, sem crueldade e compat\u00edvel com texturas coloridas ou com relevo. Aumenta a durabilidade e mant\u00e9m a eleg\u00e2ncia de \"como novo\".<\/p>\n<h4 id=\"wd-e071d9da\" style=\"margin-bottom: var(--wd-tags-mb, 20px); font-style: normal; font-weight: var(--wd-title-font-weight); font-family: Satoshi, Arial, Helvetica, sans-serif; font-size: 18px; text-transform: none; --wd-trans-main: all .25s ease;\">Carater\u00edsticas<\/h4>\n<ul>\n<li>Restaura a suavidade e o toque<\/li>\n<li>Condi\u00e7\u00f5es do couro do autom\u00f3vel e do lar<\/li>\n<li>Evita as fissuras e o desbotamento<\/li>\n<li>Prote\u00e7\u00e3o duradoura do couro<\/li>\n<li>Acabamento suave e n\u00e3o oleoso<\/li>\n<li>Seguro para todos os couros<\/li>\n<li>Real\u00e7a o brilho natural<\/li>\n<li>F\u00f3rmula em creme f\u00e1cil de utilizar<\/li>\n<\/ul>","protected":false},"excerpt":{"rendered":"<p>LEATHER REBORN enriquecido com ingredientes nutritivos que penetram nas fibras do couro, remove as manchas ligeiras e repara a secura, as fissuras e o envelhecimento, restaurando a suavidade e a elasticidade originais do couro, adequado para todos os couros e peles sint\u00e9ticas do interior do autom\u00f3vel.<\/p>","protected":false},"featured_media":1093,"comment_status":"open","ping_status":"closed","template":"","meta":[],"product_brand":[],"product_cat":[78,76,15],"product_tag":[],"class_list":{"0":"post-1112","1":"product","2":"type-product","3":"status-publish","4":"has-post-thumbnail","6":"product_cat-interior-exterior","7":"product_cat-liquids","8":"product_cat-multipurpose","10":"first","11":"instock","12":"featured","13":"shipping-taxable","14":"product-type-simple"},"_links":{"self":[{"href":"https:\/\/fraxenofficial.com\/pt\/wp-json\/wp\/v2\/product\/1112","targetHints":{"allow":["GET"]}}],"collection":[{"href":"https:\/\/fraxenofficial.com\/pt\/wp-json\/wp\/v2\/product"}],"about":[{"href":"https:\/\/fraxenofficial.com\/pt\/wp-json\/wp\/v2\/types\/product"}],"replies":[{"embeddable":true,"href":"https:\/\/fraxenofficial.com\/pt\/wp-json\/wp\/v2\/comments?post=1112"}],"version-history":[{"count":2,"href":"https:\/\/fraxenofficial.com\/pt\/wp-json\/wp\/v2\/product\/1112\/revisions"}],"predecessor-version":[{"id":1632,"href":"https:\/\/fraxenofficial.com\/pt\/wp-json\/wp\/v2\/product\/1112\/revisions\/1632"}],"wp:featuredmedia":[{"embeddable":true,"href":"https:\/\/fraxenofficial.com\/pt\/wp-json\/wp\/v2\/media\/1093"}],"wp:attachment":[{"href":"https:\/\/fraxenofficial.com\/pt\/wp-json\/wp\/v2\/media?parent=1112"}],"wp:term":[{"taxonomy":"product_brand","embeddable":true,"href":"https:\/\/fraxenofficial.com\/pt\/wp-json\/wp\/v2\/product_brand?post=1112"},{"taxonomy":"product_cat","embeddable":true,"href":"https:\/\/fraxenofficial.com\/pt\/wp-json\/wp\/v2\/product_cat?post=1112"},{"taxonomy":"product_tag","embeddable":true,"href":"https:\/\/fraxenofficial.com\/pt\/wp-json\/wp\/v2\/product_tag?post=1112"}],"curies":[{"name":"wp","href":"https:\/\/api.w.org\/{rel}","templated":true}]}}