{"id":1114,"date":"2025-03-25T08:10:31","date_gmt":"2025-03-25T08:10:31","guid":{"rendered":"https:\/\/fraxenofficial.com\/?post_type=product&#038;p=1114"},"modified":"2025-04-30T16:57:37","modified_gmt":"2025-04-30T16:57:37","slug":"aerosol-products-fl-4","status":"publish","type":"product","link":"https:\/\/fraxenofficial.com\/pt\/produto\/aerosol-products-fl-4\/","title":{"rendered":"PNEUS E RODAS"},"content":{"rendered":"<p>Potente mas seguro, o TIRE &amp; WHEEL CLEANER remove o p\u00f3 dos trav\u00f5es, a gordura, a sujidade da estrada e a oxida\u00e7\u00e3o dos pneus, jantes e calotas. A sua f\u00f3rmula de pH equilibrado e n\u00e3o \u00e1cida funciona em jantes de liga leve, cromadas, de a\u00e7o e revestidas sem corros\u00e3o ou descolora\u00e7\u00e3o. A a\u00e7\u00e3o da espuma penetra nas fendas, dissolvendo instantaneamente os contaminantes, sem necessidade de esfregar. Enxagua-se sem esfor\u00e7o, restaurando o brilho e prevenindo a ferrugem. Os aditivos est\u00e1veis aos raios UV protegem contra o desbotamento e os danos causados pelo calor. Amigo do ambiente, biodegrad\u00e1vel e seguro para as plantas. Ideal para autom\u00f3veis, cami\u00f5es e motociclos. Pulverizar, deixar repousar e enxaguar para obter resultados de n\u00edvel profissional. Seguro para utiliza\u00e7\u00e3o di\u00e1ria e acabamentos sens\u00edveis ao toque.<\/p>\n<h4 id=\"wd-e071d9da\" style=\"margin-bottom: var(--wd-tags-mb, 20px); font-style: normal; font-weight: var(--wd-title-font-weight); font-family: Satoshi, Arial, Helvetica, sans-serif; font-size: 18px; text-transform: none; --wd-trans-main: all .25s ease;\">Carater\u00edsticas<\/h4>\n<ul>\n<li>Remove rapidamente o p\u00f3 dos trav\u00f5es<\/li>\n<li>Limpa o alcatr\u00e3o e a sujidade<\/li>\n<li>Seguro em todas as rodas<\/li>\n<li>A f\u00f3rmula alcalina limpa em profundidade<\/li>\n<li>Restaura o brilho das jantes<\/li>\n<li>Repele a acumula\u00e7\u00e3o de sujidade<\/li>\n<li>Para pneus e jantes<\/li>\n<li>Pulverizar e limpar rapidamente<\/li>\n<\/ul>","protected":false},"excerpt":{"rendered":"<p>TIRE &amp; WHEEL utiliza uma f\u00f3rmula suave e isenta de \u00e1cidos que decomp\u00f5e rapidamente o p\u00f3 dos trav\u00f5es e as manchas de \u00f3leo dif\u00edceis, facilitando a recupera\u00e7\u00e3o do brilho original das superf\u00edcies limpas dos pneus e das rodas sem corroer a roda ou a borracha.<\/p>","protected":false},"featured_media":1115,"comment_status":"open","ping_status":"closed","template":"","meta":[],"product_brand":[],"product_cat":[78,76],"product_tag":[],"class_list":{"0":"post-1114","1":"product","2":"type-product","3":"status-publish","4":"has-post-thumbnail","6":"product_cat-interior-exterior","7":"product_cat-liquids","9":"first","10":"instock","11":"featured","12":"shipping-taxable","13":"product-type-simple"},"_links":{"self":[{"href":"https:\/\/fraxenofficial.com\/pt\/wp-json\/wp\/v2\/product\/1114","targetHints":{"allow":["GET"]}}],"collection":[{"href":"https:\/\/fraxenofficial.com\/pt\/wp-json\/wp\/v2\/product"}],"about":[{"href":"https:\/\/fraxenofficial.com\/pt\/wp-json\/wp\/v2\/types\/product"}],"replies":[{"embeddable":true,"href":"https:\/\/fraxenofficial.com\/pt\/wp-json\/wp\/v2\/comments?post=1114"}],"version-history":[{"count":3,"href":"https:\/\/fraxenofficial.com\/pt\/wp-json\/wp\/v2\/product\/1114\/revisions"}],"predecessor-version":[{"id":1533,"href":"https:\/\/fraxenofficial.com\/pt\/wp-json\/wp\/v2\/product\/1114\/revisions\/1533"}],"wp:featuredmedia":[{"embeddable":true,"href":"https:\/\/fraxenofficial.com\/pt\/wp-json\/wp\/v2\/media\/1115"}],"wp:attachment":[{"href":"https:\/\/fraxenofficial.com\/pt\/wp-json\/wp\/v2\/media?parent=1114"}],"wp:term":[{"taxonomy":"product_brand","embeddable":true,"href":"https:\/\/fraxenofficial.com\/pt\/wp-json\/wp\/v2\/product_brand?post=1114"},{"taxonomy":"product_cat","embeddable":true,"href":"https:\/\/fraxenofficial.com\/pt\/wp-json\/wp\/v2\/product_cat?post=1114"},{"taxonomy":"product_tag","embeddable":true,"href":"https:\/\/fraxenofficial.com\/pt\/wp-json\/wp\/v2\/product_tag?post=1114"}],"curies":[{"name":"wp","href":"https:\/\/api.w.org\/{rel}","templated":true}]}}