{"id":1126,"date":"2025-03-25T08:12:46","date_gmt":"2025-03-25T08:12:46","guid":{"rendered":"https:\/\/fraxenofficial.com\/?post_type=product&#038;p=1126"},"modified":"2025-04-30T16:28:43","modified_gmt":"2025-04-30T16:28:43","slug":"aerosol-products-fl-9","status":"publish","type":"product","link":"https:\/\/fraxenofficial.com\/pt\/produto\/aerosol-products-fl-9\/","title":{"rendered":"RESTAURADOR DE PL\u00c1STICO"},"content":{"rendered":"<p>Transforme os pl\u00e1sticos desgastados sem esfor\u00e7o com o RESTAURADOR DE PL\u00c1STICO. A sua f\u00f3rmula avan\u00e7ada penetra profundamente para restaurar a cor original, eliminar a oxida\u00e7\u00e3o cinzenta e proteger as superf\u00edcies dos danos causados pelos raios UV. Perfeito para acabamentos de autom\u00f3veis, mobili\u00e1rio de exterior, eletr\u00f3nica e ferramentas de pl\u00e1stico. O acabamento n\u00e3o oleoso e sem riscos evita a forma\u00e7\u00e3o de fissuras e mant\u00e9m a flexibilidade. Seguro para todos os tipos de pl\u00e1stico, incluindo superf\u00edcies revestidas ou texturadas - sem solventes, \u00e1cidos ou silicones. Basta aplicar com um pano de microfibras, deixar absorver e limpar para obter resultados imediatos. Ingredientes ecol\u00f3gicos \u00e0 base de plantas garantem a seguran\u00e7a de crian\u00e7as, animais de estima\u00e7\u00e3o e plantas. Testado em laborat\u00f3rio para mais de 6 meses de prote\u00e7\u00e3o duradoura.<\/p>\n<h4 id=\"wd-e071d9da\" style=\"margin-bottom: var(--wd-tags-mb, 20px); font-style: normal; font-weight: var(--wd-title-font-weight); font-family: Satoshi, Arial, Helvetica, sans-serif; font-size: 18px; text-transform: none; --wd-trans-main: all .25s ease;\">Carater\u00edsticas<\/h4>\n<ul>\n<li>Restaura guarni\u00e7\u00f5es de pl\u00e1stico desbotadas<\/li>\n<li>Acabamento preto profundo e rico<\/li>\n<li>Prote\u00e7\u00e3o UV contra o desbotamento<\/li>\n<li>Repele a sujidade e a fuligem<\/li>\n<li>Seguro em todos os pl\u00e1sticos<\/li>\n<li>Resultado suave e sem riscos<\/li>\n<li>Prote\u00e7\u00e3o duradoura da guarni\u00e7\u00e3o<\/li>\n<li>Aplica\u00e7\u00e3o f\u00e1cil com um pano<\/li>\n<\/ul>","protected":false},"excerpt":{"rendered":"<p>O RESTAURADOR DE PL\u00c1STICO rejuvenesce os pl\u00e1sticos desbotados e oxidados para um acabamento como novo, ao mesmo tempo que proporciona uma prote\u00e7\u00e3o resistente aos raios UV. Ideal para interiores de autom\u00f3veis, equipamento de exterior e artigos dom\u00e9sticos. Seguro, ecol\u00f3gico e duradouro - recupera a elasticidade e a cor sem produtos qu\u00edmicos agressivos.<\/p>","protected":false},"featured_media":1127,"comment_status":"open","ping_status":"closed","template":"","meta":[],"product_brand":[],"product_cat":[78,76,15],"product_tag":[],"class_list":{"0":"post-1126","1":"product","2":"type-product","3":"status-publish","4":"has-post-thumbnail","6":"product_cat-interior-exterior","7":"product_cat-liquids","8":"product_cat-multipurpose","10":"first","11":"instock","12":"featured","13":"shipping-taxable","14":"product-type-simple"},"_links":{"self":[{"href":"https:\/\/fraxenofficial.com\/pt\/wp-json\/wp\/v2\/product\/1126","targetHints":{"allow":["GET"]}}],"collection":[{"href":"https:\/\/fraxenofficial.com\/pt\/wp-json\/wp\/v2\/product"}],"about":[{"href":"https:\/\/fraxenofficial.com\/pt\/wp-json\/wp\/v2\/types\/product"}],"replies":[{"embeddable":true,"href":"https:\/\/fraxenofficial.com\/pt\/wp-json\/wp\/v2\/comments?post=1126"}],"version-history":[{"count":3,"href":"https:\/\/fraxenofficial.com\/pt\/wp-json\/wp\/v2\/product\/1126\/revisions"}],"predecessor-version":[{"id":1546,"href":"https:\/\/fraxenofficial.com\/pt\/wp-json\/wp\/v2\/product\/1126\/revisions\/1546"}],"wp:featuredmedia":[{"embeddable":true,"href":"https:\/\/fraxenofficial.com\/pt\/wp-json\/wp\/v2\/media\/1127"}],"wp:attachment":[{"href":"https:\/\/fraxenofficial.com\/pt\/wp-json\/wp\/v2\/media?parent=1126"}],"wp:term":[{"taxonomy":"product_brand","embeddable":true,"href":"https:\/\/fraxenofficial.com\/pt\/wp-json\/wp\/v2\/product_brand?post=1126"},{"taxonomy":"product_cat","embeddable":true,"href":"https:\/\/fraxenofficial.com\/pt\/wp-json\/wp\/v2\/product_cat?post=1126"},{"taxonomy":"product_tag","embeddable":true,"href":"https:\/\/fraxenofficial.com\/pt\/wp-json\/wp\/v2\/product_tag?post=1126"}],"curies":[{"name":"wp","href":"https:\/\/api.w.org\/{rel}","templated":true}]}}