{"id":1138,"date":"2025-03-25T08:14:42","date_gmt":"2025-03-25T08:14:42","guid":{"rendered":"https:\/\/fraxenofficial.com\/?post_type=product&#038;p=1138"},"modified":"2025-05-21T04:02:19","modified_gmt":"2025-05-21T04:02:19","slug":"liquid-based-products-fx-701","status":"publish","type":"product","link":"https:\/\/fraxenofficial.com\/pt\/produto\/liquid-based-products-fx-701\/","title":{"rendered":"REMOVEDOR DE FERRUGEM E LUBRIFICANTE"},"content":{"rendered":"<p>&nbsp;<\/p>\n<p>Concebido para aplica\u00e7\u00f5es em trabalhos pesados, este spray de dupla a\u00e7\u00e3o penetra instantaneamente nas camadas de ferrugem, dissolvendo a acumula\u00e7\u00e3o em parafusos, engrenagens, correntes e m\u00e1quinas. A sua f\u00f3rmula avan\u00e7ada combina solventes biodegrad\u00e1veis e aditivos anti-corros\u00e3o para restaurar a mobilidade, deixando uma pel\u00edcula protetora e n\u00e3o pegajosa. Seguro em a\u00e7o, ferro, alum\u00ednio e superf\u00edcies revestidas, evita rangidos e desgaste. O bico de precis\u00e3o atinge \u00e1reas dif\u00edceis de alcan\u00e7ar sem pingar, ideal para repara\u00e7\u00f5es autom\u00f3veis, equipamento agr\u00edcola ou projectos de bricolage. A utiliza\u00e7\u00e3o regular minimiza o tempo de inatividade e os custos de manuten\u00e7\u00e3o.<\/p>\n<h4 id=\"wd-e071d9da\" style=\"margin-bottom: var(--wd-tags-mb, 20px); font-style: normal; font-weight: var(--wd-title-font-weight); font-family: Satoshi, Arial, Helvetica, sans-serif; font-size: 18px; text-transform: none; --wd-trans-main: all .25s ease;\">Carater\u00edsticas<\/h4>\n<ul>\n<li>Poderosa remo\u00e7\u00e3o de ferrugem<\/li>\n<li>Lubrifica\u00e7\u00e3o de longa dura\u00e7\u00e3o<\/li>\n<li>Preven\u00e7\u00e3o da ferrugem<\/li>\n<li>Penetra\u00e7\u00e3o r\u00e1pida<\/li>\n<li>Utiliza\u00e7\u00e3o polivalente<\/li>\n<li>Prote\u00e7\u00e3o eficaz contra a humidade<\/li>\n<li>Ampla aplicabilidade<\/li>\n<li>Aplica\u00e7\u00e3o f\u00e1cil e precisa<\/li>\n<\/ul>","protected":false},"excerpt":{"rendered":"<p>O Rust Remover &amp; Lubricant elimina rapidamente a corros\u00e3o, liberta as pe\u00e7as presas e lubrifica as superf\u00edcies para reduzir a fric\u00e7\u00e3o. Perfeito para utiliza\u00e7\u00e3o autom\u00f3vel, industrial e dom\u00e9stica, garante um funcionamento suave, previne a ferrugem futura e prolonga a vida \u00fatil do metal com uma f\u00f3rmula de a\u00e7\u00e3o r\u00e1pida e sem res\u00edduos.<\/p>","protected":false},"featured_media":1139,"comment_status":"open","ping_status":"closed","template":"","meta":[],"product_brand":[],"product_cat":[72,79],"product_tag":[],"class_list":{"0":"post-1138","1":"product","2":"type-product","3":"status-publish","4":"has-post-thumbnail","6":"product_cat-aerosols","7":"product_cat-lube-rust-care","9":"first","10":"instock","11":"featured","12":"shipping-taxable","13":"product-type-simple"},"_links":{"self":[{"href":"https:\/\/fraxenofficial.com\/pt\/wp-json\/wp\/v2\/product\/1138","targetHints":{"allow":["GET"]}}],"collection":[{"href":"https:\/\/fraxenofficial.com\/pt\/wp-json\/wp\/v2\/product"}],"about":[{"href":"https:\/\/fraxenofficial.com\/pt\/wp-json\/wp\/v2\/types\/product"}],"replies":[{"embeddable":true,"href":"https:\/\/fraxenofficial.com\/pt\/wp-json\/wp\/v2\/comments?post=1138"}],"version-history":[{"count":3,"href":"https:\/\/fraxenofficial.com\/pt\/wp-json\/wp\/v2\/product\/1138\/revisions"}],"predecessor-version":[{"id":1708,"href":"https:\/\/fraxenofficial.com\/pt\/wp-json\/wp\/v2\/product\/1138\/revisions\/1708"}],"wp:featuredmedia":[{"embeddable":true,"href":"https:\/\/fraxenofficial.com\/pt\/wp-json\/wp\/v2\/media\/1139"}],"wp:attachment":[{"href":"https:\/\/fraxenofficial.com\/pt\/wp-json\/wp\/v2\/media?parent=1138"}],"wp:term":[{"taxonomy":"product_brand","embeddable":true,"href":"https:\/\/fraxenofficial.com\/pt\/wp-json\/wp\/v2\/product_brand?post=1138"},{"taxonomy":"product_cat","embeddable":true,"href":"https:\/\/fraxenofficial.com\/pt\/wp-json\/wp\/v2\/product_cat?post=1138"},{"taxonomy":"product_tag","embeddable":true,"href":"https:\/\/fraxenofficial.com\/pt\/wp-json\/wp\/v2\/product_tag?post=1138"}],"curies":[{"name":"wp","href":"https:\/\/api.w.org\/{rel}","templated":true}]}}