{"id":1141,"date":"2025-03-25T08:16:49","date_gmt":"2025-03-25T08:16:49","guid":{"rendered":"https:\/\/fraxenofficial.com\/?post_type=product&#038;p=1141"},"modified":"2025-05-21T05:58:01","modified_gmt":"2025-05-21T05:58:01","slug":"tar-remover","status":"publish","type":"product","link":"https:\/\/fraxenofficial.com\/pt\/produto\/tar-remover\/","title":{"rendered":"REMOVEDOR DE ALCATR\u00c3O"},"content":{"rendered":"<p>Especialmente formulado para lidar com alcatr\u00e3o, gordura e contaminantes pegajosos dif\u00edceis, este removedor de n\u00edvel profissional penetra profundamente sem danificar as superf\u00edcies. A sua composi\u00e7\u00e3o \u00e0 base de solvente, mas segura para a pintura, decomp\u00f5e em minutos os res\u00edduos endurecidos no exterior dos autom\u00f3veis, ferramentas e equipamento industrial. Basta pulverizar, esperar e enxaguar - n\u00e3o \u00e9 necess\u00e1rio esfregar com abrasivos. Adequado para utiliza\u00e7\u00e3o em ve\u00edculos, pavimentos de garagem e maquinaria, resiste \u00e0 evapora\u00e7\u00e3o para uma a\u00e7\u00e3o de limpeza prolongada. Consciente em rela\u00e7\u00e3o ao ambiente, com baixo teor de COV e ingredientes biodegrad\u00e1veis, \u00e9 seguro para utiliza\u00e7\u00e3o no interior e no exterior. Compat\u00edvel com m\u00e1quinas de lavar a press\u00e3o para trabalhos pesados. Preserva o brilho e evita a degrada\u00e7\u00e3o da superf\u00edcie.<\/p>\n<h4 id=\"wd-e071d9da\" style=\"margin-bottom: var(--wd-tags-mb, 20px); font-style: normal; font-weight: var(--wd-title-font-weight); font-family: Satoshi, Arial, Helvetica, sans-serif; font-size: 18px; text-transform: none; --wd-trans-main: all .25s ease;\">Carater\u00edsticas<\/h4>\n<ul>\n<li>Limpeza potente<br \/>\nDissolu\u00e7\u00e3o r\u00e1pida<br \/>\nSeguro para pintura<br \/>\nAltamente eficaz<br \/>\nAmpla aplicabilidade<br \/>\nF\u00e1cil de limpar<br \/>\nProte\u00e7\u00e3o de longa dura\u00e7\u00e3o<br \/>\nResultados de n\u00edvel profissional<\/li>\n<\/ul>","protected":false},"excerpt":{"rendered":"<p>O Tar Remover dissolve sem esfor\u00e7o o asfalto teimoso, o alcatr\u00e3o de estrada e os res\u00edduos de cola de ve\u00edculos, m\u00e1quinas e superf\u00edcies. Seguro para pintura, metal e pl\u00e1sticos, a sua f\u00f3rmula de a\u00e7\u00e3o r\u00e1pida n\u00e3o necessita de ser esfregada, restaura a limpeza e protege os acabamentos. Ideal para a limpeza de autom\u00f3veis, manuten\u00e7\u00e3o industrial e projectos de bricolage.<\/p>","protected":false},"featured_media":1142,"comment_status":"open","ping_status":"closed","template":"","meta":[],"product_brand":[],"product_cat":[72,78,15],"product_tag":[],"class_list":{"0":"post-1141","1":"product","2":"type-product","3":"status-publish","4":"has-post-thumbnail","6":"product_cat-aerosols","7":"product_cat-interior-exterior","8":"product_cat-multipurpose","10":"first","11":"instock","12":"featured","13":"shipping-taxable","14":"product-type-simple"},"_links":{"self":[{"href":"https:\/\/fraxenofficial.com\/pt\/wp-json\/wp\/v2\/product\/1141","targetHints":{"allow":["GET"]}}],"collection":[{"href":"https:\/\/fraxenofficial.com\/pt\/wp-json\/wp\/v2\/product"}],"about":[{"href":"https:\/\/fraxenofficial.com\/pt\/wp-json\/wp\/v2\/types\/product"}],"replies":[{"embeddable":true,"href":"https:\/\/fraxenofficial.com\/pt\/wp-json\/wp\/v2\/comments?post=1141"}],"version-history":[{"count":3,"href":"https:\/\/fraxenofficial.com\/pt\/wp-json\/wp\/v2\/product\/1141\/revisions"}],"predecessor-version":[{"id":1513,"href":"https:\/\/fraxenofficial.com\/pt\/wp-json\/wp\/v2\/product\/1141\/revisions\/1513"}],"wp:featuredmedia":[{"embeddable":true,"href":"https:\/\/fraxenofficial.com\/pt\/wp-json\/wp\/v2\/media\/1142"}],"wp:attachment":[{"href":"https:\/\/fraxenofficial.com\/pt\/wp-json\/wp\/v2\/media?parent=1141"}],"wp:term":[{"taxonomy":"product_brand","embeddable":true,"href":"https:\/\/fraxenofficial.com\/pt\/wp-json\/wp\/v2\/product_brand?post=1141"},{"taxonomy":"product_cat","embeddable":true,"href":"https:\/\/fraxenofficial.com\/pt\/wp-json\/wp\/v2\/product_cat?post=1141"},{"taxonomy":"product_tag","embeddable":true,"href":"https:\/\/fraxenofficial.com\/pt\/wp-json\/wp\/v2\/product_tag?post=1141"}],"curies":[{"name":"wp","href":"https:\/\/api.w.org\/{rel}","templated":true}]}}