{"id":1150,"date":"2025-03-25T08:18:14","date_gmt":"2025-03-25T08:18:14","guid":{"rendered":"https:\/\/fraxenofficial.com\/?post_type=product&#038;p=1150"},"modified":"2025-05-21T07:35:55","modified_gmt":"2025-05-21T07:35:55","slug":"liquid-based-products-fx-705","status":"publish","type":"product","link":"https:\/\/fraxenofficial.com\/pt\/produto\/liquid-based-products-fx-705\/","title":{"rendered":"CERA PARA TABULEIRO DE BORDO"},"content":{"rendered":"<p>Especialmente concebida para interiores de autom\u00f3veis, esta f\u00f3rmula avan\u00e7ada penetra nas superf\u00edcies para restaurar pain\u00e9is de instrumentos, pain\u00e9is de portas e acabamentos desbotados, criando uma barreira protetora. Os seus inibidores de UV evitam a descolora\u00e7\u00e3o e a secagem induzidas pelo sol, enquanto os pol\u00edmeros repelem o p\u00f3 e reduzem a ader\u00eancia est\u00e1tica. F\u00e1cil de aplicar com um pano de microfibras - basta passar um pano, deixar secar e polir para obter um brilho de f\u00e1brica. Seguro para ecr\u00e3s t\u00e1cteis, pl\u00e1sticos sens\u00edveis e estofos em pele, evita a oleosidade \u00e0 base de silicone e produtos qu\u00edmicos nocivos. Ideal para autom\u00f3veis, cami\u00f5es e motociclos em todos os climas. Amigo do ambiente, com baixo odor e ingredientes n\u00e3o t\u00f3xicos, garantindo um ambiente de habit\u00e1culo mais saud\u00e1vel.<\/p>\n<h4 id=\"wd-e071d9da\" style=\"margin-bottom: var(--wd-tags-mb, 20px); font-style: normal; font-weight: var(--wd-title-font-weight); font-family: Satoshi, Arial, Helvetica, sans-serif; font-size: 18px; text-transform: none; --wd-trans-main: all .25s ease;\">Carater\u00edsticas<\/h4>\n<ul>\n<li>Efeito de brilho poderoso<br \/>\nProtege as superf\u00edcies interiores<br \/>\nAcabamento brilhante de longa dura\u00e7\u00e3o<br \/>\nOferece prote\u00e7\u00e3o UV<br \/>\nSeca de forma r\u00e1pida e uniforme<br \/>\nDeixa uma fragr\u00e2ncia fresca<br \/>\nAdequado para v\u00e1rias superf\u00edcies<br \/>\nPrevine o envelhecimento e a fissura\u00e7\u00e3o<\/li>\n<li><\/li>\n<\/ul>","protected":false},"excerpt":{"rendered":"<p>A cera para tablier protege e revitaliza o interior dos ve\u00edculos com um brilho profundo e duradouro. Formulado para proteger contra danos causados pelos raios UV, p\u00f3 e fissuras em superf\u00edcies de pl\u00e1stico, vinil e couro. N\u00e3o \u00e9 gorduroso, n\u00e3o deixa res\u00edduos e \u00e9 seguro para todos os tabliers, acabamentos e pain\u00e9is.<\/p>\n<p>&nbsp;<\/p>","protected":false},"featured_media":1151,"comment_status":"open","ping_status":"closed","template":"","meta":[],"product_brand":[],"product_cat":[72,78],"product_tag":[],"class_list":{"0":"post-1150","1":"product","2":"type-product","3":"status-publish","4":"has-post-thumbnail","6":"product_cat-aerosols","7":"product_cat-interior-exterior","9":"first","10":"instock","11":"featured","12":"shipping-taxable","13":"product-type-simple"},"_links":{"self":[{"href":"https:\/\/fraxenofficial.com\/pt\/wp-json\/wp\/v2\/product\/1150","targetHints":{"allow":["GET"]}}],"collection":[{"href":"https:\/\/fraxenofficial.com\/pt\/wp-json\/wp\/v2\/product"}],"about":[{"href":"https:\/\/fraxenofficial.com\/pt\/wp-json\/wp\/v2\/types\/product"}],"replies":[{"embeddable":true,"href":"https:\/\/fraxenofficial.com\/pt\/wp-json\/wp\/v2\/comments?post=1150"}],"version-history":[{"count":3,"href":"https:\/\/fraxenofficial.com\/pt\/wp-json\/wp\/v2\/product\/1150\/revisions"}],"predecessor-version":[{"id":1711,"href":"https:\/\/fraxenofficial.com\/pt\/wp-json\/wp\/v2\/product\/1150\/revisions\/1711"}],"wp:featuredmedia":[{"embeddable":true,"href":"https:\/\/fraxenofficial.com\/pt\/wp-json\/wp\/v2\/media\/1151"}],"wp:attachment":[{"href":"https:\/\/fraxenofficial.com\/pt\/wp-json\/wp\/v2\/media?parent=1150"}],"wp:term":[{"taxonomy":"product_brand","embeddable":true,"href":"https:\/\/fraxenofficial.com\/pt\/wp-json\/wp\/v2\/product_brand?post=1150"},{"taxonomy":"product_cat","embeddable":true,"href":"https:\/\/fraxenofficial.com\/pt\/wp-json\/wp\/v2\/product_cat?post=1150"},{"taxonomy":"product_tag","embeddable":true,"href":"https:\/\/fraxenofficial.com\/pt\/wp-json\/wp\/v2\/product_tag?post=1150"}],"curies":[{"name":"wp","href":"https:\/\/api.w.org\/{rel}","templated":true}]}}