{"id":1153,"date":"2025-03-25T08:18:40","date_gmt":"2025-03-25T08:18:40","guid":{"rendered":"https:\/\/fraxenofficial.com\/?post_type=product&#038;p=1153"},"modified":"2025-05-22T02:47:51","modified_gmt":"2025-05-22T02:47:51","slug":"liquid-based-products-fx-706","status":"publish","type":"product","link":"https:\/\/fraxenofficial.com\/pt\/produto\/liquid-based-products-fx-706\/","title":{"rendered":"REMOVEDOR DE PEL\u00cdCULA DE \u00d3LEO DE VIDRO"},"content":{"rendered":"<p>Especialmente concebido para combater os res\u00edduos oleosos da chuva, da polui\u00e7\u00e3o e das escovas do limpa para-brisas, este produto de limpeza com pH equilibrado penetra e remove os contaminantes sem riscar. A sua f\u00f3rmula de a\u00e7\u00e3o r\u00e1pida remove pel\u00edculas nebulosas, manchas de \u00e1gua e impress\u00f5es digitais, ao mesmo tempo que repele a acumula\u00e7\u00e3o futura. Aplique com um pano ou uma esponja - n\u00e3o \u00e9 necess\u00e1rio esfregar com for\u00e7a. Seguro para vidros fumados, vidros temperados e pain\u00e9is solares, n\u00e3o deixa res\u00edduos nem riscos. Ideal para utiliza\u00e7\u00e3o autom\u00f3vel, mar\u00edtima e dom\u00e9stica, mesmo em superf\u00edcies revestidas a cer\u00e2mica. Amigo do ambiente, com ingredientes biodegrad\u00e1veis e baixo odor, garantindo uma aplica\u00e7\u00e3o segura em interiores e exteriores. A utiliza\u00e7\u00e3o regular protege o vidro da corros\u00e3o e prolonga a vida \u00fatil das escovas do limpa para-brisas.<\/p>\n<h4 id=\"wd-e071d9da\" style=\"margin-bottom: var(--wd-tags-mb, 20px); font-style: normal; font-weight: var(--wd-title-font-weight); font-family: Satoshi, Arial, Helvetica, sans-serif; font-size: 18px; text-transform: none; --wd-trans-main: all .25s ease;\">Carater\u00edsticas<\/h4>\n<ul>\n<li>F\u00f3rmula altamente concentrada<br \/>\nProtege as escovas do limpa para-brisas<br \/>\nLimpeza potente e sem riscos<br \/>\nAnti-congelante para utiliza\u00e7\u00e3o no inverno<br \/>\nVisibilidade cristalina<br \/>\nTecnologia de dissolu\u00e7\u00e3o r\u00e1pida<br \/>\nCompacto e f\u00e1cil de viajar<br \/>\nSeguro em todos os tipos de vidro<\/li>\n<\/ul>","protected":false},"excerpt":{"rendered":"<p>O Glass Oil Film Remover dissolve sem esfor\u00e7o a gordura persistente, a sujidade e a pel\u00edcula de estrada das superf\u00edcies de vidro. Restaura a nitidez para uma maior visibilidade e seguran\u00e7a. Seguro para para-brisas de autom\u00f3veis, espelhos e janelas de casa com uma f\u00f3rmula n\u00e3o abrasiva e sem riscos.<\/p>","protected":false},"featured_media":1154,"comment_status":"open","ping_status":"closed","template":"","meta":[],"product_brand":[],"product_cat":[72,78],"product_tag":[],"class_list":{"0":"post-1153","1":"product","2":"type-product","3":"status-publish","4":"has-post-thumbnail","6":"product_cat-aerosols","7":"product_cat-interior-exterior","9":"first","10":"instock","11":"featured","12":"shipping-taxable","13":"product-type-simple"},"_links":{"self":[{"href":"https:\/\/fraxenofficial.com\/pt\/wp-json\/wp\/v2\/product\/1153","targetHints":{"allow":["GET"]}}],"collection":[{"href":"https:\/\/fraxenofficial.com\/pt\/wp-json\/wp\/v2\/product"}],"about":[{"href":"https:\/\/fraxenofficial.com\/pt\/wp-json\/wp\/v2\/types\/product"}],"replies":[{"embeddable":true,"href":"https:\/\/fraxenofficial.com\/pt\/wp-json\/wp\/v2\/comments?post=1153"}],"version-history":[{"count":2,"href":"https:\/\/fraxenofficial.com\/pt\/wp-json\/wp\/v2\/product\/1153\/revisions"}],"predecessor-version":[{"id":1519,"href":"https:\/\/fraxenofficial.com\/pt\/wp-json\/wp\/v2\/product\/1153\/revisions\/1519"}],"wp:featuredmedia":[{"embeddable":true,"href":"https:\/\/fraxenofficial.com\/pt\/wp-json\/wp\/v2\/media\/1154"}],"wp:attachment":[{"href":"https:\/\/fraxenofficial.com\/pt\/wp-json\/wp\/v2\/media?parent=1153"}],"wp:term":[{"taxonomy":"product_brand","embeddable":true,"href":"https:\/\/fraxenofficial.com\/pt\/wp-json\/wp\/v2\/product_brand?post=1153"},{"taxonomy":"product_cat","embeddable":true,"href":"https:\/\/fraxenofficial.com\/pt\/wp-json\/wp\/v2\/product_cat?post=1153"},{"taxonomy":"product_tag","embeddable":true,"href":"https:\/\/fraxenofficial.com\/pt\/wp-json\/wp\/v2\/product_tag?post=1153"}],"curies":[{"name":"wp","href":"https:\/\/api.w.org\/{rel}","templated":true}]}}