{"id":1159,"date":"2025-03-25T08:19:34","date_gmt":"2025-03-25T08:19:34","guid":{"rendered":"https:\/\/fraxenofficial.com\/?post_type=product&#038;p=1159"},"modified":"2025-05-22T03:01:46","modified_gmt":"2025-05-22T03:01:46","slug":"liquid-based-products-fx-708","status":"publish","type":"product","link":"https:\/\/fraxenofficial.com\/pt\/produto\/liquid-based-products-fx-708\/","title":{"rendered":"PRODUTO DE LIMPEZA DE TRAV\u00d5ES E PE\u00c7AS"},"content":{"rendered":"<p>Concebido para aplica\u00e7\u00f5es autom\u00f3veis exigentes, este produto de limpeza \u00e0 base de solvente penetra profundamente para dissolver a sujidade persistente, a acumula\u00e7\u00e3o de carbono e os res\u00edduos de lubrificantes nos trav\u00f5es, motores e ferramentas. O seu bico de pulveriza\u00e7\u00e3o de precis\u00e3o visa \u00e1reas dif\u00edceis de alcan\u00e7ar, evitando a humidade ou a corros\u00e3o. Seguro para sensores ABS, O-rings e superf\u00edcies revestidas, n\u00e3o deixa qualquer pel\u00edcula oleosa que interfira com a funcionalidade da pe\u00e7a. Ideal para limpeza pr\u00e9-montagem, manuten\u00e7\u00e3o de rotina ou desengorduramento p\u00f3s-repara\u00e7\u00e3o. A f\u00f3rmula resistente \u00e0s chamas garante uma utiliza\u00e7\u00e3o segura em garagens ou oficinas. Compat\u00edvel com todos os sistemas de trav\u00f5es (incluindo compostos de cer\u00e2mica e carbono). Respeita o ambiente com ingredientes n\u00e3o t\u00f3xicos e seguros para a camada de ozono. A a\u00e7\u00e3o de secagem r\u00e1pida minimiza o tempo de paragem para repara\u00e7\u00f5es eficientes.<\/p>\n<h4 id=\"wd-e071d9da\" style=\"margin-bottom: var(--wd-tags-mb, 20px); font-style: normal; font-weight: var(--wd-title-font-weight); font-family: Satoshi, Arial, Helvetica, sans-serif; font-size: 18px; text-transform: none; --wd-trans-main: all .25s ease;\">Carater\u00edsticas<\/h4>\n<ul>\n<li>Desengorduramento potente<br \/>\nRemove eficazmente a sujidade persistente<br \/>\nSeguro em superf\u00edcies met\u00e1licas<br \/>\nMelhora o desempenho dos trav\u00f5es<br \/>\nldeal para sistemas de trav\u00f5es<br \/>\nLimpeza de penetra\u00e7\u00e3o profunda<br \/>\nPress\u00e3o de pulveriza\u00e7\u00e3o forte<br \/>\nAdequado para v\u00e1rios componentes<\/li>\n<\/ul>","protected":false},"excerpt":{"rendered":"<p>O Brake &amp; Parts Cleaner remove a gordura, o \u00f3leo, o p\u00f3 dos trav\u00f5es e os contaminantes dos discos dos trav\u00f5es, das pin\u00e7as e dos componentes mec\u00e2nicos, secando rapidamente sem deixar res\u00edduos e assegurando um desempenho \u00f3timo dos trav\u00f5es. Seguro para metais, pl\u00e1sticos e borracha, ideal para manuten\u00e7\u00e3o e repara\u00e7\u00e3o autom\u00f3vel.<\/p>\n<p>&nbsp;<\/p>","protected":false},"featured_media":1160,"comment_status":"open","ping_status":"closed","template":"","meta":[],"product_brand":[],"product_cat":[72,77,79],"product_tag":[],"class_list":{"0":"post-1159","1":"product","2":"type-product","3":"status-publish","4":"has-post-thumbnail","6":"product_cat-aerosols","7":"product_cat-engine-ac-care","8":"product_cat-lube-rust-care","10":"first","11":"instock","12":"featured","13":"shipping-taxable","14":"product-type-simple"},"_links":{"self":[{"href":"https:\/\/fraxenofficial.com\/pt\/wp-json\/wp\/v2\/product\/1159","targetHints":{"allow":["GET"]}}],"collection":[{"href":"https:\/\/fraxenofficial.com\/pt\/wp-json\/wp\/v2\/product"}],"about":[{"href":"https:\/\/fraxenofficial.com\/pt\/wp-json\/wp\/v2\/types\/product"}],"replies":[{"embeddable":true,"href":"https:\/\/fraxenofficial.com\/pt\/wp-json\/wp\/v2\/comments?post=1159"}],"version-history":[{"count":2,"href":"https:\/\/fraxenofficial.com\/pt\/wp-json\/wp\/v2\/product\/1159\/revisions"}],"predecessor-version":[{"id":1523,"href":"https:\/\/fraxenofficial.com\/pt\/wp-json\/wp\/v2\/product\/1159\/revisions\/1523"}],"wp:featuredmedia":[{"embeddable":true,"href":"https:\/\/fraxenofficial.com\/pt\/wp-json\/wp\/v2\/media\/1160"}],"wp:attachment":[{"href":"https:\/\/fraxenofficial.com\/pt\/wp-json\/wp\/v2\/media?parent=1159"}],"wp:term":[{"taxonomy":"product_brand","embeddable":true,"href":"https:\/\/fraxenofficial.com\/pt\/wp-json\/wp\/v2\/product_brand?post=1159"},{"taxonomy":"product_cat","embeddable":true,"href":"https:\/\/fraxenofficial.com\/pt\/wp-json\/wp\/v2\/product_cat?post=1159"},{"taxonomy":"product_tag","embeddable":true,"href":"https:\/\/fraxenofficial.com\/pt\/wp-json\/wp\/v2\/product_tag?post=1159"}],"curies":[{"name":"wp","href":"https:\/\/api.w.org\/{rel}","templated":true}]}}