{"id":1162,"date":"2025-03-25T08:20:02","date_gmt":"2025-03-25T08:20:02","guid":{"rendered":"https:\/\/fraxenofficial.com\/?post_type=product&#038;p=1162"},"modified":"2025-05-22T03:04:18","modified_gmt":"2025-05-22T03:04:18","slug":"liquid-based-products-fx-709","status":"publish","type":"product","link":"https:\/\/fraxenofficial.com\/pt\/produto\/liquid-based-products-fx-709\/","title":{"rendered":"LIMPADOR DE CARBURADOR"},"content":{"rendered":"<p>Especialmente formulado para combater a acumula\u00e7\u00e3o persistente em carburadores, corpos de acelerador e sistemas de combust\u00edvel, este produto de limpeza em aerossol penetra em profundidade para decompor os res\u00edduos de goma, garantindo um fluxo de ar suave e uma mistura de combust\u00edvel precisa. A sua a\u00e7\u00e3o potente, mas n\u00e3o prejudicial, protege os O-rings, as juntas e os revestimentos sens\u00edveis, evitando a corros\u00e3o. Agite, pulverize e deixe-o dissolver os dep\u00f3sitos - n\u00e3o \u00e9 necess\u00e1rio desmontar ou enxaguar. Compat\u00edvel com gasolina, misturas de etanol e sistemas a gas\u00f3leo. Os solventes ecol\u00f3gicos e de baixo odor garantem uma utiliza\u00e7\u00e3o segura em oficinas ou garagens dom\u00e9sticas. Melhora os arranques a frio, reduz as emiss\u00f5es e prolonga a vida \u00fatil dos componentes. Adequado para motores mar\u00edtimos, equipamento de relva e ve\u00edculos antigos.<\/p>\n<h4 id=\"wd-e071d9da\" style=\"margin-bottom: var(--wd-tags-mb, 20px); font-style: normal; font-weight: var(--wd-title-font-weight); font-family: Satoshi, Arial, Helvetica, sans-serif; font-size: 18px; text-transform: none; --wd-trans-main: all .25s ease;\">Carater\u00edsticas<\/h4>\n<ul>\n<li>Poderosa remo\u00e7\u00e3o de carbono<br \/>\nLimpeza profunda do \u00f3leo<br \/>\nDissolve eficazmente os dep\u00f3sitos de goma<br \/>\nMelhora a efici\u00eancia do combust\u00edvel<br \/>\nSeguro para injetores de combust\u00edvel<br \/>\nPress\u00e3o de pulveriza\u00e7\u00e3o forte<br \/>\nRestaura o desempenho do motor<br \/>\nLimpa o sistema do corpo do acelerador<\/li>\n<\/ul>","protected":false},"excerpt":{"rendered":"<p>O produto de limpeza do carburador dissolve o verniz resistente, os dep\u00f3sitos de carbono e os res\u00edduos de combust\u00edvel para um desempenho \u00f3timo do motor. Restabelece o fluxo de combust\u00edvel, reduz o bloqueio e melhora a efici\u00eancia da combust\u00e3o. Seguro para componentes de metal, borracha e pl\u00e1stico. F\u00f3rmula de secagem r\u00e1pida e n\u00e3o corrosiva, ideal para motociclos, autom\u00f3veis e pequenos motores.<\/p>","protected":false},"featured_media":1163,"comment_status":"open","ping_status":"closed","template":"","meta":[],"product_brand":[],"product_cat":[72,77],"product_tag":[],"class_list":{"0":"post-1162","1":"product","2":"type-product","3":"status-publish","4":"has-post-thumbnail","6":"product_cat-aerosols","7":"product_cat-engine-ac-care","9":"first","10":"instock","11":"featured","12":"shipping-taxable","13":"product-type-simple"},"_links":{"self":[{"href":"https:\/\/fraxenofficial.com\/pt\/wp-json\/wp\/v2\/product\/1162","targetHints":{"allow":["GET"]}}],"collection":[{"href":"https:\/\/fraxenofficial.com\/pt\/wp-json\/wp\/v2\/product"}],"about":[{"href":"https:\/\/fraxenofficial.com\/pt\/wp-json\/wp\/v2\/types\/product"}],"replies":[{"embeddable":true,"href":"https:\/\/fraxenofficial.com\/pt\/wp-json\/wp\/v2\/comments?post=1162"}],"version-history":[{"count":3,"href":"https:\/\/fraxenofficial.com\/pt\/wp-json\/wp\/v2\/product\/1162\/revisions"}],"predecessor-version":[{"id":1569,"href":"https:\/\/fraxenofficial.com\/pt\/wp-json\/wp\/v2\/product\/1162\/revisions\/1569"}],"wp:featuredmedia":[{"embeddable":true,"href":"https:\/\/fraxenofficial.com\/pt\/wp-json\/wp\/v2\/media\/1163"}],"wp:attachment":[{"href":"https:\/\/fraxenofficial.com\/pt\/wp-json\/wp\/v2\/media?parent=1162"}],"wp:term":[{"taxonomy":"product_brand","embeddable":true,"href":"https:\/\/fraxenofficial.com\/pt\/wp-json\/wp\/v2\/product_brand?post=1162"},{"taxonomy":"product_cat","embeddable":true,"href":"https:\/\/fraxenofficial.com\/pt\/wp-json\/wp\/v2\/product_cat?post=1162"},{"taxonomy":"product_tag","embeddable":true,"href":"https:\/\/fraxenofficial.com\/pt\/wp-json\/wp\/v2\/product_tag?post=1162"}],"curies":[{"name":"wp","href":"https:\/\/api.w.org\/{rel}","templated":true}]}}