{"id":1165,"date":"2025-03-25T08:20:27","date_gmt":"2025-03-25T08:20:27","guid":{"rendered":"https:\/\/fraxenofficial.com\/?post_type=product&#038;p=1165"},"modified":"2025-05-22T03:08:14","modified_gmt":"2025-05-22T03:08:14","slug":"liquid-based-products-fx-710","status":"publish","type":"product","link":"https:\/\/fraxenofficial.com\/pt\/produto\/liquid-based-products-fx-710\/","title":{"rendered":"ESPANADOR DE AR COMPRIMIDO"},"content":{"rendered":"<p>Concebido para uma limpeza de precis\u00e3o, este espanador em aerossol proporciona um fluxo de ar forte e controlado para desalojar a sujidade das fendas, aberturas e componentes dif\u00edceis de alcan\u00e7ar sem contacto f\u00edsico. O seu propulsor sem CFC e seguro para o ozono n\u00e3o \u00e9 inflam\u00e1vel e n\u00e3o deixa humidade nem res\u00edduos qu\u00edmicos, protegendo os componentes electr\u00f3nicos sens\u00edveis, as placas de circuitos e as lentes. Adequado para teclados, servidores, ferramentas e interiores de autom\u00f3veis. O bocal ergon\u00f3mico permite uma pulveriza\u00e7\u00e3o em \u00e2ngulo para aplica\u00e7\u00f5es vers\u00e1teis. Compacto e port\u00e1til para utiliza\u00e7\u00e3o em casa, no escrit\u00f3rio ou na ind\u00fastria. Reutiliz\u00e1vel e amigo do ambiente, com um potencial de aquecimento global (GWP) nulo. Seguro para pl\u00e1sticos, metais e superf\u00edcies revestidas. A a\u00e7\u00e3o de secagem r\u00e1pida garante resultados imediatos e sem manchas.<\/p>\n<h4 id=\"wd-e071d9da\" style=\"margin-bottom: var(--wd-tags-mb, 20px); font-style: normal; font-weight: var(--wd-title-font-weight); font-family: Satoshi, Arial, Helvetica, sans-serif; font-size: 18px; text-transform: none; --wd-trans-main: all .25s ease;\">Carater\u00edsticas<\/h4>\n<ul>\n<li>Poderoso jato de ar<br \/>\nRemo\u00e7\u00e3o r\u00e1pida de poeiras<br \/>\nSeguro para a eletr\u00f3nica<br \/>\nDesign de bocal de precis\u00e3o<br \/>\nIdeal para pe\u00e7as delicadas<br \/>\nUtiliza\u00e7\u00e3o a 360\u00b0 em qualquer \u00e2ngulo<br \/>\nUtiliza\u00e7\u00e3o imediata e pr\u00e1tica<br \/>\nPerfeito para casa e escrit\u00f3rio<\/li>\n<\/ul>","protected":false},"excerpt":{"rendered":"<p>O espanador de ar comprimido elimina o p\u00f3, os detritos e as part\u00edculas de aparelhos electr\u00f3nicos, teclados, m\u00e1quinas e superf\u00edcies delicadas. A f\u00f3rmula n\u00e3o condutora, sem res\u00edduos e \u00e0 prova de humidade garante uma limpeza segura. Ideal para computadores, pe\u00e7as de autom\u00f3veis, c\u00e2maras e oficinas. Design ergon\u00f3mico para um controlo preciso e efici\u00eancia reutiliz\u00e1vel.<\/p>","protected":false},"featured_media":1166,"comment_status":"open","ping_status":"closed","template":"","meta":[],"product_brand":[],"product_cat":[72,77,78,15],"product_tag":[],"class_list":{"0":"post-1165","1":"product","2":"type-product","3":"status-publish","4":"has-post-thumbnail","6":"product_cat-aerosols","7":"product_cat-engine-ac-care","8":"product_cat-interior-exterior","9":"product_cat-multipurpose","11":"first","12":"instock","13":"featured","14":"shipping-taxable","15":"product-type-simple"},"_links":{"self":[{"href":"https:\/\/fraxenofficial.com\/pt\/wp-json\/wp\/v2\/product\/1165","targetHints":{"allow":["GET"]}}],"collection":[{"href":"https:\/\/fraxenofficial.com\/pt\/wp-json\/wp\/v2\/product"}],"about":[{"href":"https:\/\/fraxenofficial.com\/pt\/wp-json\/wp\/v2\/types\/product"}],"replies":[{"embeddable":true,"href":"https:\/\/fraxenofficial.com\/pt\/wp-json\/wp\/v2\/comments?post=1165"}],"version-history":[{"count":2,"href":"https:\/\/fraxenofficial.com\/pt\/wp-json\/wp\/v2\/product\/1165\/revisions"}],"predecessor-version":[{"id":1527,"href":"https:\/\/fraxenofficial.com\/pt\/wp-json\/wp\/v2\/product\/1165\/revisions\/1527"}],"wp:featuredmedia":[{"embeddable":true,"href":"https:\/\/fraxenofficial.com\/pt\/wp-json\/wp\/v2\/media\/1166"}],"wp:attachment":[{"href":"https:\/\/fraxenofficial.com\/pt\/wp-json\/wp\/v2\/media?parent=1165"}],"wp:term":[{"taxonomy":"product_brand","embeddable":true,"href":"https:\/\/fraxenofficial.com\/pt\/wp-json\/wp\/v2\/product_brand?post=1165"},{"taxonomy":"product_cat","embeddable":true,"href":"https:\/\/fraxenofficial.com\/pt\/wp-json\/wp\/v2\/product_cat?post=1165"},{"taxonomy":"product_tag","embeddable":true,"href":"https:\/\/fraxenofficial.com\/pt\/wp-json\/wp\/v2\/product_tag?post=1165"}],"curies":[{"name":"wp","href":"https:\/\/api.w.org\/{rel}","templated":true}]}}