{"id":1168,"date":"2025-03-25T08:21:20","date_gmt":"2025-03-25T08:21:20","guid":{"rendered":"https:\/\/fraxenofficial.com\/?post_type=product&#038;p=1168"},"modified":"2025-05-22T03:09:47","modified_gmt":"2025-05-22T03:09:47","slug":"liquid-based-products-fx-711","status":"publish","type":"product","link":"https:\/\/fraxenofficial.com\/pt\/produto\/liquid-based-products-fx-711\/","title":{"rendered":"LUBRIFICA\u00c7\u00c3O DA CORRENTE"},"content":{"rendered":"<p>Especialmente formulado para correntes exigentes, este lubrificante penetra profundamente para revestir os rolos e os pinos, reduzindo o ru\u00eddo e prolongando a vida \u00fatil dos componentes. A sua mistura avan\u00e7ada de pol\u00edmeros resiste \u00e0 \u00e1gua, \u00e0 lama e a temperaturas extremas, ao mesmo tempo que repele a acumula\u00e7\u00e3o de sujidade. A tecnologia anti-gotejamento e de secagem r\u00e1pida garante uma aplica\u00e7\u00e3o limpa sem atrair detritos. Compat\u00edvel com sistemas de desviadores, vedantes O-ring e componentes em a\u00e7o inoxid\u00e1vel. Ideal para bicicletas de estrada, trilhos de montanha e m\u00e1quinas expostas \u00e0 chuva ou \u00e0 areia. Ingredientes ecol\u00f3gicos e biodegrad\u00e1veis minimizam o impacto ambiental. Agite, pulverize e aplique para obter uma prote\u00e7\u00e3o instant\u00e2nea. Reduz a frequ\u00eancia de manuten\u00e7\u00e3o e melhora a efici\u00eancia da transfer\u00eancia de pot\u00eancia.<\/p>\n<h4 id=\"wd-e071d9da\" style=\"margin-bottom: var(--wd-tags-mb, 20px); font-style: normal; font-weight: var(--wd-title-font-weight); font-family: Satoshi, Arial, Helvetica, sans-serif; font-size: 18px; text-transform: none; --wd-trans-main: all .25s ease;\">Carater\u00edsticas<\/h4>\n<ul>\n<li>Lubrifica\u00e7\u00e3o de correntes de alto desempenho<br \/>\nReduz o desgaste e prolonga a vida \u00fatil<br \/>\nResistente ao calor e anti-oxida\u00e7\u00e3o<br \/>\nLubrifica\u00e7\u00e3o de Penetra\u00e7\u00e3o Profunda<br \/>\nReduz o ru\u00eddo da corrente<br \/>\nMinimiza a ader\u00eancia de poeiras<br \/>\nAdequado para v\u00e1rias correntes<br \/>\nLubrifica\u00e7\u00e3o de longa dura\u00e7\u00e3o<\/li>\n<\/ul>","protected":false},"excerpt":{"rendered":"<p>Chain Lube proporciona uma lubrifica\u00e7\u00e3o de longa dura\u00e7\u00e3o, reduz a fric\u00e7\u00e3o e protege contra a ferrugem, a corros\u00e3o e o desgaste. Ideal para bicicletas, motociclos e correntes industriais. A f\u00f3rmula \u00e0 prova de \u00e1gua e resistente ao p\u00f3 garante um funcionamento suave em todas as condi\u00e7\u00f5es. Seguro para metal, veda\u00e7\u00f5es de borracha e \u00e1reas ambientalmente sens\u00edveis.<\/p>\n<p>&nbsp;<\/p>","protected":false},"featured_media":1169,"comment_status":"open","ping_status":"closed","template":"","meta":[],"product_brand":[],"product_cat":[72,79,15],"product_tag":[],"class_list":{"0":"post-1168","1":"product","2":"type-product","3":"status-publish","4":"has-post-thumbnail","6":"product_cat-aerosols","7":"product_cat-lube-rust-care","8":"product_cat-multipurpose","10":"first","11":"instock","12":"featured","13":"shipping-taxable","14":"product-type-simple"},"_links":{"self":[{"href":"https:\/\/fraxenofficial.com\/pt\/wp-json\/wp\/v2\/product\/1168","targetHints":{"allow":["GET"]}}],"collection":[{"href":"https:\/\/fraxenofficial.com\/pt\/wp-json\/wp\/v2\/product"}],"about":[{"href":"https:\/\/fraxenofficial.com\/pt\/wp-json\/wp\/v2\/types\/product"}],"replies":[{"embeddable":true,"href":"https:\/\/fraxenofficial.com\/pt\/wp-json\/wp\/v2\/comments?post=1168"}],"version-history":[{"count":2,"href":"https:\/\/fraxenofficial.com\/pt\/wp-json\/wp\/v2\/product\/1168\/revisions"}],"predecessor-version":[{"id":1529,"href":"https:\/\/fraxenofficial.com\/pt\/wp-json\/wp\/v2\/product\/1168\/revisions\/1529"}],"wp:featuredmedia":[{"embeddable":true,"href":"https:\/\/fraxenofficial.com\/pt\/wp-json\/wp\/v2\/media\/1169"}],"wp:attachment":[{"href":"https:\/\/fraxenofficial.com\/pt\/wp-json\/wp\/v2\/media?parent=1168"}],"wp:term":[{"taxonomy":"product_brand","embeddable":true,"href":"https:\/\/fraxenofficial.com\/pt\/wp-json\/wp\/v2\/product_brand?post=1168"},{"taxonomy":"product_cat","embeddable":true,"href":"https:\/\/fraxenofficial.com\/pt\/wp-json\/wp\/v2\/product_cat?post=1168"},{"taxonomy":"product_tag","embeddable":true,"href":"https:\/\/fraxenofficial.com\/pt\/wp-json\/wp\/v2\/product_tag?post=1168"}],"curies":[{"name":"wp","href":"https:\/\/api.w.org\/{rel}","templated":true}]}}