{"id":149,"date":"2024-10-25T11:07:10","date_gmt":"2024-10-25T11:07:10","guid":{"rendered":"https:\/\/dummy.xtemos.com\/woodmart2\/makeup-elementor\/?post_type=product&#038;p=149"},"modified":"2025-04-30T16:54:53","modified_gmt":"2025-04-30T16:54:53","slug":"after-sun-tan-intensifying-moisturizing-lotion","status":"publish","type":"product","link":"https:\/\/fraxenofficial.com\/pt\/produto\/after-sun-tan-intensifying-moisturizing-lotion\/","title":{"rendered":"LIMPADOR DE INTERIORES"},"content":{"rendered":"<p>O produto de limpeza para interiores remove com seguran\u00e7a a sujidade, a gordura e as manchas das superf\u00edcies de couro, vinil, pl\u00e1stico, tecido e painel de instrumentos. A sua f\u00f3rmula com pH equilibrado e n\u00e3o t\u00f3xica evita o desbotamento, a forma\u00e7\u00e3o de fissuras ou res\u00edduos, neutralizando simultaneamente os odores. A tecnologia de a\u00e7\u00e3o da espuma remove a sujidade sem esfregar com for\u00e7a e os aditivos de prote\u00e7\u00e3o UV protegem contra os danos causados pelo sol. Pulverize diretamente, limpe com um pano e desfrute de um acabamento sem riscos - n\u00e3o \u00e9 necess\u00e1rio enxaguar. Ideal para bancos de autom\u00f3veis, estofos, acabamentos e superf\u00edcies dom\u00e9sticas. Os ingredientes ecol\u00f3gicos e biodegrad\u00e1veis garantem uma utiliza\u00e7\u00e3o segura perto de crian\u00e7as e animais de estima\u00e7\u00e3o. Secagem r\u00e1pida, n\u00e3o gorduroso e compat\u00edvel com bancos aquecidos ou ecr\u00e3s t\u00e1cteis. Restaura o brilho sem silicones ou parabenos.<\/p>\n<h4 id=\"wd-e071d9da\" style=\"margin-bottom: var(--wd-tags-mb, 20px); font-style: normal; font-weight: var(--wd-title-font-weight); font-family: Satoshi, Arial, Helvetica, sans-serif; font-size: 18px; text-transform: none; --wd-trans-main: all .25s ease;\">Carater\u00edsticas<\/h4>\n<ul>\n<li>Limpa couro e tecido pl\u00e1stico<\/li>\n<li>Remove rapidamente as n\u00f3doas profundas<\/li>\n<li>Acabamento limpo e sem riscos<\/li>\n<li>Neutraliza os odores instantaneamente<\/li>\n<li>Seguro para o interior dos autom\u00f3veis<\/li>\n<li>F\u00f3rmula suave e n\u00e3o t\u00f3xica<\/li>\n<li>Restaura a frescura da superf\u00edcie<\/li>\n<li>F\u00e1cil de pulverizar e limpar<\/li>\n<\/ul>","protected":false},"excerpt":{"rendered":"<p>INTERIOR CLEANER possui uma f\u00f3rmula neutra de n\u00edvel profissional. Com tecnologia de decomposi\u00e7\u00e3o de emulsifica\u00e7\u00e3o incorporada que penetra rapidamente e decomp\u00f5e as n\u00f3doas dif\u00edceis, deixando os interiores como novos. Adequado para couro, pl\u00e1stico, tecido, superf\u00edcies do painel de instrumentos e outros interiores de autom\u00f3veis.<\/p>","protected":false},"featured_media":1532,"comment_status":"open","ping_status":"closed","template":"","meta":[],"product_brand":[],"product_cat":[78,76,15],"product_tag":[],"class_list":{"0":"post-149","1":"product","2":"type-product","3":"status-publish","4":"has-post-thumbnail","6":"product_cat-interior-exterior","7":"product_cat-liquids","8":"product_cat-multipurpose","10":"first","11":"instock","12":"featured","13":"shipping-taxable","14":"product-type-simple"},"_links":{"self":[{"href":"https:\/\/fraxenofficial.com\/pt\/wp-json\/wp\/v2\/product\/149","targetHints":{"allow":["GET"]}}],"collection":[{"href":"https:\/\/fraxenofficial.com\/pt\/wp-json\/wp\/v2\/product"}],"about":[{"href":"https:\/\/fraxenofficial.com\/pt\/wp-json\/wp\/v2\/types\/product"}],"replies":[{"embeddable":true,"href":"https:\/\/fraxenofficial.com\/pt\/wp-json\/wp\/v2\/comments?post=149"}],"version-history":[{"count":4,"href":"https:\/\/fraxenofficial.com\/pt\/wp-json\/wp\/v2\/product\/149\/revisions"}],"predecessor-version":[{"id":1538,"href":"https:\/\/fraxenofficial.com\/pt\/wp-json\/wp\/v2\/product\/149\/revisions\/1538"}],"wp:featuredmedia":[{"embeddable":true,"href":"https:\/\/fraxenofficial.com\/pt\/wp-json\/wp\/v2\/media\/1532"}],"wp:attachment":[{"href":"https:\/\/fraxenofficial.com\/pt\/wp-json\/wp\/v2\/media?parent=149"}],"wp:term":[{"taxonomy":"product_brand","embeddable":true,"href":"https:\/\/fraxenofficial.com\/pt\/wp-json\/wp\/v2\/product_brand?post=149"},{"taxonomy":"product_cat","embeddable":true,"href":"https:\/\/fraxenofficial.com\/pt\/wp-json\/wp\/v2\/product_cat?post=149"},{"taxonomy":"product_tag","embeddable":true,"href":"https:\/\/fraxenofficial.com\/pt\/wp-json\/wp\/v2\/product_tag?post=149"}],"curies":[{"name":"wp","href":"https:\/\/api.w.org\/{rel}","templated":true}]}}