{"id":1572,"date":"2025-04-30T10:11:49","date_gmt":"2025-04-30T10:11:49","guid":{"rendered":"https:\/\/fraxenofficial.com\/?post_type=product&#038;p=1572"},"modified":"2025-04-30T17:03:33","modified_gmt":"2025-04-30T17:03:33","slug":"underbody-sealant","status":"publish","type":"product","link":"https:\/\/fraxenofficial.com\/pt\/produto\/underbody-sealant\/","title":{"rendered":"Selante para a parte inferior da carro\u00e7aria"},"content":{"rendered":"<p><strong>Carater\u00edsticas<\/strong><\/p>\n<ul>\n<li>Resiste \u00e0 humidade e aos sais<\/li>\n<li>Evita a ferrugem do chassis<\/li>\n<li>Aumenta a durabilidade<\/li>\n<li>Ideal para ambientes agressivos<\/li>\n<li>Prote\u00e7\u00e3o duradoura<\/li>\n<li>Resistente a impactos<\/li>\n<li>Secagem r\u00e1pida e f\u00e1cil de aplicar<\/li>\n<li>F\u00f3rmula segura e amiga do ambiente<\/li>\n<\/ul>\n<p>&nbsp;<\/p>\n<p><strong>Passos para utiliza\u00e7\u00e3o<\/strong><\/p>\n<ol>\n<li>Limpe bem o chassis para remover qualquer \u00f3leo, gordura, sujidade e detritos. Utilize um desengordurante ou um produto de limpeza, se necess\u00e1rio, para garantir que a superf\u00edcie est\u00e1 completamente limpa e seca.<\/li>\n<li>Coloque a pistola de pulveriza\u00e7\u00e3o com a armadura do chassis e ajuste-a para obter uma pulveriza\u00e7\u00e3o fina e uniforme.<\/li>\n<li>Segure a pistola de pintura a uma dist\u00e2ncia de 6-8 polegadas do chassis. Pulverizar uniformemente em todas as partes expostas, assegurando uma cobertura total. Aplicar v\u00e1rias camadas finas em vez de uma camada espessa para uma melhor ader\u00eancia.<\/li>\n<li>Deixar secar o revestimento durante 20-30 minutos, para que este cure naturalmente e forme uma camada protetora s\u00f3lida.<\/li>\n<li>Repita o processo, se necess\u00e1rio, para garantir que o chassis est\u00e1 totalmente coberto e protegido, especialmente em \u00e1reas propensas a um desgaste elevado.<\/li>\n<\/ol>\n<p>&nbsp;<\/p>\n<p><strong><b>Aviso de seguran\u00e7a<\/b><\/strong><\/p>\n<ul>\n<li>Manter fora do alcance das crian\u00e7as.<\/li>\n<li>Utilizar numa \u00e1rea bem ventilada.<\/li>\n<li>Evitar o contacto com os olhos e a pele; em caso de contacto, lavar imediatamente com \u00e1gua abundante.<\/li>\n<li>Em caso de ingest\u00e3o, procurar imediatamente assist\u00eancia m\u00e9dica.<\/li>\n<li>Evitar o calor, as fa\u00edscas e as chamas abertas.<\/li>\n<li>N\u00e3o armazenar acima de 50\u00b0C (122\u00b0F).<\/li>\n<\/ul>","protected":false},"excerpt":{"rendered":"<p>FRAXEN LAB Vedante da parte inferior da carro\u00e7aria<strong><b>t<\/b><\/strong>\u00a0apresenta uma f\u00f3rmula de prote\u00e7\u00e3o de alto desempenho concebida especificamente para chassis de autom\u00f3veis e componentes-chave. O seu revestimento duradouro resiste eficazmente \u00e0 humidade, ao sal, \u00e0 corros\u00e3o e ao impacto, oferecendo uma prote\u00e7\u00e3o de longa dura\u00e7\u00e3o para evitar a ferrugem e os danos no chassis. Ideal para v\u00e1rios ve\u00edculos, especialmente os utilizados em ambientes agressivos, ajuda a prolongar a vida \u00fatil do chassis e a manter o desempenho geral do ve\u00edculo.<\/p>","protected":false},"featured_media":1615,"comment_status":"closed","ping_status":"closed","template":"","meta":[],"product_brand":[],"product_cat":[72,78],"product_tag":[],"class_list":{"0":"post-1572","1":"product","2":"type-product","3":"status-publish","4":"has-post-thumbnail","6":"product_cat-aerosols","7":"product_cat-interior-exterior","9":"first","10":"instock","11":"shipping-taxable","12":"product-type-simple"},"_links":{"self":[{"href":"https:\/\/fraxenofficial.com\/pt\/wp-json\/wp\/v2\/product\/1572","targetHints":{"allow":["GET"]}}],"collection":[{"href":"https:\/\/fraxenofficial.com\/pt\/wp-json\/wp\/v2\/product"}],"about":[{"href":"https:\/\/fraxenofficial.com\/pt\/wp-json\/wp\/v2\/types\/product"}],"replies":[{"embeddable":true,"href":"https:\/\/fraxenofficial.com\/pt\/wp-json\/wp\/v2\/comments?post=1572"}],"version-history":[{"count":4,"href":"https:\/\/fraxenofficial.com\/pt\/wp-json\/wp\/v2\/product\/1572\/revisions"}],"predecessor-version":[{"id":1654,"href":"https:\/\/fraxenofficial.com\/pt\/wp-json\/wp\/v2\/product\/1572\/revisions\/1654"}],"wp:featuredmedia":[{"embeddable":true,"href":"https:\/\/fraxenofficial.com\/pt\/wp-json\/wp\/v2\/media\/1615"}],"wp:attachment":[{"href":"https:\/\/fraxenofficial.com\/pt\/wp-json\/wp\/v2\/media?parent=1572"}],"wp:term":[{"taxonomy":"product_brand","embeddable":true,"href":"https:\/\/fraxenofficial.com\/pt\/wp-json\/wp\/v2\/product_brand?post=1572"},{"taxonomy":"product_cat","embeddable":true,"href":"https:\/\/fraxenofficial.com\/pt\/wp-json\/wp\/v2\/product_cat?post=1572"},{"taxonomy":"product_tag","embeddable":true,"href":"https:\/\/fraxenofficial.com\/pt\/wp-json\/wp\/v2\/product_tag?post=1572"}],"curies":[{"name":"wp","href":"https:\/\/api.w.org\/{rel}","templated":true}]}}