{"id":1578,"date":"2025-04-30T10:15:00","date_gmt":"2025-04-30T10:15:00","guid":{"rendered":"https:\/\/fraxenofficial.com\/?post_type=product&#038;p=1578"},"modified":"2025-05-22T03:14:46","modified_gmt":"2025-05-22T03:14:46","slug":"anti-fog","status":"publish","type":"product","link":"https:\/\/fraxenofficial.com\/pt\/produto\/anti-fog\/","title":{"rendered":"Anti-embaciamento"},"content":{"rendered":"<p><strong>Carater\u00edsticas<\/strong><\/p>\n<ul>\n<li>Evita o embaciamento<\/li>\n<li>Evita a acumula\u00e7\u00e3o de nevoeiro<\/li>\n<li>Melhora a visibilidade<\/li>\n<li>Limpa a condensa\u00e7\u00e3o<\/li>\n<li>Efeito de longa dura\u00e7\u00e3o<\/li>\n<li>F\u00f3rmula amiga do ambiente<\/li>\n<li><\/li>\n<\/ul>\n<p><strong>Passos para utiliza\u00e7\u00e3o<\/strong><\/p>\n<ol>\n<li>Limpar o vidro.<\/li>\n<li>Pulverizar uniformemente sobre o vidro.<\/li>\n<li>Limpar com um pano limpo.<\/li>\n<li>Esperar alguns minutos para secar.<\/li>\n<li>Utilizar regularmente para obter melhores resultados.<\/li>\n<\/ol>\n<p>&nbsp;<\/p>\n<p><strong><b>Aviso de seguran\u00e7a<\/b><\/strong><\/p>\n<ul>\n<li>Manter fora do alcance das crian\u00e7as.<\/li>\n<li>Utilizar numa \u00e1rea bem ventilada.<\/li>\n<li>Evitar o contacto com os olhos e a pele; se necess\u00e1rio, lavar com \u00e1gua.<\/li>\n<li>Em caso de ingest\u00e3o, procurar ajuda m\u00e9dica.<\/li>\n<li>Evitar o calor, as fa\u00edscas e as chamas.<\/li>\n<li>N\u00e3o armazenar acima de 50\u00b0C (122\u00b0F).<\/li>\n<\/ul>","protected":false},"excerpt":{"rendered":"<p>FRAXEN LAB Car Glass Anti-Fog evita o embaciamento do vidro interior do ve\u00edculo, incluindo para-brisas, janelas e espelhos. Elimina a condensa\u00e7\u00e3o e evita a acumula\u00e7\u00e3o de nevoeiro causada por diferen\u00e7as de temperatura, garantindo uma visibilidade clara e seguran\u00e7a em v\u00e1rias condi\u00e7\u00f5es climat\u00e9ricas.<\/p>","protected":false},"featured_media":1616,"comment_status":"closed","ping_status":"closed","template":"","meta":[],"product_brand":[],"product_cat":[72,78],"product_tag":[],"class_list":{"0":"post-1578","1":"product","2":"type-product","3":"status-publish","4":"has-post-thumbnail","6":"product_cat-aerosols","7":"product_cat-interior-exterior","9":"first","10":"instock","11":"shipping-taxable","12":"product-type-simple"},"_links":{"self":[{"href":"https:\/\/fraxenofficial.com\/pt\/wp-json\/wp\/v2\/product\/1578","targetHints":{"allow":["GET"]}}],"collection":[{"href":"https:\/\/fraxenofficial.com\/pt\/wp-json\/wp\/v2\/product"}],"about":[{"href":"https:\/\/fraxenofficial.com\/pt\/wp-json\/wp\/v2\/types\/product"}],"replies":[{"embeddable":true,"href":"https:\/\/fraxenofficial.com\/pt\/wp-json\/wp\/v2\/comments?post=1578"}],"version-history":[{"count":3,"href":"https:\/\/fraxenofficial.com\/pt\/wp-json\/wp\/v2\/product\/1578\/revisions"}],"predecessor-version":[{"id":1656,"href":"https:\/\/fraxenofficial.com\/pt\/wp-json\/wp\/v2\/product\/1578\/revisions\/1656"}],"wp:featuredmedia":[{"embeddable":true,"href":"https:\/\/fraxenofficial.com\/pt\/wp-json\/wp\/v2\/media\/1616"}],"wp:attachment":[{"href":"https:\/\/fraxenofficial.com\/pt\/wp-json\/wp\/v2\/media?parent=1578"}],"wp:term":[{"taxonomy":"product_brand","embeddable":true,"href":"https:\/\/fraxenofficial.com\/pt\/wp-json\/wp\/v2\/product_brand?post=1578"},{"taxonomy":"product_cat","embeddable":true,"href":"https:\/\/fraxenofficial.com\/pt\/wp-json\/wp\/v2\/product_cat?post=1578"},{"taxonomy":"product_tag","embeddable":true,"href":"https:\/\/fraxenofficial.com\/pt\/wp-json\/wp\/v2\/product_tag?post=1578"}],"curies":[{"name":"wp","href":"https:\/\/api.w.org\/{rel}","templated":true}]}}