{"id":1580,"date":"2025-04-30T10:18:37","date_gmt":"2025-04-30T10:18:37","guid":{"rendered":"https:\/\/fraxenofficial.com\/?post_type=product&#038;p=1580"},"modified":"2025-04-30T17:06:01","modified_gmt":"2025-04-30T17:06:01","slug":"windshield-polyurethane-sealant","status":"publish","type":"product","link":"https:\/\/fraxenofficial.com\/pt\/produto\/windshield-polyurethane-sealant\/","title":{"rendered":"Selante de poliuretano para para-brisas"},"content":{"rendered":"<p><strong>Carater\u00edsticas<\/strong><\/p>\n<ul>\n<li>Forte ader\u00eancia<\/li>\n<li>Resistente \u00e0s intemp\u00e9ries<\/li>\n<li>Prote\u00e7\u00e3o UV<\/li>\n<li>Elevada resist\u00eancia \u00e0 tra\u00e7\u00e3o<\/li>\n<li>Resistente a choques<\/li>\n<li>Veda\u00e7\u00e3o de longa dura\u00e7\u00e3o<\/li>\n<li>Cura r\u00e1pida<\/li>\n<li>Amigo do ambiente<\/li>\n<\/ul>\n<p>&nbsp;<\/p>\n<p><strong>Passos para utiliza\u00e7\u00e3o<\/strong><\/p>\n<ol>\n<li>Limpar a superf\u00edcie para remover a sujidade e a gordura.<\/li>\n<li>Instalar a pistola de selagem e ajustar o bico.<\/li>\n<li>Aplicar o vedante uniformemente na fenda.<\/li>\n<li>Alisar com um raspador para garantir uma cobertura homog\u00e9nea.<\/li>\n<li>Deixar curar durante 24 horas.<\/li>\n<\/ol>\n<p>&nbsp;<\/p>\n<p><strong><b>Aviso de seguran\u00e7a<\/b><\/strong><\/p>\n<ul>\n<li>Manter fora do alcance das crian\u00e7as.<\/li>\n<li>Utilizar numa \u00e1rea bem ventilada.<\/li>\n<li>Evitar o contacto com os olhos e a pele; se necess\u00e1rio, lavar com \u00e1gua.<\/li>\n<li>Em caso de ingest\u00e3o, procurar ajuda m\u00e9dica.<\/li>\n<li>Evitar as fa\u00edscas de calor e as chamas.<\/li>\n<li><b><\/b><strong><b>N\u00e3o armazenar acima de 50\u00b0C (122\u00b0F).<\/b><\/strong><\/li>\n<\/ul>","protected":false},"excerpt":{"rendered":"<p>O vedante de poliuretano para para-brisas FRAXEN LAB oferece uma forte ader\u00eancia, resist\u00eancia \u00e0s intemp\u00e9ries e prote\u00e7\u00e3o UV. Ideal para para-brisas e pe\u00e7as de autom\u00f3veis, impede a penetra\u00e7\u00e3o de \u00e1gua e poeira e assegura uma veda\u00e7\u00e3o duradoura em temperaturas extremas.<\/p>","protected":false},"featured_media":1657,"comment_status":"closed","ping_status":"closed","template":"","meta":[],"product_brand":[],"product_cat":[15],"product_tag":[],"class_list":{"0":"post-1580","1":"product","2":"type-product","3":"status-publish","4":"has-post-thumbnail","6":"product_cat-multipurpose","8":"first","9":"instock","10":"shipping-taxable","11":"product-type-simple"},"_links":{"self":[{"href":"https:\/\/fraxenofficial.com\/pt\/wp-json\/wp\/v2\/product\/1580","targetHints":{"allow":["GET"]}}],"collection":[{"href":"https:\/\/fraxenofficial.com\/pt\/wp-json\/wp\/v2\/product"}],"about":[{"href":"https:\/\/fraxenofficial.com\/pt\/wp-json\/wp\/v2\/types\/product"}],"replies":[{"embeddable":true,"href":"https:\/\/fraxenofficial.com\/pt\/wp-json\/wp\/v2\/comments?post=1580"}],"version-history":[{"count":2,"href":"https:\/\/fraxenofficial.com\/pt\/wp-json\/wp\/v2\/product\/1580\/revisions"}],"predecessor-version":[{"id":1658,"href":"https:\/\/fraxenofficial.com\/pt\/wp-json\/wp\/v2\/product\/1580\/revisions\/1658"}],"wp:featuredmedia":[{"embeddable":true,"href":"https:\/\/fraxenofficial.com\/pt\/wp-json\/wp\/v2\/media\/1657"}],"wp:attachment":[{"href":"https:\/\/fraxenofficial.com\/pt\/wp-json\/wp\/v2\/media?parent=1580"}],"wp:term":[{"taxonomy":"product_brand","embeddable":true,"href":"https:\/\/fraxenofficial.com\/pt\/wp-json\/wp\/v2\/product_brand?post=1580"},{"taxonomy":"product_cat","embeddable":true,"href":"https:\/\/fraxenofficial.com\/pt\/wp-json\/wp\/v2\/product_cat?post=1580"},{"taxonomy":"product_tag","embeddable":true,"href":"https:\/\/fraxenofficial.com\/pt\/wp-json\/wp\/v2\/product_tag?post=1580"}],"curies":[{"name":"wp","href":"https:\/\/api.w.org\/{rel}","templated":true}]}}