{"id":1584,"date":"2025-04-30T14:46:42","date_gmt":"2025-04-30T14:46:42","guid":{"rendered":"https:\/\/fraxenofficial.com\/?post_type=product&#038;p=1584"},"modified":"2025-05-23T07:41:36","modified_gmt":"2025-05-23T07:41:36","slug":"fire-retardant-expanding-foam-b1-grade","status":"publish","type":"product","link":"https:\/\/fraxenofficial.com\/pt\/produto\/fire-retardant-expanding-foam-b1-grade\/","title":{"rendered":"Espuma expansiva retardadora de fogo (grau B1)"},"content":{"rendered":"<p><strong>Carater\u00edsticas<\/strong><\/p>\n<ul>\n<li>Classifica\u00e7\u00e3o de fogo B1<\/li>\n<li>Expande-se rapidamente para preencher lacunas<\/li>\n<li>Retardador de fogo<\/li>\n<li>Isolamento t\u00e9rmico e ac\u00fastico<\/li>\n<li>Veda\u00e7\u00e3o de longa dura\u00e7\u00e3o<\/li>\n<li>Elevada resist\u00eancia \u00e0 compress\u00e3o<\/li>\n<li>F\u00f3rmula amiga do ambiente<\/li>\n<li>Adequado para todas as utiliza\u00e7\u00f5es<\/li>\n<\/ul>\n<p>&nbsp;<\/p>\n<p><strong>Passos para utiliza\u00e7\u00e3o<\/strong><\/p>\n<ol>\n<li>Limpe a superf\u00edcie para remover o p\u00f3, a gordura e os detritos.<\/li>\n<li>Agitar a lata para garantir uma distribui\u00e7\u00e3o homog\u00e9nea da espuma.<\/li>\n<li>Aponte o bocal para a abertura e pulverize a espuma uniformemente para preencher o espa\u00e7o.<\/li>\n<li>Deixar a espuma expandir-se e curar naturalmente.<\/li>\n<li>Aparar o excesso de espuma quando estiver completamente curada.<\/li>\n<\/ol>\n<p>&nbsp;<\/p>\n<p><strong><b>Aviso de seguran\u00e7a<\/b><\/strong><\/p>\n<ul>\n<li>Manter fora do alcance das crian\u00e7as.<\/li>\n<li>Utilizar numa \u00e1rea bem ventilada.<\/li>\n<li>Evitar o contacto com os olhos e a pele; em caso de contacto, lavar imediatamente com \u00e1gua abundante.<\/li>\n<li>Em caso de ingest\u00e3o, procurar imediatamente assist\u00eancia m\u00e9dica.<\/li>\n<li>Evitar o calor, as fa\u00edscas e as chamas abertas.<\/li>\n<li>N\u00e3o armazenar acima de 50\u00b0C (122\u00b0F).<\/li>\n<\/ul>","protected":false},"excerpt":{"rendered":"<p>A espuma expansiva retardante de fogo FRAXEN LAB (grau B1) \u00e9 formulada com poliuretano de elevado desempenho para vedar e isolar espa\u00e7os, proporcionando simultaneamente resist\u00eancia ao fogo. Esta espuma cumpre a norma de classifica\u00e7\u00e3o de fogo B1, impedindo eficazmente a propaga\u00e7\u00e3o de chamas, ao mesmo tempo que oferece excelentes propriedades de expans\u00e3o e veda\u00e7\u00e3o. Preenche lacunas em paredes, portas, janelas e outras estruturas, proporcionando um isolamento t\u00e9rmico e imperme\u00e1vel de longa dura\u00e7\u00e3o. Ideal para aplica\u00e7\u00f5es residenciais, industriais e de constru\u00e7\u00e3o, tamb\u00e9m oferece um isolamento ac\u00fastico e t\u00e9rmico superior, refor\u00e7ando simultaneamente a seguran\u00e7a contra inc\u00eandios.<\/p>","protected":false},"featured_media":1618,"comment_status":"closed","ping_status":"closed","template":"","meta":[],"product_brand":[],"product_cat":[72,15],"product_tag":[],"class_list":{"0":"post-1584","1":"product","2":"type-product","3":"status-publish","4":"has-post-thumbnail","6":"product_cat-aerosols","7":"product_cat-multipurpose","9":"first","10":"instock","11":"shipping-taxable","12":"product-type-simple"},"_links":{"self":[{"href":"https:\/\/fraxenofficial.com\/pt\/wp-json\/wp\/v2\/product\/1584","targetHints":{"allow":["GET"]}}],"collection":[{"href":"https:\/\/fraxenofficial.com\/pt\/wp-json\/wp\/v2\/product"}],"about":[{"href":"https:\/\/fraxenofficial.com\/pt\/wp-json\/wp\/v2\/types\/product"}],"replies":[{"embeddable":true,"href":"https:\/\/fraxenofficial.com\/pt\/wp-json\/wp\/v2\/comments?post=1584"}],"version-history":[{"count":2,"href":"https:\/\/fraxenofficial.com\/pt\/wp-json\/wp\/v2\/product\/1584\/revisions"}],"predecessor-version":[{"id":1661,"href":"https:\/\/fraxenofficial.com\/pt\/wp-json\/wp\/v2\/product\/1584\/revisions\/1661"}],"wp:featuredmedia":[{"embeddable":true,"href":"https:\/\/fraxenofficial.com\/pt\/wp-json\/wp\/v2\/media\/1618"}],"wp:attachment":[{"href":"https:\/\/fraxenofficial.com\/pt\/wp-json\/wp\/v2\/media?parent=1584"}],"wp:term":[{"taxonomy":"product_brand","embeddable":true,"href":"https:\/\/fraxenofficial.com\/pt\/wp-json\/wp\/v2\/product_brand?post=1584"},{"taxonomy":"product_cat","embeddable":true,"href":"https:\/\/fraxenofficial.com\/pt\/wp-json\/wp\/v2\/product_cat?post=1584"},{"taxonomy":"product_tag","embeddable":true,"href":"https:\/\/fraxenofficial.com\/pt\/wp-json\/wp\/v2\/product_tag?post=1584"}],"curies":[{"name":"wp","href":"https:\/\/api.w.org\/{rel}","templated":true}]}}