{"id":1586,"date":"2025-04-30T14:53:33","date_gmt":"2025-04-30T14:53:33","guid":{"rendered":"https:\/\/fraxenofficial.com\/?post_type=product&#038;p=1586"},"modified":"2025-05-22T07:36:40","modified_gmt":"2025-05-22T07:36:40","slug":"spray-paint","status":"publish","type":"product","link":"https:\/\/fraxenofficial.com\/pt\/produto\/spray-paint\/","title":{"rendered":"Tinta em spray"},"content":{"rendered":"<p><strong>Carater\u00edsticas<\/strong><\/p>\n<ul>\n<li>Cor uniforme e vibrante<\/li>\n<li>Acabamento de superf\u00edcie resistente a riscos<\/li>\n<li>Imperme\u00e1vel e resistente \u00e0s intemp\u00e9ries<\/li>\n<li>F\u00f3rmula de secagem r\u00e1pida em spray<\/li>\n<li>Para autom\u00f3veis e utiliza\u00e7\u00e3o geral<\/li>\n<li>Revestimento liso resistente ao desbotamento<\/li>\n<\/ul>\n<p>&nbsp;<\/p>\n<p><strong>Passos para utiliza\u00e7\u00e3o<\/strong><\/p>\n<ol>\n<li><b><\/b>Limpar a superf\u00edcie para remover os detritos.<\/li>\n<li>Agitar a lata para misturar a tinta.<\/li>\n<li>Pulverizar uniformemente a uma dist\u00e2ncia de 15-20 cm.<\/li>\n<li>Aplicar camadas ligeiras, evitando a pulveriza\u00e7\u00e3o excessiva.<\/li>\n<li>Deixar secar, aplicar mais dem\u00e3os se necess\u00e1rio.<\/li>\n<li>Alisar a superf\u00edcie ap\u00f3s a secagem.<\/li>\n<\/ol>\n<p>&nbsp;<\/p>\n<p><strong><b>Aviso de seguran\u00e7a<\/b><\/strong><\/p>\n<ul>\n<li>Manter fora do alcance das crian\u00e7as.<\/li>\n<li>Utilizar numa \u00e1rea bem ventilada.<\/li>\n<li>Evitar o contacto com os olhos e a pele; enxaguar se necess\u00e1rio.<\/li>\n<li>Em caso de ingest\u00e3o, procurar ajuda m\u00e9dica.<\/li>\n<li>Evitar o calor, as fa\u00edscas e as chamas.<\/li>\n<li>N\u00e3o armazenar acima de 50\u00b0C (122\u00b0F).<\/li>\n<\/ul>","protected":false},"excerpt":{"rendered":"<p>A tinta em spray FRAXEN LAB foi formulada para ser utilizada em autom\u00f3veis, motociclos, bicicletas e outros artigos do quotidiano. A sua camada suave e uniforme proporciona uma cor vibrante e uma durabilidade duradoura, resistindo eficazmente a riscos, desbotamento e desgaste di\u00e1rio. Quer se trate de renovar ou reparar ve\u00edculos, esta tinta em spray proporciona resultados de alta qualidade. \u00c9 f\u00e1cil de utilizar, perfeita para projectos de bricolage e repara\u00e7\u00f5es profissionais.<\/p>","protected":false},"featured_media":1619,"comment_status":"closed","ping_status":"closed","template":"","meta":[],"product_brand":[],"product_cat":[72,78,15],"product_tag":[],"class_list":{"0":"post-1586","1":"product","2":"type-product","3":"status-publish","4":"has-post-thumbnail","6":"product_cat-aerosols","7":"product_cat-interior-exterior","8":"product_cat-multipurpose","10":"first","11":"instock","12":"shipping-taxable","13":"product-type-simple"},"_links":{"self":[{"href":"https:\/\/fraxenofficial.com\/pt\/wp-json\/wp\/v2\/product\/1586","targetHints":{"allow":["GET"]}}],"collection":[{"href":"https:\/\/fraxenofficial.com\/pt\/wp-json\/wp\/v2\/product"}],"about":[{"href":"https:\/\/fraxenofficial.com\/pt\/wp-json\/wp\/v2\/types\/product"}],"replies":[{"embeddable":true,"href":"https:\/\/fraxenofficial.com\/pt\/wp-json\/wp\/v2\/comments?post=1586"}],"version-history":[{"count":2,"href":"https:\/\/fraxenofficial.com\/pt\/wp-json\/wp\/v2\/product\/1586\/revisions"}],"predecessor-version":[{"id":1662,"href":"https:\/\/fraxenofficial.com\/pt\/wp-json\/wp\/v2\/product\/1586\/revisions\/1662"}],"wp:featuredmedia":[{"embeddable":true,"href":"https:\/\/fraxenofficial.com\/pt\/wp-json\/wp\/v2\/media\/1619"}],"wp:attachment":[{"href":"https:\/\/fraxenofficial.com\/pt\/wp-json\/wp\/v2\/media?parent=1586"}],"wp:term":[{"taxonomy":"product_brand","embeddable":true,"href":"https:\/\/fraxenofficial.com\/pt\/wp-json\/wp\/v2\/product_brand?post=1586"},{"taxonomy":"product_cat","embeddable":true,"href":"https:\/\/fraxenofficial.com\/pt\/wp-json\/wp\/v2\/product_cat?post=1586"},{"taxonomy":"product_tag","embeddable":true,"href":"https:\/\/fraxenofficial.com\/pt\/wp-json\/wp\/v2\/product_tag?post=1586"}],"curies":[{"name":"wp","href":"https:\/\/api.w.org\/{rel}","templated":true}]}}