{"id":1592,"date":"2025-04-30T15:35:45","date_gmt":"2025-04-30T15:35:45","guid":{"rendered":"https:\/\/fraxenofficial.com\/?post_type=product&#038;p=1592"},"modified":"2025-05-23T07:42:04","modified_gmt":"2025-05-23T07:42:04","slug":"leak-stop-spray","status":"publish","type":"product","link":"https:\/\/fraxenofficial.com\/pt\/produto\/leak-stop-spray\/","title":{"rendered":"Spray anti-fugas"},"content":{"rendered":"<p><strong><b>Carater\u00edsticas<\/b><\/strong><\/p>\n<ul>\n<li>Sela rapidamente as fugas<\/li>\n<li>Forte efeito de veda\u00e7\u00e3o<\/li>\n<li>Funciona em metal, pl\u00e1stico e borracha<\/li>\n<li>Prote\u00e7\u00e3o de longa dura\u00e7\u00e3o<\/li>\n<li>Secagem r\u00e1pida<\/li>\n<li>Evita a infiltra\u00e7\u00e3o de \u00e1gua<\/li>\n<\/ul>\n<p>&nbsp;<\/p>\n<p><strong><b>Passos para utiliza\u00e7\u00e3o<\/b><\/strong><\/p>\n<ul>\n<li>Limpar a superf\u00edcie para remover os detritos.<\/li>\n<li>Agitar bem a lata.<\/li>\n<li>Aponte o bocal para a fuga e pulverize uniformemente.<\/li>\n<li>Deixar secar e curar.<\/li>\n<li>Verificar o resultado para garantir que a fuga foi estancada.<\/li>\n<\/ul>\n<p>&nbsp;<\/p>\n<p><strong><b>Aviso de seguran\u00e7a<\/b><\/strong><\/p>\n<ul>\n<li>Manter fora do alcance das crian\u00e7as.<\/li>\n<li>Utilizar numa \u00e1rea bem ventilada.<\/li>\n<li>Evitar o contacto com os olhos e a pele; enxaguar se necess\u00e1rio.<\/li>\n<li>Em caso de ingest\u00e3o, procurar ajuda m\u00e9dica.<\/li>\n<li>Evitar o calor, as fa\u00edscas e as chamas.<\/li>\n<li>N\u00e3o armazenar acima de 50\u00b0C (122\u00b0F).<\/li>\n<\/ul>","protected":false},"excerpt":{"rendered":"<p>FRAXEN LAB Leak Stop Spray veda rapidamente fissuras e buracos em autom\u00f3veis, electrodom\u00e9sticos, canaliza\u00e7\u00f5es, casas e equipamento industrial. Funciona em metal, pl\u00e1stico e borracha, proporcionando uma veda\u00e7\u00e3o imediata para evitar mais danos causados por fugas.<\/p>","protected":false},"featured_media":1622,"comment_status":"closed","ping_status":"closed","template":"","meta":[],"product_brand":[],"product_cat":[72,15],"product_tag":[],"class_list":{"0":"post-1592","1":"product","2":"type-product","3":"status-publish","4":"has-post-thumbnail","6":"product_cat-aerosols","7":"product_cat-multipurpose","9":"first","10":"instock","11":"shipping-taxable","12":"product-type-simple"},"_links":{"self":[{"href":"https:\/\/fraxenofficial.com\/pt\/wp-json\/wp\/v2\/product\/1592","targetHints":{"allow":["GET"]}}],"collection":[{"href":"https:\/\/fraxenofficial.com\/pt\/wp-json\/wp\/v2\/product"}],"about":[{"href":"https:\/\/fraxenofficial.com\/pt\/wp-json\/wp\/v2\/types\/product"}],"replies":[{"embeddable":true,"href":"https:\/\/fraxenofficial.com\/pt\/wp-json\/wp\/v2\/comments?post=1592"}],"version-history":[{"count":2,"href":"https:\/\/fraxenofficial.com\/pt\/wp-json\/wp\/v2\/product\/1592\/revisions"}],"predecessor-version":[{"id":1714,"href":"https:\/\/fraxenofficial.com\/pt\/wp-json\/wp\/v2\/product\/1592\/revisions\/1714"}],"wp:featuredmedia":[{"embeddable":true,"href":"https:\/\/fraxenofficial.com\/pt\/wp-json\/wp\/v2\/media\/1622"}],"wp:attachment":[{"href":"https:\/\/fraxenofficial.com\/pt\/wp-json\/wp\/v2\/media?parent=1592"}],"wp:term":[{"taxonomy":"product_brand","embeddable":true,"href":"https:\/\/fraxenofficial.com\/pt\/wp-json\/wp\/v2\/product_brand?post=1592"},{"taxonomy":"product_cat","embeddable":true,"href":"https:\/\/fraxenofficial.com\/pt\/wp-json\/wp\/v2\/product_cat?post=1592"},{"taxonomy":"product_tag","embeddable":true,"href":"https:\/\/fraxenofficial.com\/pt\/wp-json\/wp\/v2\/product_tag?post=1592"}],"curies":[{"name":"wp","href":"https:\/\/api.w.org\/{rel}","templated":true}]}}