{"id":1644,"date":"2025-04-30T16:39:55","date_gmt":"2025-04-30T16:39:55","guid":{"rendered":"https:\/\/fraxenofficial.com\/?post_type=product&#038;p=1644"},"modified":"2025-04-30T16:39:55","modified_gmt":"2025-04-30T16:39:55","slug":"freshguard","status":"publish","type":"product","link":"https:\/\/fraxenofficial.com\/pt\/produto\/freshguard\/","title":{"rendered":"FreshGuard"},"content":{"rendered":"<p><strong><b>Carater\u00edsticas<\/b><\/strong><\/p>\n<ul>\n<li>Deixa uma fragr\u00e2ncia fresca<\/li>\n<li>F\u00f3rmula de secagem r\u00e1pida<\/li>\n<li>Adequado para v\u00e1rios tecidos<\/li>\n<li>N\u00e3o t\u00f3xico e amigo do ambiente<\/li>\n<li>Ideal para roupeiros e arruma\u00e7\u00f5es<\/li>\n<li>Port\u00e1til e f\u00e1cil de transportar<\/li>\n<\/ul>\n<p>&nbsp;<\/p>","protected":false},"excerpt":{"rendered":"<p>FRAXEN LAB FreshGuard elimina os odores das roupas, sapatos e \u00e1reas de armazenamento. Neutraliza os odores e deixa uma fragr\u00e2ncia fresca. Ideal para roupeiros, sapateiras e outros locais de arruma\u00e7\u00e3o, mant\u00e9m a frescura e melhora o seu espa\u00e7o de vida.<\/p>","protected":false},"featured_media":1598,"comment_status":"closed","ping_status":"closed","template":"","meta":[],"product_brand":[],"product_cat":[78,76,15],"product_tag":[],"class_list":{"0":"post-1644","1":"product","2":"type-product","3":"status-publish","4":"has-post-thumbnail","6":"product_cat-interior-exterior","7":"product_cat-liquids","8":"product_cat-multipurpose","10":"first","11":"instock","12":"shipping-taxable","13":"product-type-simple"},"_links":{"self":[{"href":"https:\/\/fraxenofficial.com\/pt\/wp-json\/wp\/v2\/product\/1644","targetHints":{"allow":["GET"]}}],"collection":[{"href":"https:\/\/fraxenofficial.com\/pt\/wp-json\/wp\/v2\/product"}],"about":[{"href":"https:\/\/fraxenofficial.com\/pt\/wp-json\/wp\/v2\/types\/product"}],"replies":[{"embeddable":true,"href":"https:\/\/fraxenofficial.com\/pt\/wp-json\/wp\/v2\/comments?post=1644"}],"version-history":[{"count":1,"href":"https:\/\/fraxenofficial.com\/pt\/wp-json\/wp\/v2\/product\/1644\/revisions"}],"predecessor-version":[{"id":1645,"href":"https:\/\/fraxenofficial.com\/pt\/wp-json\/wp\/v2\/product\/1644\/revisions\/1645"}],"wp:featuredmedia":[{"embeddable":true,"href":"https:\/\/fraxenofficial.com\/pt\/wp-json\/wp\/v2\/media\/1598"}],"wp:attachment":[{"href":"https:\/\/fraxenofficial.com\/pt\/wp-json\/wp\/v2\/media?parent=1644"}],"wp:term":[{"taxonomy":"product_brand","embeddable":true,"href":"https:\/\/fraxenofficial.com\/pt\/wp-json\/wp\/v2\/product_brand?post=1644"},{"taxonomy":"product_cat","embeddable":true,"href":"https:\/\/fraxenofficial.com\/pt\/wp-json\/wp\/v2\/product_cat?post=1644"},{"taxonomy":"product_tag","embeddable":true,"href":"https:\/\/fraxenofficial.com\/pt\/wp-json\/wp\/v2\/product_tag?post=1644"}],"curies":[{"name":"wp","href":"https:\/\/api.w.org\/{rel}","templated":true}]}}