{"id":1646,"date":"2025-04-30T16:43:23","date_gmt":"2025-04-30T16:43:23","guid":{"rendered":"https:\/\/fraxenofficial.com\/?post_type=product&#038;p=1646"},"modified":"2025-04-30T16:43:23","modified_gmt":"2025-04-30T16:43:23","slug":"silicone-sealant","status":"publish","type":"product","link":"https:\/\/fraxenofficial.com\/pt\/produto\/silicone-sealant\/","title":{"rendered":"Selante de silicone"},"content":{"rendered":"<p><strong><b>Carater\u00edsticas<\/b><\/strong><\/p>\n<ul>\n<li>Forte ader\u00eancia e resist\u00eancia aos raios UV<\/li>\n<li>Imperme\u00e1vel e resistente \u00e0 temperatura<\/li>\n<li>Cura r\u00e1pida e f\u00e1cil de aplicar<\/li>\n<li>F\u00f3rmula ecol\u00f3gica e n\u00e3o t\u00f3xica<\/li>\n<\/ul>","protected":false},"excerpt":{"rendered":"<p>O selante de silicone FRAXEN LAB \u00e9 um adesivo de silicone de um componente, de cura por humidade, concebido para selar e unir superf\u00edcies de vidro. Forma uma veda\u00e7\u00e3o dur\u00e1vel, \u00e0 prova de intemp\u00e9ries e flex\u00edvel que resiste aos raios UV, \u00e0s mudan\u00e7as de temperatura e \u00e0 humidade. Ideal para utiliza\u00e7\u00e3o em janelas, cabines de duche, divis\u00f3rias de vidro e outras aplica\u00e7\u00f5es de vidro interiores ou exteriores.<\/p>","protected":false},"featured_media":1600,"comment_status":"closed","ping_status":"closed","template":"","meta":[],"product_brand":[],"product_cat":[15],"product_tag":[],"class_list":{"0":"post-1646","1":"product","2":"type-product","3":"status-publish","4":"has-post-thumbnail","6":"product_cat-multipurpose","8":"first","9":"instock","10":"shipping-taxable","11":"product-type-simple"},"_links":{"self":[{"href":"https:\/\/fraxenofficial.com\/pt\/wp-json\/wp\/v2\/product\/1646","targetHints":{"allow":["GET"]}}],"collection":[{"href":"https:\/\/fraxenofficial.com\/pt\/wp-json\/wp\/v2\/product"}],"about":[{"href":"https:\/\/fraxenofficial.com\/pt\/wp-json\/wp\/v2\/types\/product"}],"replies":[{"embeddable":true,"href":"https:\/\/fraxenofficial.com\/pt\/wp-json\/wp\/v2\/comments?post=1646"}],"version-history":[{"count":1,"href":"https:\/\/fraxenofficial.com\/pt\/wp-json\/wp\/v2\/product\/1646\/revisions"}],"predecessor-version":[{"id":1647,"href":"https:\/\/fraxenofficial.com\/pt\/wp-json\/wp\/v2\/product\/1646\/revisions\/1647"}],"wp:featuredmedia":[{"embeddable":true,"href":"https:\/\/fraxenofficial.com\/pt\/wp-json\/wp\/v2\/media\/1600"}],"wp:attachment":[{"href":"https:\/\/fraxenofficial.com\/pt\/wp-json\/wp\/v2\/media?parent=1646"}],"wp:term":[{"taxonomy":"product_brand","embeddable":true,"href":"https:\/\/fraxenofficial.com\/pt\/wp-json\/wp\/v2\/product_brand?post=1646"},{"taxonomy":"product_cat","embeddable":true,"href":"https:\/\/fraxenofficial.com\/pt\/wp-json\/wp\/v2\/product_cat?post=1646"},{"taxonomy":"product_tag","embeddable":true,"href":"https:\/\/fraxenofficial.com\/pt\/wp-json\/wp\/v2\/product_tag?post=1646"}],"curies":[{"name":"wp","href":"https:\/\/api.w.org\/{rel}","templated":true}]}}